{"id":1229,"date":"2025-08-26T12:42:18","date_gmt":"2025-08-26T17:42:18","guid":{"rendered":"https:\/\/systisen.com\/index.php\/product\/arduino-uno-r3-tipo-smd-cable-usb\/"},"modified":"2025-08-26T12:42:19","modified_gmt":"2025-08-26T17:42:19","slug":"arduino-uno-r3-tipo-smd-cable-usb","status":"publish","type":"product","link":"https:\/\/systisen.com\/index.php\/product\/arduino-uno-r3-tipo-smd-cable-usb\/","title":{"rendered":"Arduino Uno R3 tipo SMD + Cable USB"},"content":{"rendered":"<p>El UNO R3 compatible con Arduino\u00ae, es una tarjeta ideal para iniciar el estudio de Electr\u00f3nica y la programaci\u00f3n de microcontroladores.  es la placa m\u00e1s robusta para principiantes con la que puedes comenzar. Es muy utilizado y documentado debido a sus grandes prestaciones, facilidad de programaci\u00f3n y bajo precio.<br \/>\nUtiliza un ATmega328P SMD (de montaje superficial). El chip de comunicaci\u00f3n USB CH340G, adem\u00e1s cuenta con m\u00e1s opciones para los pines de conexi\u00f3n.<br \/>\nESPECIFICACIONES<br \/>\nCompatible con Arduino\u00ae<br \/>\nEl CH340G reemplaza al ATmega16U2<br \/>\nMicrocontrolador principal: ATmega328P tipo SMD<br \/>\nCorriente DC por pin E\/S: 40mA<br \/>\nVoltaje de operaci\u00f3n: 5V<br \/>\nVoltaje de entrada en el jack de alimentaci\u00f3n (recomendado): 7-12V<br \/>\nPines de E\/S digitales: 14 (de los cuales 6 proporcionan salida PWM)<br \/>\nPines de entrada anal\u00f3gica: 6<br \/>\nCorriente DC por pin de 3.3V: 50mA<br \/>\nMemoria Flash: 32 KB (ATmega328P) de los cuales 0.5 KB utilizados por el gestor de arranque (bootloader)<br \/>\nSRAM: 2 KB (ATmega328P)<br \/>\nEEPROM: 1 KB (ATmega328P)<br \/>\nVelocidad del reloj: 16 MHZ<br \/>\nChip USB: CH340G<\/p>\n<p>Incluye:<br \/>\n1 Arduino UNO R3 SMD<br \/>\n1 Cable USB<\/p>\n","protected":false},"excerpt":{"rendered":"<p>El UNO R3 compatible con Arduino\u00ae, es una tarjeta ideal para iniciar el estudio de Electr\u00f3nica y la programaci\u00f3n de microcontroladores. es la placa m\u00e1s robusta para principiantes con la que puedes comenzar. Es muy utilizado y documentado debido a sus grandes prestaciones, facilidad de programaci\u00f3n y bajo precio. Utiliza un ATmega328P SMD (de montaje [&hellip;]<\/p>\n","protected":false},"featured_media":1131,"template":"","meta":{"site-sidebar-layout":"default","site-content-layout":"","ast-site-content-layout":"default","site-content-style":"default","site-sidebar-style":"default","ast-global-header-display":"","ast-banner-title-visibility":"","ast-main-header-display":"","ast-hfb-above-header-display":"","ast-hfb-below-header-display":"","ast-hfb-mobile-header-display":"","site-post-title":"","ast-breadcrumbs-content":"","ast-featured-img":"","footer-sml-layout":"","theme-transparent-header-meta":"","adv-header-id-meta":"","stick-header-meta":"","header-above-stick-meta":"","header-main-stick-meta":"","header-below-stick-meta":"","astra-migrate-meta-layouts":"default","ast-page-background-enabled":"default","ast-page-background-meta":{"desktop":{"background-color":"var(--ast-global-color-4)","background-image":"","background-repeat":"repeat","background-position":"center center","background-size":"auto","background-attachment":"scroll","background-type":"","background-media":"","overlay-type":"","overlay-color":"","overlay-opacity":"","overlay-gradient":""},"tablet":{"background-color":"","background-image":"","background-repeat":"repeat","background-position":"center center","background-size":"auto","background-attachment":"scroll","background-type":"","background-media":"","overlay-type":"","overlay-color":"","overlay-opacity":"","overlay-gradient":""},"mobile":{"background-color":"","background-image":"","background-repeat":"repeat","background-position":"center center","background-size":"auto","background-attachment":"scroll","background-type":"","background-media":"","overlay-type":"","overlay-color":"","overlay-opacity":"","overlay-gradient":""}},"ast-content-background-meta":{"desktop":{"background-color":"var(--ast-global-color-5)","background-image":"","background-repeat":"repeat","background-position":"center center","background-size":"auto","background-attachment":"scroll","background-type":"","background-media":"","overlay-type":"","overlay-color":"","overlay-opacity":"","overlay-gradient":""},"tablet":{"background-color":"var(--ast-global-color-5)","background-image":"","background-repeat":"repeat","background-position":"center center","background-size":"auto","background-attachment":"scroll","background-type":"","background-media":"","overlay-type":"","overlay-color":"","overlay-opacity":"","overlay-gradient":""},"mobile":{"background-color":"var(--ast-global-color-5)","background-image":"","background-repeat":"repeat","background-position":"center center","background-size":"auto","background-attachment":"scroll","background-type":"","background-media":"","overlay-type":"","overlay-color":"","overlay-opacity":"","overlay-gradient":""}},"_joinchat":[]},"product_brand":[],"product_cat":[34],"product_tag":[36],"class_list":{"0":"post-1229","1":"product","2":"type-product","3":"status-publish","4":"has-post-thumbnail","6":"product_cat-modulos-de-desarrollo","7":"product_tag-arduino-uno-r3-atmega328p-tipo-dip-desmontable","8":"desktop-align-left","9":"tablet-align-left","10":"mobile-align-left","12":"first","13":"instock","14":"taxable","15":"shipping-taxable","16":"purchasable","17":"product-type-simple"},"yoast_head":"<!-- This site is optimized with the Yoast SEO Premium plugin v21.5 (Yoast SEO v25.7) - https:\/\/yoast.com\/wordpress\/plugins\/seo\/ -->\n<title>Arduino Uno R3 tipo SMD + Cable USB - Systisen<\/title>\n<meta name=\"robots\" content=\"index, follow, max-snippet:-1, max-image-preview:large, max-video-preview:-1\" \/>\n<link rel=\"canonical\" href=\"https:\/\/systisen.com\/index.php\/product\/arduino-uno-r3-tipo-smd-cable-usb\/\" \/>\n<meta property=\"og:locale\" content=\"es_ES\" \/>\n<meta property=\"og:type\" content=\"article\" \/>\n<meta property=\"og:title\" content=\"Arduino Uno R3 tipo SMD + Cable USB\" \/>\n<meta property=\"og:description\" content=\"El UNO R3 compatible con Arduino\u00ae, es una tarjeta ideal para iniciar el estudio de Electr\u00f3nica y la programaci\u00f3n de microcontroladores. es la placa m\u00e1s robusta para principiantes con la que puedes comenzar. Es muy utilizado y documentado debido a sus grandes prestaciones, facilidad de programaci\u00f3n y bajo precio. Utiliza un ATmega328P SMD (de montaje [&hellip;]\" \/>\n<meta property=\"og:url\" content=\"https:\/\/systisen.com\/index.php\/product\/arduino-uno-r3-tipo-smd-cable-usb\/\" \/>\n<meta property=\"og:site_name\" content=\"Systisen\" \/>\n<meta property=\"article:modified_time\" content=\"2025-08-26T17:42:19+00:00\" \/>\n<meta name=\"twitter:card\" content=\"summary_large_image\" \/>\n<meta name=\"twitter:label1\" content=\"Tiempo de lectura\" \/>\n\t<meta name=\"twitter:data1\" content=\"1 minuto\" \/>\n<script type=\"application\/ld+json\" class=\"yoast-schema-graph\">{\"@context\":\"https:\/\/schema.org\",\"@graph\":[{\"@type\":\"WebPage\",\"@id\":\"https:\/\/systisen.com\/index.php\/product\/arduino-uno-r3-tipo-smd-cable-usb\/\",\"url\":\"https:\/\/systisen.com\/index.php\/product\/arduino-uno-r3-tipo-smd-cable-usb\/\",\"name\":\"Arduino Uno R3 tipo SMD + Cable USB - Systisen\",\"isPartOf\":{\"@id\":\"https:\/\/systisen.com\/#website\"},\"primaryImageOfPage\":{\"@id\":\"https:\/\/systisen.com\/index.php\/product\/arduino-uno-r3-tipo-smd-cable-usb\/#primaryimage\"},\"image\":{\"@id\":\"https:\/\/systisen.com\/index.php\/product\/arduino-uno-r3-tipo-smd-cable-usb\/#primaryimage\"},\"thumbnailUrl\":\"https:\/\/systisen.com\/wp-content\/uploads\/2025\/08\/2.-Arduino-Uno-R3-tipo-SMD-Cable-USB_F.jpg\",\"datePublished\":\"2025-08-26T17:42:18+00:00\",\"dateModified\":\"2025-08-26T17:42:19+00:00\",\"breadcrumb\":{\"@id\":\"https:\/\/systisen.com\/index.php\/product\/arduino-uno-r3-tipo-smd-cable-usb\/#breadcrumb\"},\"inLanguage\":\"es\",\"potentialAction\":[{\"@type\":\"ReadAction\",\"target\":[\"https:\/\/systisen.com\/index.php\/product\/arduino-uno-r3-tipo-smd-cable-usb\/\"]}]},{\"@type\":\"ImageObject\",\"inLanguage\":\"es\",\"@id\":\"https:\/\/systisen.com\/index.php\/product\/arduino-uno-r3-tipo-smd-cable-usb\/#primaryimage\",\"url\":\"https:\/\/systisen.com\/wp-content\/uploads\/2025\/08\/2.-Arduino-Uno-R3-tipo-SMD-Cable-USB_F.jpg\",\"contentUrl\":\"https:\/\/systisen.com\/wp-content\/uploads\/2025\/08\/2.-Arduino-Uno-R3-tipo-SMD-Cable-USB_F.jpg\",\"width\":1080,\"height\":1080},{\"@type\":\"BreadcrumbList\",\"@id\":\"https:\/\/systisen.com\/index.php\/product\/arduino-uno-r3-tipo-smd-cable-usb\/#breadcrumb\",\"itemListElement\":[{\"@type\":\"ListItem\",\"position\":1,\"name\":\"Portada\",\"item\":\"https:\/\/systisen.com\/\"},{\"@type\":\"ListItem\",\"position\":2,\"name\":\"Tienda en l\u00ednea\",\"item\":\"https:\/\/systisen.com\/index.php\/tienda-en-linea\/\"},{\"@type\":\"ListItem\",\"position\":3,\"name\":\"Arduino Uno R3 tipo SMD + Cable USB\"}]},{\"@type\":\"WebSite\",\"@id\":\"https:\/\/systisen.com\/#website\",\"url\":\"https:\/\/systisen.com\/\",\"name\":\"Systisen\",\"description\":\"Ingenier\u00eda El\u00e9ctrica y Electr\u00f3nica\",\"publisher\":{\"@id\":\"https:\/\/systisen.com\/#organization\"},\"potentialAction\":[{\"@type\":\"SearchAction\",\"target\":{\"@type\":\"EntryPoint\",\"urlTemplate\":\"https:\/\/systisen.com\/?s={search_term_string}\"},\"query-input\":{\"@type\":\"PropertyValueSpecification\",\"valueRequired\":true,\"valueName\":\"search_term_string\"}}],\"inLanguage\":\"es\"},{\"@type\":\"Organization\",\"@id\":\"https:\/\/systisen.com\/#organization\",\"name\":\"Systisen\",\"url\":\"https:\/\/systisen.com\/\",\"logo\":{\"@type\":\"ImageObject\",\"inLanguage\":\"es\",\"@id\":\"https:\/\/systisen.com\/#\/schema\/logo\/image\/\",\"url\":\"https:\/\/systisen.com\/wp-content\/uploads\/2023\/12\/cropped-logo.png\",\"contentUrl\":\"https:\/\/systisen.com\/wp-content\/uploads\/2023\/12\/cropped-logo.png\",\"width\":371,\"height\":344,\"caption\":\"Systisen\"},\"image\":{\"@id\":\"https:\/\/systisen.com\/#\/schema\/logo\/image\/\"}}]}<\/script>\n<!-- \/ Yoast SEO Premium plugin. -->","yoast_head_json":{"title":"Arduino Uno R3 tipo SMD + Cable USB - Systisen","robots":{"index":"index","follow":"follow","max-snippet":"max-snippet:-1","max-image-preview":"max-image-preview:large","max-video-preview":"max-video-preview:-1"},"canonical":"https:\/\/systisen.com\/index.php\/product\/arduino-uno-r3-tipo-smd-cable-usb\/","og_locale":"es_ES","og_type":"article","og_title":"Arduino Uno R3 tipo SMD + Cable USB","og_description":"El UNO R3 compatible con Arduino\u00ae, es una tarjeta ideal para iniciar el estudio de Electr\u00f3nica y la programaci\u00f3n de microcontroladores. es la placa m\u00e1s robusta para principiantes con la que puedes comenzar. Es muy utilizado y documentado debido a sus grandes prestaciones, facilidad de programaci\u00f3n y bajo precio. Utiliza un ATmega328P SMD (de montaje [&hellip;]","og_url":"https:\/\/systisen.com\/index.php\/product\/arduino-uno-r3-tipo-smd-cable-usb\/","og_site_name":"Systisen","article_modified_time":"2025-08-26T17:42:19+00:00","twitter_card":"summary_large_image","twitter_misc":{"Tiempo de lectura":"1 minuto"},"schema":{"@context":"https:\/\/schema.org","@graph":[{"@type":"WebPage","@id":"https:\/\/systisen.com\/index.php\/product\/arduino-uno-r3-tipo-smd-cable-usb\/","url":"https:\/\/systisen.com\/index.php\/product\/arduino-uno-r3-tipo-smd-cable-usb\/","name":"Arduino Uno R3 tipo SMD + Cable USB - Systisen","isPartOf":{"@id":"https:\/\/systisen.com\/#website"},"primaryImageOfPage":{"@id":"https:\/\/systisen.com\/index.php\/product\/arduino-uno-r3-tipo-smd-cable-usb\/#primaryimage"},"image":{"@id":"https:\/\/systisen.com\/index.php\/product\/arduino-uno-r3-tipo-smd-cable-usb\/#primaryimage"},"thumbnailUrl":"https:\/\/systisen.com\/wp-content\/uploads\/2025\/08\/2.-Arduino-Uno-R3-tipo-SMD-Cable-USB_F.jpg","datePublished":"2025-08-26T17:42:18+00:00","dateModified":"2025-08-26T17:42:19+00:00","breadcrumb":{"@id":"https:\/\/systisen.com\/index.php\/product\/arduino-uno-r3-tipo-smd-cable-usb\/#breadcrumb"},"inLanguage":"es","potentialAction":[{"@type":"ReadAction","target":["https:\/\/systisen.com\/index.php\/product\/arduino-uno-r3-tipo-smd-cable-usb\/"]}]},{"@type":"ImageObject","inLanguage":"es","@id":"https:\/\/systisen.com\/index.php\/product\/arduino-uno-r3-tipo-smd-cable-usb\/#primaryimage","url":"https:\/\/systisen.com\/wp-content\/uploads\/2025\/08\/2.-Arduino-Uno-R3-tipo-SMD-Cable-USB_F.jpg","contentUrl":"https:\/\/systisen.com\/wp-content\/uploads\/2025\/08\/2.-Arduino-Uno-R3-tipo-SMD-Cable-USB_F.jpg","width":1080,"height":1080},{"@type":"BreadcrumbList","@id":"https:\/\/systisen.com\/index.php\/product\/arduino-uno-r3-tipo-smd-cable-usb\/#breadcrumb","itemListElement":[{"@type":"ListItem","position":1,"name":"Portada","item":"https:\/\/systisen.com\/"},{"@type":"ListItem","position":2,"name":"Tienda en l\u00ednea","item":"https:\/\/systisen.com\/index.php\/tienda-en-linea\/"},{"@type":"ListItem","position":3,"name":"Arduino Uno R3 tipo SMD + Cable USB"}]},{"@type":"WebSite","@id":"https:\/\/systisen.com\/#website","url":"https:\/\/systisen.com\/","name":"Systisen","description":"Ingenier\u00eda El\u00e9ctrica y Electr\u00f3nica","publisher":{"@id":"https:\/\/systisen.com\/#organization"},"potentialAction":[{"@type":"SearchAction","target":{"@type":"EntryPoint","urlTemplate":"https:\/\/systisen.com\/?s={search_term_string}"},"query-input":{"@type":"PropertyValueSpecification","valueRequired":true,"valueName":"search_term_string"}}],"inLanguage":"es"},{"@type":"Organization","@id":"https:\/\/systisen.com\/#organization","name":"Systisen","url":"https:\/\/systisen.com\/","logo":{"@type":"ImageObject","inLanguage":"es","@id":"https:\/\/systisen.com\/#\/schema\/logo\/image\/","url":"https:\/\/systisen.com\/wp-content\/uploads\/2023\/12\/cropped-logo.png","contentUrl":"https:\/\/systisen.com\/wp-content\/uploads\/2023\/12\/cropped-logo.png","width":371,"height":344,"caption":"Systisen"},"image":{"@id":"https:\/\/systisen.com\/#\/schema\/logo\/image\/"}}]}},"_links":{"self":[{"href":"https:\/\/systisen.com\/index.php\/wp-json\/wp\/v2\/product\/1229","targetHints":{"allow":["GET"]}}],"collection":[{"href":"https:\/\/systisen.com\/index.php\/wp-json\/wp\/v2\/product"}],"about":[{"href":"https:\/\/systisen.com\/index.php\/wp-json\/wp\/v2\/types\/product"}],"wp:featuredmedia":[{"embeddable":true,"href":"https:\/\/systisen.com\/index.php\/wp-json\/wp\/v2\/media\/1131"}],"wp:attachment":[{"href":"https:\/\/systisen.com\/index.php\/wp-json\/wp\/v2\/media?parent=1229"}],"wp:term":[{"taxonomy":"product_brand","embeddable":true,"href":"https:\/\/systisen.com\/index.php\/wp-json\/wp\/v2\/product_brand?post=1229"},{"taxonomy":"product_cat","embeddable":true,"href":"https:\/\/systisen.com\/index.php\/wp-json\/wp\/v2\/product_cat?post=1229"},{"taxonomy":"product_tag","embeddable":true,"href":"https:\/\/systisen.com\/index.php\/wp-json\/wp\/v2\/product_tag?post=1229"}],"curies":[{"name":"wp","href":"https:\/\/api.w.org\/{rel}","templated":true}]}}