{"id":1231,"date":"2025-08-26T12:42:20","date_gmt":"2025-08-26T17:42:20","guid":{"rendered":"https:\/\/systisen.com\/index.php\/product\/arduino-mega-2560-r3\/"},"modified":"2025-08-26T12:42:21","modified_gmt":"2025-08-26T17:42:21","slug":"arduino-mega-2560-r3","status":"publish","type":"product","link":"https:\/\/systisen.com\/index.php\/product\/arduino-mega-2560-r3\/","title":{"rendered":"Arduino Mega 2560 R3"},"content":{"rendered":"<p>La tarjeta Mega 2560 R3 (rev3) compatible con Arduino\u00ae es una placa o tarjeta electr\u00f3nica basada en el microcontrolador ATmega2560 de Atmel. Contiene todos los elementos adicionales necesarios para el funcionamiento del microcontrolador.<br \/>\nEspecificaciones<br \/>\nCompatible con Arduino\u00ae<br \/>\n54 pines digitales de E\/S (de los cuales 15 se pueden utilizar como salidas PWM)<br \/>\n16 entradas anal\u00f3gicas<br \/>\n4 UARTs (puertos seriales)<br \/>\nVelocidad del reloj (oscilador) 16MHz<br \/>\nUna conexi\u00f3n USB<br \/>\nUn conector de alimentaci\u00f3n<br \/>\nUn conector ICSP<br \/>\nUn bot\u00f3n de reinicio (reset)<br \/>\nMicrocontrolador principal: ATmega2560<br \/>\nChip de comunicaci\u00f3n con el computador: Atmega16U2<br \/>\nVoltaje de funcionamiento 5V<br \/>\nVoltaje de entrada (recomendado) 7-12VCD<br \/>\nCorriente continua por pin E\/S 20mA<br \/>\nCorriente de los pines de 3.3V 50 mA<br \/>\nLED incorporado en el pin 13<br \/>\nMemoria Flash de 256KB para almacenar el c\u00f3digo, de los cuales 8KB son utilizados por el gestor de arranque (bootloader)<br \/>\nSRAM 8KB<br \/>\nEEPROM 4KB (que se puede leer y escribir con la biblioteca EEPROM)<br \/>\nIncluye<br \/>\n1 Arduino Mega 2560 R3<br \/>\n1 Cable USB<\/p>\n","protected":false},"excerpt":{"rendered":"<p>La tarjeta Mega 2560 R3 (rev3) compatible con Arduino\u00ae es una placa o tarjeta electr\u00f3nica basada en el microcontrolador ATmega2560 de Atmel. Contiene todos los elementos adicionales necesarios para el funcionamiento del microcontrolador. Especificaciones Compatible con Arduino\u00ae 54 pines digitales de E\/S (de los cuales 15 se pueden utilizar como salidas PWM) 16 entradas anal\u00f3gicas [&hellip;]<\/p>\n","protected":false},"featured_media":1133,"template":"","meta":{"site-sidebar-layout":"default","site-content-layout":"","ast-site-content-layout":"default","site-content-style":"default","site-sidebar-style":"default","ast-global-header-display":"","ast-banner-title-visibility":"","ast-main-header-display":"","ast-hfb-above-header-display":"","ast-hfb-below-header-display":"","ast-hfb-mobile-header-display":"","site-post-title":"","ast-breadcrumbs-content":"","ast-featured-img":"","footer-sml-layout":"","theme-transparent-header-meta":"","adv-header-id-meta":"","stick-header-meta":"","header-above-stick-meta":"","header-main-stick-meta":"","header-below-stick-meta":"","astra-migrate-meta-layouts":"default","ast-page-background-enabled":"default","ast-page-background-meta":{"desktop":{"background-color":"var(--ast-global-color-4)","background-image":"","background-repeat":"repeat","background-position":"center center","background-size":"auto","background-attachment":"scroll","background-type":"","background-media":"","overlay-type":"","overlay-color":"","overlay-opacity":"","overlay-gradient":""},"tablet":{"background-color":"","background-image":"","background-repeat":"repeat","background-position":"center center","background-size":"auto","background-attachment":"scroll","background-type":"","background-media":"","overlay-type":"","overlay-color":"","overlay-opacity":"","overlay-gradient":""},"mobile":{"background-color":"","background-image":"","background-repeat":"repeat","background-position":"center center","background-size":"auto","background-attachment":"scroll","background-type":"","background-media":"","overlay-type":"","overlay-color":"","overlay-opacity":"","overlay-gradient":""}},"ast-content-background-meta":{"desktop":{"background-color":"var(--ast-global-color-5)","background-image":"","background-repeat":"repeat","background-position":"center center","background-size":"auto","background-attachment":"scroll","background-type":"","background-media":"","overlay-type":"","overlay-color":"","overlay-opacity":"","overlay-gradient":""},"tablet":{"background-color":"var(--ast-global-color-5)","background-image":"","background-repeat":"repeat","background-position":"center center","background-size":"auto","background-attachment":"scroll","background-type":"","background-media":"","overlay-type":"","overlay-color":"","overlay-opacity":"","overlay-gradient":""},"mobile":{"background-color":"var(--ast-global-color-5)","background-image":"","background-repeat":"repeat","background-position":"center center","background-size":"auto","background-attachment":"scroll","background-type":"","background-media":"","overlay-type":"","overlay-color":"","overlay-opacity":"","overlay-gradient":""}},"_joinchat":[]},"product_brand":[],"product_cat":[34],"product_tag":[37],"class_list":{"0":"post-1231","1":"product","2":"type-product","3":"status-publish","4":"has-post-thumbnail","6":"product_cat-modulos-de-desarrollo","7":"product_tag-arduino-mega-2560-smd","8":"desktop-align-left","9":"tablet-align-left","10":"mobile-align-left","12":"first","13":"instock","14":"taxable","15":"shipping-taxable","16":"purchasable","17":"product-type-simple"},"yoast_head":"<!-- This site is optimized with the Yoast SEO Premium plugin v21.5 (Yoast SEO v25.7) - https:\/\/yoast.com\/wordpress\/plugins\/seo\/ -->\n<title>Arduino Mega 2560 R3 - Systisen<\/title>\n<meta name=\"robots\" content=\"index, follow, max-snippet:-1, max-image-preview:large, max-video-preview:-1\" \/>\n<link rel=\"canonical\" href=\"https:\/\/systisen.com\/index.php\/product\/arduino-mega-2560-r3\/\" \/>\n<meta property=\"og:locale\" content=\"es_ES\" \/>\n<meta property=\"og:type\" content=\"article\" \/>\n<meta property=\"og:title\" content=\"Arduino Mega 2560 R3\" \/>\n<meta property=\"og:description\" content=\"La tarjeta Mega 2560 R3 (rev3) compatible con Arduino\u00ae es una placa o tarjeta electr\u00f3nica basada en el microcontrolador ATmega2560 de Atmel. Contiene todos los elementos adicionales necesarios para el funcionamiento del microcontrolador. Especificaciones Compatible con Arduino\u00ae 54 pines digitales de E\/S (de los cuales 15 se pueden utilizar como salidas PWM) 16 entradas anal\u00f3gicas [&hellip;]\" \/>\n<meta property=\"og:url\" content=\"https:\/\/systisen.com\/index.php\/product\/arduino-mega-2560-r3\/\" \/>\n<meta property=\"og:site_name\" content=\"Systisen\" \/>\n<meta property=\"article:modified_time\" content=\"2025-08-26T17:42:21+00:00\" \/>\n<meta name=\"twitter:card\" content=\"summary_large_image\" \/>\n<meta name=\"twitter:label1\" content=\"Tiempo de lectura\" \/>\n\t<meta name=\"twitter:data1\" content=\"1 minuto\" \/>\n<script type=\"application\/ld+json\" class=\"yoast-schema-graph\">{\"@context\":\"https:\/\/schema.org\",\"@graph\":[{\"@type\":\"WebPage\",\"@id\":\"https:\/\/systisen.com\/index.php\/product\/arduino-mega-2560-r3\/\",\"url\":\"https:\/\/systisen.com\/index.php\/product\/arduino-mega-2560-r3\/\",\"name\":\"Arduino Mega 2560 R3 - Systisen\",\"isPartOf\":{\"@id\":\"https:\/\/systisen.com\/#website\"},\"primaryImageOfPage\":{\"@id\":\"https:\/\/systisen.com\/index.php\/product\/arduino-mega-2560-r3\/#primaryimage\"},\"image\":{\"@id\":\"https:\/\/systisen.com\/index.php\/product\/arduino-mega-2560-r3\/#primaryimage\"},\"thumbnailUrl\":\"https:\/\/systisen.com\/wp-content\/uploads\/2025\/08\/4.-Arduino-Mega-2560-R3_F.jpg\",\"datePublished\":\"2025-08-26T17:42:20+00:00\",\"dateModified\":\"2025-08-26T17:42:21+00:00\",\"breadcrumb\":{\"@id\":\"https:\/\/systisen.com\/index.php\/product\/arduino-mega-2560-r3\/#breadcrumb\"},\"inLanguage\":\"es\",\"potentialAction\":[{\"@type\":\"ReadAction\",\"target\":[\"https:\/\/systisen.com\/index.php\/product\/arduino-mega-2560-r3\/\"]}]},{\"@type\":\"ImageObject\",\"inLanguage\":\"es\",\"@id\":\"https:\/\/systisen.com\/index.php\/product\/arduino-mega-2560-r3\/#primaryimage\",\"url\":\"https:\/\/systisen.com\/wp-content\/uploads\/2025\/08\/4.-Arduino-Mega-2560-R3_F.jpg\",\"contentUrl\":\"https:\/\/systisen.com\/wp-content\/uploads\/2025\/08\/4.-Arduino-Mega-2560-R3_F.jpg\",\"width\":1080,\"height\":1080},{\"@type\":\"BreadcrumbList\",\"@id\":\"https:\/\/systisen.com\/index.php\/product\/arduino-mega-2560-r3\/#breadcrumb\",\"itemListElement\":[{\"@type\":\"ListItem\",\"position\":1,\"name\":\"Portada\",\"item\":\"https:\/\/systisen.com\/\"},{\"@type\":\"ListItem\",\"position\":2,\"name\":\"Tienda en l\u00ednea\",\"item\":\"https:\/\/systisen.com\/index.php\/tienda-en-linea\/\"},{\"@type\":\"ListItem\",\"position\":3,\"name\":\"Arduino Mega 2560 R3\"}]},{\"@type\":\"WebSite\",\"@id\":\"https:\/\/systisen.com\/#website\",\"url\":\"https:\/\/systisen.com\/\",\"name\":\"Systisen\",\"description\":\"Ingenier\u00eda El\u00e9ctrica y Electr\u00f3nica\",\"publisher\":{\"@id\":\"https:\/\/systisen.com\/#organization\"},\"potentialAction\":[{\"@type\":\"SearchAction\",\"target\":{\"@type\":\"EntryPoint\",\"urlTemplate\":\"https:\/\/systisen.com\/?s={search_term_string}\"},\"query-input\":{\"@type\":\"PropertyValueSpecification\",\"valueRequired\":true,\"valueName\":\"search_term_string\"}}],\"inLanguage\":\"es\"},{\"@type\":\"Organization\",\"@id\":\"https:\/\/systisen.com\/#organization\",\"name\":\"Systisen\",\"url\":\"https:\/\/systisen.com\/\",\"logo\":{\"@type\":\"ImageObject\",\"inLanguage\":\"es\",\"@id\":\"https:\/\/systisen.com\/#\/schema\/logo\/image\/\",\"url\":\"https:\/\/systisen.com\/wp-content\/uploads\/2023\/12\/cropped-logo.png\",\"contentUrl\":\"https:\/\/systisen.com\/wp-content\/uploads\/2023\/12\/cropped-logo.png\",\"width\":371,\"height\":344,\"caption\":\"Systisen\"},\"image\":{\"@id\":\"https:\/\/systisen.com\/#\/schema\/logo\/image\/\"}}]}<\/script>\n<!-- \/ Yoast SEO Premium plugin. -->","yoast_head_json":{"title":"Arduino Mega 2560 R3 - Systisen","robots":{"index":"index","follow":"follow","max-snippet":"max-snippet:-1","max-image-preview":"max-image-preview:large","max-video-preview":"max-video-preview:-1"},"canonical":"https:\/\/systisen.com\/index.php\/product\/arduino-mega-2560-r3\/","og_locale":"es_ES","og_type":"article","og_title":"Arduino Mega 2560 R3","og_description":"La tarjeta Mega 2560 R3 (rev3) compatible con Arduino\u00ae es una placa o tarjeta electr\u00f3nica basada en el microcontrolador ATmega2560 de Atmel. Contiene todos los elementos adicionales necesarios para el funcionamiento del microcontrolador. Especificaciones Compatible con Arduino\u00ae 54 pines digitales de E\/S (de los cuales 15 se pueden utilizar como salidas PWM) 16 entradas anal\u00f3gicas [&hellip;]","og_url":"https:\/\/systisen.com\/index.php\/product\/arduino-mega-2560-r3\/","og_site_name":"Systisen","article_modified_time":"2025-08-26T17:42:21+00:00","twitter_card":"summary_large_image","twitter_misc":{"Tiempo de lectura":"1 minuto"},"schema":{"@context":"https:\/\/schema.org","@graph":[{"@type":"WebPage","@id":"https:\/\/systisen.com\/index.php\/product\/arduino-mega-2560-r3\/","url":"https:\/\/systisen.com\/index.php\/product\/arduino-mega-2560-r3\/","name":"Arduino Mega 2560 R3 - Systisen","isPartOf":{"@id":"https:\/\/systisen.com\/#website"},"primaryImageOfPage":{"@id":"https:\/\/systisen.com\/index.php\/product\/arduino-mega-2560-r3\/#primaryimage"},"image":{"@id":"https:\/\/systisen.com\/index.php\/product\/arduino-mega-2560-r3\/#primaryimage"},"thumbnailUrl":"https:\/\/systisen.com\/wp-content\/uploads\/2025\/08\/4.-Arduino-Mega-2560-R3_F.jpg","datePublished":"2025-08-26T17:42:20+00:00","dateModified":"2025-08-26T17:42:21+00:00","breadcrumb":{"@id":"https:\/\/systisen.com\/index.php\/product\/arduino-mega-2560-r3\/#breadcrumb"},"inLanguage":"es","potentialAction":[{"@type":"ReadAction","target":["https:\/\/systisen.com\/index.php\/product\/arduino-mega-2560-r3\/"]}]},{"@type":"ImageObject","inLanguage":"es","@id":"https:\/\/systisen.com\/index.php\/product\/arduino-mega-2560-r3\/#primaryimage","url":"https:\/\/systisen.com\/wp-content\/uploads\/2025\/08\/4.-Arduino-Mega-2560-R3_F.jpg","contentUrl":"https:\/\/systisen.com\/wp-content\/uploads\/2025\/08\/4.-Arduino-Mega-2560-R3_F.jpg","width":1080,"height":1080},{"@type":"BreadcrumbList","@id":"https:\/\/systisen.com\/index.php\/product\/arduino-mega-2560-r3\/#breadcrumb","itemListElement":[{"@type":"ListItem","position":1,"name":"Portada","item":"https:\/\/systisen.com\/"},{"@type":"ListItem","position":2,"name":"Tienda en l\u00ednea","item":"https:\/\/systisen.com\/index.php\/tienda-en-linea\/"},{"@type":"ListItem","position":3,"name":"Arduino Mega 2560 R3"}]},{"@type":"WebSite","@id":"https:\/\/systisen.com\/#website","url":"https:\/\/systisen.com\/","name":"Systisen","description":"Ingenier\u00eda El\u00e9ctrica y Electr\u00f3nica","publisher":{"@id":"https:\/\/systisen.com\/#organization"},"potentialAction":[{"@type":"SearchAction","target":{"@type":"EntryPoint","urlTemplate":"https:\/\/systisen.com\/?s={search_term_string}"},"query-input":{"@type":"PropertyValueSpecification","valueRequired":true,"valueName":"search_term_string"}}],"inLanguage":"es"},{"@type":"Organization","@id":"https:\/\/systisen.com\/#organization","name":"Systisen","url":"https:\/\/systisen.com\/","logo":{"@type":"ImageObject","inLanguage":"es","@id":"https:\/\/systisen.com\/#\/schema\/logo\/image\/","url":"https:\/\/systisen.com\/wp-content\/uploads\/2023\/12\/cropped-logo.png","contentUrl":"https:\/\/systisen.com\/wp-content\/uploads\/2023\/12\/cropped-logo.png","width":371,"height":344,"caption":"Systisen"},"image":{"@id":"https:\/\/systisen.com\/#\/schema\/logo\/image\/"}}]}},"_links":{"self":[{"href":"https:\/\/systisen.com\/index.php\/wp-json\/wp\/v2\/product\/1231","targetHints":{"allow":["GET"]}}],"collection":[{"href":"https:\/\/systisen.com\/index.php\/wp-json\/wp\/v2\/product"}],"about":[{"href":"https:\/\/systisen.com\/index.php\/wp-json\/wp\/v2\/types\/product"}],"wp:featuredmedia":[{"embeddable":true,"href":"https:\/\/systisen.com\/index.php\/wp-json\/wp\/v2\/media\/1133"}],"wp:attachment":[{"href":"https:\/\/systisen.com\/index.php\/wp-json\/wp\/v2\/media?parent=1231"}],"wp:term":[{"taxonomy":"product_brand","embeddable":true,"href":"https:\/\/systisen.com\/index.php\/wp-json\/wp\/v2\/product_brand?post=1231"},{"taxonomy":"product_cat","embeddable":true,"href":"https:\/\/systisen.com\/index.php\/wp-json\/wp\/v2\/product_cat?post=1231"},{"taxonomy":"product_tag","embeddable":true,"href":"https:\/\/systisen.com\/index.php\/wp-json\/wp\/v2\/product_tag?post=1231"}],"curies":[{"name":"wp","href":"https:\/\/api.w.org\/{rel}","templated":true}]}}