{"id":1233,"date":"2025-08-26T12:42:22","date_gmt":"2025-08-26T17:42:22","guid":{"rendered":"https:\/\/systisen.com\/index.php\/product\/raspberry-pi-pico-microcontrolador-rp2040\/"},"modified":"2025-08-26T12:42:23","modified_gmt":"2025-08-26T17:42:23","slug":"raspberry-pi-pico-microcontrolador-rp2040","status":"publish","type":"product","link":"https:\/\/systisen.com\/index.php\/product\/raspberry-pi-pico-microcontrolador-rp2040\/","title":{"rendered":"Raspberry Pi Pico Microcontrolador RP2040"},"content":{"rendered":"<p>El nuevo chip RP2040 es un potente ARM Cortex M0+ de dos n\u00facleos funcionando a 133 MHz. <\/p>\n<p>La Raspberry Pi Pico proporciona el hardware m\u00ednimo para trabajar con el nuevo RP2040 (Flash, cristal, fuente de alimentaci\u00f3n y conector USB). La mayor\u00eda de los pines del microcontrolador RP2040 est\u00e1n disponibles en el borde izquierdo y derecho de la placa.<\/p>\n<p>La Raspberry Pi Pico utiliza un regulador SMPS buck-boost integrado que puede generar los 3,3 voltios necesarios (para alimentar el RP2040 y los circuitos externos) a partir de una amplia gama de voltajes de entrada (desde 1,8 a 5,5 V). Esto permite una flexibilidad significativa para alimentar la unidad desde varias fuentes, como una bater\u00eda Lipo de 3.7V o 3 pilas AA en serie<\/p>\n<p>Incluye<\/p>\n<p>1 Raspberry Pi Pico Microcontrolador Rp2040<br \/>\n1 Cable USB<\/p>\n","protected":false},"excerpt":{"rendered":"<p>El nuevo chip RP2040 es un potente ARM Cortex M0+ de dos n\u00facleos funcionando a 133 MHz. La Raspberry Pi Pico proporciona el hardware m\u00ednimo para trabajar con el nuevo RP2040 (Flash, cristal, fuente de alimentaci\u00f3n y conector USB). La mayor\u00eda de los pines del microcontrolador RP2040 est\u00e1n disponibles en el borde izquierdo y derecho [&hellip;]<\/p>\n","protected":false},"featured_media":1135,"template":"","meta":{"site-sidebar-layout":"default","site-content-layout":"","ast-site-content-layout":"default","site-content-style":"default","site-sidebar-style":"default","ast-global-header-display":"","ast-banner-title-visibility":"","ast-main-header-display":"","ast-hfb-above-header-display":"","ast-hfb-below-header-display":"","ast-hfb-mobile-header-display":"","site-post-title":"","ast-breadcrumbs-content":"","ast-featured-img":"","footer-sml-layout":"","theme-transparent-header-meta":"","adv-header-id-meta":"","stick-header-meta":"","header-above-stick-meta":"","header-main-stick-meta":"","header-below-stick-meta":"","astra-migrate-meta-layouts":"default","ast-page-background-enabled":"default","ast-page-background-meta":{"desktop":{"background-color":"var(--ast-global-color-4)","background-image":"","background-repeat":"repeat","background-position":"center center","background-size":"auto","background-attachment":"scroll","background-type":"","background-media":"","overlay-type":"","overlay-color":"","overlay-opacity":"","overlay-gradient":""},"tablet":{"background-color":"","background-image":"","background-repeat":"repeat","background-position":"center center","background-size":"auto","background-attachment":"scroll","background-type":"","background-media":"","overlay-type":"","overlay-color":"","overlay-opacity":"","overlay-gradient":""},"mobile":{"background-color":"","background-image":"","background-repeat":"repeat","background-position":"center center","background-size":"auto","background-attachment":"scroll","background-type":"","background-media":"","overlay-type":"","overlay-color":"","overlay-opacity":"","overlay-gradient":""}},"ast-content-background-meta":{"desktop":{"background-color":"var(--ast-global-color-5)","background-image":"","background-repeat":"repeat","background-position":"center center","background-size":"auto","background-attachment":"scroll","background-type":"","background-media":"","overlay-type":"","overlay-color":"","overlay-opacity":"","overlay-gradient":""},"tablet":{"background-color":"var(--ast-global-color-5)","background-image":"","background-repeat":"repeat","background-position":"center center","background-size":"auto","background-attachment":"scroll","background-type":"","background-media":"","overlay-type":"","overlay-color":"","overlay-opacity":"","overlay-gradient":""},"mobile":{"background-color":"var(--ast-global-color-5)","background-image":"","background-repeat":"repeat","background-position":"center center","background-size":"auto","background-attachment":"scroll","background-type":"","background-media":"","overlay-type":"","overlay-color":"","overlay-opacity":"","overlay-gradient":""}},"_joinchat":[]},"product_brand":[],"product_cat":[34],"product_tag":[39],"class_list":{"0":"post-1233","1":"product","2":"type-product","3":"status-publish","4":"has-post-thumbnail","6":"product_cat-modulos-de-desarrollo","7":"product_tag-raspberry-pi-pico-microcontrolador-rp2040","8":"desktop-align-left","9":"tablet-align-left","10":"mobile-align-left","12":"first","13":"instock","14":"taxable","15":"shipping-taxable","16":"purchasable","17":"product-type-simple"},"yoast_head":"<!-- This site is optimized with the Yoast SEO Premium plugin v21.5 (Yoast SEO v25.7) - https:\/\/yoast.com\/wordpress\/plugins\/seo\/ -->\n<title>Raspberry Pi Pico Microcontrolador RP2040 - Systisen<\/title>\n<meta name=\"robots\" content=\"index, follow, max-snippet:-1, max-image-preview:large, max-video-preview:-1\" \/>\n<link rel=\"canonical\" href=\"https:\/\/systisen.com\/index.php\/product\/raspberry-pi-pico-microcontrolador-rp2040\/\" \/>\n<meta property=\"og:locale\" content=\"es_ES\" \/>\n<meta property=\"og:type\" content=\"article\" \/>\n<meta property=\"og:title\" content=\"Raspberry Pi Pico Microcontrolador RP2040\" \/>\n<meta property=\"og:description\" content=\"El nuevo chip RP2040 es un potente ARM Cortex M0+ de dos n\u00facleos funcionando a 133 MHz. La Raspberry Pi Pico proporciona el hardware m\u00ednimo para trabajar con el nuevo RP2040 (Flash, cristal, fuente de alimentaci\u00f3n y conector USB). La mayor\u00eda de los pines del microcontrolador RP2040 est\u00e1n disponibles en el borde izquierdo y derecho [&hellip;]\" \/>\n<meta property=\"og:url\" content=\"https:\/\/systisen.com\/index.php\/product\/raspberry-pi-pico-microcontrolador-rp2040\/\" \/>\n<meta property=\"og:site_name\" content=\"Systisen\" \/>\n<meta property=\"article:modified_time\" content=\"2025-08-26T17:42:23+00:00\" \/>\n<meta name=\"twitter:card\" content=\"summary_large_image\" \/>\n<meta name=\"twitter:label1\" content=\"Tiempo de lectura\" \/>\n\t<meta name=\"twitter:data1\" content=\"1 minuto\" \/>\n<script type=\"application\/ld+json\" class=\"yoast-schema-graph\">{\"@context\":\"https:\/\/schema.org\",\"@graph\":[{\"@type\":\"WebPage\",\"@id\":\"https:\/\/systisen.com\/index.php\/product\/raspberry-pi-pico-microcontrolador-rp2040\/\",\"url\":\"https:\/\/systisen.com\/index.php\/product\/raspberry-pi-pico-microcontrolador-rp2040\/\",\"name\":\"Raspberry Pi Pico Microcontrolador RP2040 - Systisen\",\"isPartOf\":{\"@id\":\"https:\/\/systisen.com\/#website\"},\"primaryImageOfPage\":{\"@id\":\"https:\/\/systisen.com\/index.php\/product\/raspberry-pi-pico-microcontrolador-rp2040\/#primaryimage\"},\"image\":{\"@id\":\"https:\/\/systisen.com\/index.php\/product\/raspberry-pi-pico-microcontrolador-rp2040\/#primaryimage\"},\"thumbnailUrl\":\"https:\/\/systisen.com\/wp-content\/uploads\/2025\/08\/6.-Raspberry-Pi-Pico-Microcontrolador-RP2040_F.jpg\",\"datePublished\":\"2025-08-26T17:42:22+00:00\",\"dateModified\":\"2025-08-26T17:42:23+00:00\",\"breadcrumb\":{\"@id\":\"https:\/\/systisen.com\/index.php\/product\/raspberry-pi-pico-microcontrolador-rp2040\/#breadcrumb\"},\"inLanguage\":\"es\",\"potentialAction\":[{\"@type\":\"ReadAction\",\"target\":[\"https:\/\/systisen.com\/index.php\/product\/raspberry-pi-pico-microcontrolador-rp2040\/\"]}]},{\"@type\":\"ImageObject\",\"inLanguage\":\"es\",\"@id\":\"https:\/\/systisen.com\/index.php\/product\/raspberry-pi-pico-microcontrolador-rp2040\/#primaryimage\",\"url\":\"https:\/\/systisen.com\/wp-content\/uploads\/2025\/08\/6.-Raspberry-Pi-Pico-Microcontrolador-RP2040_F.jpg\",\"contentUrl\":\"https:\/\/systisen.com\/wp-content\/uploads\/2025\/08\/6.-Raspberry-Pi-Pico-Microcontrolador-RP2040_F.jpg\",\"width\":1080,\"height\":1080},{\"@type\":\"BreadcrumbList\",\"@id\":\"https:\/\/systisen.com\/index.php\/product\/raspberry-pi-pico-microcontrolador-rp2040\/#breadcrumb\",\"itemListElement\":[{\"@type\":\"ListItem\",\"position\":1,\"name\":\"Portada\",\"item\":\"https:\/\/systisen.com\/\"},{\"@type\":\"ListItem\",\"position\":2,\"name\":\"Tienda en l\u00ednea\",\"item\":\"https:\/\/systisen.com\/index.php\/tienda-en-linea\/\"},{\"@type\":\"ListItem\",\"position\":3,\"name\":\"Raspberry Pi Pico Microcontrolador RP2040\"}]},{\"@type\":\"WebSite\",\"@id\":\"https:\/\/systisen.com\/#website\",\"url\":\"https:\/\/systisen.com\/\",\"name\":\"Systisen\",\"description\":\"Ingenier\u00eda El\u00e9ctrica y Electr\u00f3nica\",\"publisher\":{\"@id\":\"https:\/\/systisen.com\/#organization\"},\"potentialAction\":[{\"@type\":\"SearchAction\",\"target\":{\"@type\":\"EntryPoint\",\"urlTemplate\":\"https:\/\/systisen.com\/?s={search_term_string}\"},\"query-input\":{\"@type\":\"PropertyValueSpecification\",\"valueRequired\":true,\"valueName\":\"search_term_string\"}}],\"inLanguage\":\"es\"},{\"@type\":\"Organization\",\"@id\":\"https:\/\/systisen.com\/#organization\",\"name\":\"Systisen\",\"url\":\"https:\/\/systisen.com\/\",\"logo\":{\"@type\":\"ImageObject\",\"inLanguage\":\"es\",\"@id\":\"https:\/\/systisen.com\/#\/schema\/logo\/image\/\",\"url\":\"https:\/\/systisen.com\/wp-content\/uploads\/2023\/12\/cropped-logo.png\",\"contentUrl\":\"https:\/\/systisen.com\/wp-content\/uploads\/2023\/12\/cropped-logo.png\",\"width\":371,\"height\":344,\"caption\":\"Systisen\"},\"image\":{\"@id\":\"https:\/\/systisen.com\/#\/schema\/logo\/image\/\"}}]}<\/script>\n<!-- \/ Yoast SEO Premium plugin. -->","yoast_head_json":{"title":"Raspberry Pi Pico Microcontrolador RP2040 - Systisen","robots":{"index":"index","follow":"follow","max-snippet":"max-snippet:-1","max-image-preview":"max-image-preview:large","max-video-preview":"max-video-preview:-1"},"canonical":"https:\/\/systisen.com\/index.php\/product\/raspberry-pi-pico-microcontrolador-rp2040\/","og_locale":"es_ES","og_type":"article","og_title":"Raspberry Pi Pico Microcontrolador RP2040","og_description":"El nuevo chip RP2040 es un potente ARM Cortex M0+ de dos n\u00facleos funcionando a 133 MHz. La Raspberry Pi Pico proporciona el hardware m\u00ednimo para trabajar con el nuevo RP2040 (Flash, cristal, fuente de alimentaci\u00f3n y conector USB). La mayor\u00eda de los pines del microcontrolador RP2040 est\u00e1n disponibles en el borde izquierdo y derecho [&hellip;]","og_url":"https:\/\/systisen.com\/index.php\/product\/raspberry-pi-pico-microcontrolador-rp2040\/","og_site_name":"Systisen","article_modified_time":"2025-08-26T17:42:23+00:00","twitter_card":"summary_large_image","twitter_misc":{"Tiempo de lectura":"1 minuto"},"schema":{"@context":"https:\/\/schema.org","@graph":[{"@type":"WebPage","@id":"https:\/\/systisen.com\/index.php\/product\/raspberry-pi-pico-microcontrolador-rp2040\/","url":"https:\/\/systisen.com\/index.php\/product\/raspberry-pi-pico-microcontrolador-rp2040\/","name":"Raspberry Pi Pico Microcontrolador RP2040 - Systisen","isPartOf":{"@id":"https:\/\/systisen.com\/#website"},"primaryImageOfPage":{"@id":"https:\/\/systisen.com\/index.php\/product\/raspberry-pi-pico-microcontrolador-rp2040\/#primaryimage"},"image":{"@id":"https:\/\/systisen.com\/index.php\/product\/raspberry-pi-pico-microcontrolador-rp2040\/#primaryimage"},"thumbnailUrl":"https:\/\/systisen.com\/wp-content\/uploads\/2025\/08\/6.-Raspberry-Pi-Pico-Microcontrolador-RP2040_F.jpg","datePublished":"2025-08-26T17:42:22+00:00","dateModified":"2025-08-26T17:42:23+00:00","breadcrumb":{"@id":"https:\/\/systisen.com\/index.php\/product\/raspberry-pi-pico-microcontrolador-rp2040\/#breadcrumb"},"inLanguage":"es","potentialAction":[{"@type":"ReadAction","target":["https:\/\/systisen.com\/index.php\/product\/raspberry-pi-pico-microcontrolador-rp2040\/"]}]},{"@type":"ImageObject","inLanguage":"es","@id":"https:\/\/systisen.com\/index.php\/product\/raspberry-pi-pico-microcontrolador-rp2040\/#primaryimage","url":"https:\/\/systisen.com\/wp-content\/uploads\/2025\/08\/6.-Raspberry-Pi-Pico-Microcontrolador-RP2040_F.jpg","contentUrl":"https:\/\/systisen.com\/wp-content\/uploads\/2025\/08\/6.-Raspberry-Pi-Pico-Microcontrolador-RP2040_F.jpg","width":1080,"height":1080},{"@type":"BreadcrumbList","@id":"https:\/\/systisen.com\/index.php\/product\/raspberry-pi-pico-microcontrolador-rp2040\/#breadcrumb","itemListElement":[{"@type":"ListItem","position":1,"name":"Portada","item":"https:\/\/systisen.com\/"},{"@type":"ListItem","position":2,"name":"Tienda en l\u00ednea","item":"https:\/\/systisen.com\/index.php\/tienda-en-linea\/"},{"@type":"ListItem","position":3,"name":"Raspberry Pi Pico Microcontrolador RP2040"}]},{"@type":"WebSite","@id":"https:\/\/systisen.com\/#website","url":"https:\/\/systisen.com\/","name":"Systisen","description":"Ingenier\u00eda El\u00e9ctrica y Electr\u00f3nica","publisher":{"@id":"https:\/\/systisen.com\/#organization"},"potentialAction":[{"@type":"SearchAction","target":{"@type":"EntryPoint","urlTemplate":"https:\/\/systisen.com\/?s={search_term_string}"},"query-input":{"@type":"PropertyValueSpecification","valueRequired":true,"valueName":"search_term_string"}}],"inLanguage":"es"},{"@type":"Organization","@id":"https:\/\/systisen.com\/#organization","name":"Systisen","url":"https:\/\/systisen.com\/","logo":{"@type":"ImageObject","inLanguage":"es","@id":"https:\/\/systisen.com\/#\/schema\/logo\/image\/","url":"https:\/\/systisen.com\/wp-content\/uploads\/2023\/12\/cropped-logo.png","contentUrl":"https:\/\/systisen.com\/wp-content\/uploads\/2023\/12\/cropped-logo.png","width":371,"height":344,"caption":"Systisen"},"image":{"@id":"https:\/\/systisen.com\/#\/schema\/logo\/image\/"}}]}},"_links":{"self":[{"href":"https:\/\/systisen.com\/index.php\/wp-json\/wp\/v2\/product\/1233","targetHints":{"allow":["GET"]}}],"collection":[{"href":"https:\/\/systisen.com\/index.php\/wp-json\/wp\/v2\/product"}],"about":[{"href":"https:\/\/systisen.com\/index.php\/wp-json\/wp\/v2\/types\/product"}],"wp:featuredmedia":[{"embeddable":true,"href":"https:\/\/systisen.com\/index.php\/wp-json\/wp\/v2\/media\/1135"}],"wp:attachment":[{"href":"https:\/\/systisen.com\/index.php\/wp-json\/wp\/v2\/media?parent=1233"}],"wp:term":[{"taxonomy":"product_brand","embeddable":true,"href":"https:\/\/systisen.com\/index.php\/wp-json\/wp\/v2\/product_brand?post=1233"},{"taxonomy":"product_cat","embeddable":true,"href":"https:\/\/systisen.com\/index.php\/wp-json\/wp\/v2\/product_cat?post=1233"},{"taxonomy":"product_tag","embeddable":true,"href":"https:\/\/systisen.com\/index.php\/wp-json\/wp\/v2\/product_tag?post=1233"}],"curies":[{"name":"wp","href":"https:\/\/api.w.org\/{rel}","templated":true}]}}