{"id":1235,"date":"2025-08-26T12:42:24","date_gmt":"2025-08-26T17:42:24","guid":{"rendered":"https:\/\/systisen.com\/index.php\/product\/modulo-stm32-stm32f103c8t6-arm-st-link-v2-cortex\/"},"modified":"2025-08-26T12:42:25","modified_gmt":"2025-08-26T17:42:25","slug":"modulo-stm32-stm32f103c8t6-arm-st-link-v2-cortex","status":"publish","type":"product","link":"https:\/\/systisen.com\/index.php\/product\/modulo-stm32-stm32f103c8t6-arm-st-link-v2-cortex\/","title":{"rendered":"Modulo STM32 Stm32f103c8t6 Arm St-link V2 Cortex"},"content":{"rendered":"<p>La familia de l\u00edneas de STM32F103C8T6 incorpora el n\u00facleo RISC de 32 bits ARM\u00aeCortex\u00ae-M3 de alto rendimiento que funciona a una frecuencia de 72 MHz, una amplia gama de E \/ S mejoradas y perif\u00e9ricos conectados a dos buses APB. Todos los dispositivos ofrecen dos ADC de 12 bits, tres temporizadores de prop\u00f3sito general de 16 bits m\u00e1s un temporizador PWM, as\u00ed como interfaces de comunicaci\u00f3n est\u00e1ndar y avanzada: hasta dos I2Cs y SPI, tres USART, un USB y un CAN.<br \/>\nLos dispositivos operan desde una fuente de alimentaci\u00f3n de 2.0 a 3.6 V. Est\u00e1n disponibles en el rango de temperatura de \u201340 a +85 \u00b0 C y en el rango de temperatura extendido de \u201340 a +105 \u00b0 C. Un conjunto completo de modo de ahorro de energ\u00eda permite el dise\u00f1o de aplicaciones de bajo consumo.<br \/>\nCaracter\u00edsticas:<br \/>\nARM\u00ae32 bits Cortex\u00ae-M3 CPU Core.<br \/>\nFrecuencia m\u00e1xima de 72 MHz, 1.25 DMIPS \/ MHz.<br \/>\n64 o 128 K bytes de memoria flash.<br \/>\n20 K bytes de SRAM.<br \/>\nSuministro de aplicaciones de 2.0 a 3.6 V y E \/ S.<br \/>\nOscilador de cristal de 4 a 16 MHz.<br \/>\nRC interno con ajuste de f\u00e1brica de 8 MHz.<br \/>\nRC interno de 40 kHz.<br \/>\nPLL para el reloj de la CPU.<br \/>\nOscilador de 32 kHz para RTC con calibraci\u00f3n.<br \/>\n2 x 12 bits, convertidores A \/ D de 1\u03bcs (hasta 16 canales).<br \/>\nControlador DMA de 7 canales.<br \/>\nPerif\u00e9ricos soportados: temporizadores, ADC, SPIs, I2Cs y USARTs.<br \/>\n7 temporizadores.<br \/>\nHasta 2 x interfaces I2C (SMBus \/ PMBus).<br \/>\nHasta 3 USARTs (interfaz ISO 7816, LIN, capacidad IrDA, control de m\u00f3dem).<br \/>\nHasta 2 SPIs (18 Mbit \/ s).<br \/>\nInterfaz CAN (2.0B Activo).<br \/>\nInterfaz USB 2.0 de alta velocidad.<br \/>\nUnidad de c\u00e1lculo CRC, ID \u00fanica de 96 bits.<br \/>\nIncluye<\/p>\n<p>1 Modulo STM32 Stm32f103c8t6 Arm St-link V2 Cortex<\/p>\n","protected":false},"excerpt":{"rendered":"<p>La familia de l\u00edneas de STM32F103C8T6 incorpora el n\u00facleo RISC de 32 bits ARM\u00aeCortex\u00ae-M3 de alto rendimiento que funciona a una frecuencia de 72 MHz, una amplia gama de E \/ S mejoradas y perif\u00e9ricos conectados a dos buses APB. Todos los dispositivos ofrecen dos ADC de 12 bits, tres temporizadores de prop\u00f3sito general de [&hellip;]<\/p>\n","protected":false},"featured_media":1137,"template":"","meta":{"site-sidebar-layout":"default","site-content-layout":"","ast-site-content-layout":"default","site-content-style":"default","site-sidebar-style":"default","ast-global-header-display":"","ast-banner-title-visibility":"","ast-main-header-display":"","ast-hfb-above-header-display":"","ast-hfb-below-header-display":"","ast-hfb-mobile-header-display":"","site-post-title":"","ast-breadcrumbs-content":"","ast-featured-img":"","footer-sml-layout":"","theme-transparent-header-meta":"","adv-header-id-meta":"","stick-header-meta":"","header-above-stick-meta":"","header-main-stick-meta":"","header-below-stick-meta":"","astra-migrate-meta-layouts":"default","ast-page-background-enabled":"default","ast-page-background-meta":{"desktop":{"background-color":"var(--ast-global-color-4)","background-image":"","background-repeat":"repeat","background-position":"center center","background-size":"auto","background-attachment":"scroll","background-type":"","background-media":"","overlay-type":"","overlay-color":"","overlay-opacity":"","overlay-gradient":""},"tablet":{"background-color":"","background-image":"","background-repeat":"repeat","background-position":"center center","background-size":"auto","background-attachment":"scroll","background-type":"","background-media":"","overlay-type":"","overlay-color":"","overlay-opacity":"","overlay-gradient":""},"mobile":{"background-color":"","background-image":"","background-repeat":"repeat","background-position":"center center","background-size":"auto","background-attachment":"scroll","background-type":"","background-media":"","overlay-type":"","overlay-color":"","overlay-opacity":"","overlay-gradient":""}},"ast-content-background-meta":{"desktop":{"background-color":"var(--ast-global-color-5)","background-image":"","background-repeat":"repeat","background-position":"center center","background-size":"auto","background-attachment":"scroll","background-type":"","background-media":"","overlay-type":"","overlay-color":"","overlay-opacity":"","overlay-gradient":""},"tablet":{"background-color":"var(--ast-global-color-5)","background-image":"","background-repeat":"repeat","background-position":"center center","background-size":"auto","background-attachment":"scroll","background-type":"","background-media":"","overlay-type":"","overlay-color":"","overlay-opacity":"","overlay-gradient":""},"mobile":{"background-color":"var(--ast-global-color-5)","background-image":"","background-repeat":"repeat","background-position":"center center","background-size":"auto","background-attachment":"scroll","background-type":"","background-media":"","overlay-type":"","overlay-color":"","overlay-opacity":"","overlay-gradient":""}},"_joinchat":[]},"product_brand":[],"product_cat":[34],"product_tag":[41],"class_list":{"0":"post-1235","1":"product","2":"type-product","3":"status-publish","4":"has-post-thumbnail","6":"product_cat-modulos-de-desarrollo","7":"product_tag-modulo-stm32-stm32f103c8t6-arm-st-link-v2-cortex","8":"desktop-align-left","9":"tablet-align-left","10":"mobile-align-left","12":"first","13":"instock","14":"taxable","15":"shipping-taxable","16":"purchasable","17":"product-type-simple"},"yoast_head":"<!-- This site is optimized with the Yoast SEO Premium plugin v21.5 (Yoast SEO v25.7) - https:\/\/yoast.com\/wordpress\/plugins\/seo\/ -->\n<title>Modulo STM32 Stm32f103c8t6 Arm St-link V2 Cortex - Systisen<\/title>\n<meta name=\"robots\" content=\"index, follow, max-snippet:-1, max-image-preview:large, max-video-preview:-1\" \/>\n<link rel=\"canonical\" href=\"https:\/\/systisen.com\/index.php\/product\/modulo-stm32-stm32f103c8t6-arm-st-link-v2-cortex\/\" \/>\n<meta property=\"og:locale\" content=\"es_ES\" \/>\n<meta property=\"og:type\" content=\"article\" \/>\n<meta property=\"og:title\" content=\"Modulo STM32 Stm32f103c8t6 Arm St-link V2 Cortex\" \/>\n<meta property=\"og:description\" content=\"La familia de l\u00edneas de STM32F103C8T6 incorpora el n\u00facleo RISC de 32 bits ARM\u00aeCortex\u00ae-M3 de alto rendimiento que funciona a una frecuencia de 72 MHz, una amplia gama de E \/ S mejoradas y perif\u00e9ricos conectados a dos buses APB. Todos los dispositivos ofrecen dos ADC de 12 bits, tres temporizadores de prop\u00f3sito general de [&hellip;]\" \/>\n<meta property=\"og:url\" content=\"https:\/\/systisen.com\/index.php\/product\/modulo-stm32-stm32f103c8t6-arm-st-link-v2-cortex\/\" \/>\n<meta property=\"og:site_name\" content=\"Systisen\" \/>\n<meta property=\"article:modified_time\" content=\"2025-08-26T17:42:25+00:00\" \/>\n<meta name=\"twitter:card\" content=\"summary_large_image\" \/>\n<meta name=\"twitter:label1\" content=\"Tiempo de lectura\" \/>\n\t<meta name=\"twitter:data1\" content=\"1 minuto\" \/>\n<script type=\"application\/ld+json\" class=\"yoast-schema-graph\">{\"@context\":\"https:\/\/schema.org\",\"@graph\":[{\"@type\":\"WebPage\",\"@id\":\"https:\/\/systisen.com\/index.php\/product\/modulo-stm32-stm32f103c8t6-arm-st-link-v2-cortex\/\",\"url\":\"https:\/\/systisen.com\/index.php\/product\/modulo-stm32-stm32f103c8t6-arm-st-link-v2-cortex\/\",\"name\":\"Modulo STM32 Stm32f103c8t6 Arm St-link V2 Cortex - Systisen\",\"isPartOf\":{\"@id\":\"https:\/\/systisen.com\/#website\"},\"primaryImageOfPage\":{\"@id\":\"https:\/\/systisen.com\/index.php\/product\/modulo-stm32-stm32f103c8t6-arm-st-link-v2-cortex\/#primaryimage\"},\"image\":{\"@id\":\"https:\/\/systisen.com\/index.php\/product\/modulo-stm32-stm32f103c8t6-arm-st-link-v2-cortex\/#primaryimage\"},\"thumbnailUrl\":\"https:\/\/systisen.com\/wp-content\/uploads\/2025\/08\/8.-Modulo-STM32-Stm32f103c8t6-Arm-St-link-V2-Cortex_F.jpg\",\"datePublished\":\"2025-08-26T17:42:24+00:00\",\"dateModified\":\"2025-08-26T17:42:25+00:00\",\"breadcrumb\":{\"@id\":\"https:\/\/systisen.com\/index.php\/product\/modulo-stm32-stm32f103c8t6-arm-st-link-v2-cortex\/#breadcrumb\"},\"inLanguage\":\"es\",\"potentialAction\":[{\"@type\":\"ReadAction\",\"target\":[\"https:\/\/systisen.com\/index.php\/product\/modulo-stm32-stm32f103c8t6-arm-st-link-v2-cortex\/\"]}]},{\"@type\":\"ImageObject\",\"inLanguage\":\"es\",\"@id\":\"https:\/\/systisen.com\/index.php\/product\/modulo-stm32-stm32f103c8t6-arm-st-link-v2-cortex\/#primaryimage\",\"url\":\"https:\/\/systisen.com\/wp-content\/uploads\/2025\/08\/8.-Modulo-STM32-Stm32f103c8t6-Arm-St-link-V2-Cortex_F.jpg\",\"contentUrl\":\"https:\/\/systisen.com\/wp-content\/uploads\/2025\/08\/8.-Modulo-STM32-Stm32f103c8t6-Arm-St-link-V2-Cortex_F.jpg\",\"width\":1080,\"height\":1080},{\"@type\":\"BreadcrumbList\",\"@id\":\"https:\/\/systisen.com\/index.php\/product\/modulo-stm32-stm32f103c8t6-arm-st-link-v2-cortex\/#breadcrumb\",\"itemListElement\":[{\"@type\":\"ListItem\",\"position\":1,\"name\":\"Portada\",\"item\":\"https:\/\/systisen.com\/\"},{\"@type\":\"ListItem\",\"position\":2,\"name\":\"Tienda en l\u00ednea\",\"item\":\"https:\/\/systisen.com\/index.php\/tienda-en-linea\/\"},{\"@type\":\"ListItem\",\"position\":3,\"name\":\"Modulo STM32 Stm32f103c8t6 Arm St-link V2 Cortex\"}]},{\"@type\":\"WebSite\",\"@id\":\"https:\/\/systisen.com\/#website\",\"url\":\"https:\/\/systisen.com\/\",\"name\":\"Systisen\",\"description\":\"Ingenier\u00eda El\u00e9ctrica y Electr\u00f3nica\",\"publisher\":{\"@id\":\"https:\/\/systisen.com\/#organization\"},\"potentialAction\":[{\"@type\":\"SearchAction\",\"target\":{\"@type\":\"EntryPoint\",\"urlTemplate\":\"https:\/\/systisen.com\/?s={search_term_string}\"},\"query-input\":{\"@type\":\"PropertyValueSpecification\",\"valueRequired\":true,\"valueName\":\"search_term_string\"}}],\"inLanguage\":\"es\"},{\"@type\":\"Organization\",\"@id\":\"https:\/\/systisen.com\/#organization\",\"name\":\"Systisen\",\"url\":\"https:\/\/systisen.com\/\",\"logo\":{\"@type\":\"ImageObject\",\"inLanguage\":\"es\",\"@id\":\"https:\/\/systisen.com\/#\/schema\/logo\/image\/\",\"url\":\"https:\/\/systisen.com\/wp-content\/uploads\/2023\/12\/cropped-logo.png\",\"contentUrl\":\"https:\/\/systisen.com\/wp-content\/uploads\/2023\/12\/cropped-logo.png\",\"width\":371,\"height\":344,\"caption\":\"Systisen\"},\"image\":{\"@id\":\"https:\/\/systisen.com\/#\/schema\/logo\/image\/\"}}]}<\/script>\n<!-- \/ Yoast SEO Premium plugin. -->","yoast_head_json":{"title":"Modulo STM32 Stm32f103c8t6 Arm St-link V2 Cortex - Systisen","robots":{"index":"index","follow":"follow","max-snippet":"max-snippet:-1","max-image-preview":"max-image-preview:large","max-video-preview":"max-video-preview:-1"},"canonical":"https:\/\/systisen.com\/index.php\/product\/modulo-stm32-stm32f103c8t6-arm-st-link-v2-cortex\/","og_locale":"es_ES","og_type":"article","og_title":"Modulo STM32 Stm32f103c8t6 Arm St-link V2 Cortex","og_description":"La familia de l\u00edneas de STM32F103C8T6 incorpora el n\u00facleo RISC de 32 bits ARM\u00aeCortex\u00ae-M3 de alto rendimiento que funciona a una frecuencia de 72 MHz, una amplia gama de E \/ S mejoradas y perif\u00e9ricos conectados a dos buses APB. Todos los dispositivos ofrecen dos ADC de 12 bits, tres temporizadores de prop\u00f3sito general de [&hellip;]","og_url":"https:\/\/systisen.com\/index.php\/product\/modulo-stm32-stm32f103c8t6-arm-st-link-v2-cortex\/","og_site_name":"Systisen","article_modified_time":"2025-08-26T17:42:25+00:00","twitter_card":"summary_large_image","twitter_misc":{"Tiempo de lectura":"1 minuto"},"schema":{"@context":"https:\/\/schema.org","@graph":[{"@type":"WebPage","@id":"https:\/\/systisen.com\/index.php\/product\/modulo-stm32-stm32f103c8t6-arm-st-link-v2-cortex\/","url":"https:\/\/systisen.com\/index.php\/product\/modulo-stm32-stm32f103c8t6-arm-st-link-v2-cortex\/","name":"Modulo STM32 Stm32f103c8t6 Arm St-link V2 Cortex - Systisen","isPartOf":{"@id":"https:\/\/systisen.com\/#website"},"primaryImageOfPage":{"@id":"https:\/\/systisen.com\/index.php\/product\/modulo-stm32-stm32f103c8t6-arm-st-link-v2-cortex\/#primaryimage"},"image":{"@id":"https:\/\/systisen.com\/index.php\/product\/modulo-stm32-stm32f103c8t6-arm-st-link-v2-cortex\/#primaryimage"},"thumbnailUrl":"https:\/\/systisen.com\/wp-content\/uploads\/2025\/08\/8.-Modulo-STM32-Stm32f103c8t6-Arm-St-link-V2-Cortex_F.jpg","datePublished":"2025-08-26T17:42:24+00:00","dateModified":"2025-08-26T17:42:25+00:00","breadcrumb":{"@id":"https:\/\/systisen.com\/index.php\/product\/modulo-stm32-stm32f103c8t6-arm-st-link-v2-cortex\/#breadcrumb"},"inLanguage":"es","potentialAction":[{"@type":"ReadAction","target":["https:\/\/systisen.com\/index.php\/product\/modulo-stm32-stm32f103c8t6-arm-st-link-v2-cortex\/"]}]},{"@type":"ImageObject","inLanguage":"es","@id":"https:\/\/systisen.com\/index.php\/product\/modulo-stm32-stm32f103c8t6-arm-st-link-v2-cortex\/#primaryimage","url":"https:\/\/systisen.com\/wp-content\/uploads\/2025\/08\/8.-Modulo-STM32-Stm32f103c8t6-Arm-St-link-V2-Cortex_F.jpg","contentUrl":"https:\/\/systisen.com\/wp-content\/uploads\/2025\/08\/8.-Modulo-STM32-Stm32f103c8t6-Arm-St-link-V2-Cortex_F.jpg","width":1080,"height":1080},{"@type":"BreadcrumbList","@id":"https:\/\/systisen.com\/index.php\/product\/modulo-stm32-stm32f103c8t6-arm-st-link-v2-cortex\/#breadcrumb","itemListElement":[{"@type":"ListItem","position":1,"name":"Portada","item":"https:\/\/systisen.com\/"},{"@type":"ListItem","position":2,"name":"Tienda en l\u00ednea","item":"https:\/\/systisen.com\/index.php\/tienda-en-linea\/"},{"@type":"ListItem","position":3,"name":"Modulo STM32 Stm32f103c8t6 Arm St-link V2 Cortex"}]},{"@type":"WebSite","@id":"https:\/\/systisen.com\/#website","url":"https:\/\/systisen.com\/","name":"Systisen","description":"Ingenier\u00eda El\u00e9ctrica y Electr\u00f3nica","publisher":{"@id":"https:\/\/systisen.com\/#organization"},"potentialAction":[{"@type":"SearchAction","target":{"@type":"EntryPoint","urlTemplate":"https:\/\/systisen.com\/?s={search_term_string}"},"query-input":{"@type":"PropertyValueSpecification","valueRequired":true,"valueName":"search_term_string"}}],"inLanguage":"es"},{"@type":"Organization","@id":"https:\/\/systisen.com\/#organization","name":"Systisen","url":"https:\/\/systisen.com\/","logo":{"@type":"ImageObject","inLanguage":"es","@id":"https:\/\/systisen.com\/#\/schema\/logo\/image\/","url":"https:\/\/systisen.com\/wp-content\/uploads\/2023\/12\/cropped-logo.png","contentUrl":"https:\/\/systisen.com\/wp-content\/uploads\/2023\/12\/cropped-logo.png","width":371,"height":344,"caption":"Systisen"},"image":{"@id":"https:\/\/systisen.com\/#\/schema\/logo\/image\/"}}]}},"_links":{"self":[{"href":"https:\/\/systisen.com\/index.php\/wp-json\/wp\/v2\/product\/1235","targetHints":{"allow":["GET"]}}],"collection":[{"href":"https:\/\/systisen.com\/index.php\/wp-json\/wp\/v2\/product"}],"about":[{"href":"https:\/\/systisen.com\/index.php\/wp-json\/wp\/v2\/types\/product"}],"wp:featuredmedia":[{"embeddable":true,"href":"https:\/\/systisen.com\/index.php\/wp-json\/wp\/v2\/media\/1137"}],"wp:attachment":[{"href":"https:\/\/systisen.com\/index.php\/wp-json\/wp\/v2\/media?parent=1235"}],"wp:term":[{"taxonomy":"product_brand","embeddable":true,"href":"https:\/\/systisen.com\/index.php\/wp-json\/wp\/v2\/product_brand?post=1235"},{"taxonomy":"product_cat","embeddable":true,"href":"https:\/\/systisen.com\/index.php\/wp-json\/wp\/v2\/product_cat?post=1235"},{"taxonomy":"product_tag","embeddable":true,"href":"https:\/\/systisen.com\/index.php\/wp-json\/wp\/v2\/product_tag?post=1235"}],"curies":[{"name":"wp","href":"https:\/\/api.w.org\/{rel}","templated":true}]}}