{"id":1236,"date":"2025-08-26T12:42:25","date_gmt":"2025-08-26T17:42:25","guid":{"rendered":"https:\/\/systisen.com\/index.php\/product\/modulo-wemos-mini-d1-nodemcu-esp12-wifi-esp8266\/"},"modified":"2025-08-26T12:42:26","modified_gmt":"2025-08-26T17:42:26","slug":"modulo-wemos-mini-d1-nodemcu-esp12-wifi-esp8266","status":"publish","type":"product","link":"https:\/\/systisen.com\/index.php\/product\/modulo-wemos-mini-d1-nodemcu-esp12-wifi-esp8266\/","title":{"rendered":"M\u00f3dulo Wemos Mini D1 Nodemcu Esp12 Wifi Esp8266"},"content":{"rendered":"<p>Wemos D1 mini ESP8266\u00a0es una plataforma de desarrollo similar a Arduino especialmente orientada al Internet de las cosas (IoT). La placa Wemos D1 Mini ESP8266 tiene como n\u00facleo al SoM ESP-12F\u00a0que a su vez est\u00e1 basado en el SoC Wi-Fi ESP8266, integra adem\u00e1s el conversor USB-Serial TTL CH340G y conector micro-USB necesario para la programaci\u00f3n y comunicaci\u00f3n a PC. Wemos D1 mini est\u00e1 dise\u00f1ado especialmente para trabajar montado en protoboard o soldado sobre una placa. Posee un regulador de voltaje de 3.3V en placa, esto permite alimentar la placa directamente del puerto micro-USB o por los pines 5V y GND.<\/p>\n<p>Especificaciones t\u00e9cnicas:<\/p>\n<p>Voltaje de Alimentaci\u00f3n: 5V DC<br \/>\nVoltaje de Entradas\/Salidas: 3.3V DC (No usar 5V)<br \/>\nPlaca:\u00a0WeMos D1 mini<br \/>\nChip conversor USB-serial: CH340G<br \/>\nSoM: ESP-12F (Ai-Thinker)<br \/>\nSoC: ESP8266 (Espressif)<br \/>\nCPU: Tensilica Xtensa LX3 (32 bit)<br \/>\nFrecuencia de Reloj: 80MHz\/160MHz<br \/>\nInstruction RAM: 32KB<br \/>\nData RAM: 96KB<br \/>\nMemoria Flash Externa: 4MB<br \/>\nPines Digitales GPIO: 11 (3.3V)<br \/>\nPin Anal\u00f3gico ADC: 1 (0-1V)<br \/>\nPuerto serial UART: 1 (3.3V)<br \/>\nCertificaci\u00f3n FCC<br \/>\nAntena en PCB<br \/>\nCorriente Standby: 40uA<br \/>\nCorriente Pico: 400mA<br \/>\nConsumo corriente promedio: 70mA<br \/>\nConsumo de potencia Standby < 1.0mW (DTIM3)\n\nIncluye\n\n1 Modulo Wemos Mini D1 Nodemcu Esp12 Wifi Esp8266\n<\/p>\n","protected":false},"excerpt":{"rendered":"<p>Wemos D1 mini ESP8266\u00a0es una plataforma de desarrollo similar a Arduino especialmente orientada al Internet de las cosas (IoT). La placa Wemos D1 Mini ESP8266 tiene como n\u00facleo al SoM ESP-12F\u00a0que a su vez est\u00e1 basado en el SoC Wi-Fi ESP8266, integra adem\u00e1s el conversor USB-Serial TTL CH340G y conector micro-USB necesario para la programaci\u00f3n [&hellip;]<\/p>\n","protected":false},"featured_media":1138,"template":"","meta":{"site-sidebar-layout":"default","site-content-layout":"","ast-site-content-layout":"default","site-content-style":"default","site-sidebar-style":"default","ast-global-header-display":"","ast-banner-title-visibility":"","ast-main-header-display":"","ast-hfb-above-header-display":"","ast-hfb-below-header-display":"","ast-hfb-mobile-header-display":"","site-post-title":"","ast-breadcrumbs-content":"","ast-featured-img":"","footer-sml-layout":"","theme-transparent-header-meta":"","adv-header-id-meta":"","stick-header-meta":"","header-above-stick-meta":"","header-main-stick-meta":"","header-below-stick-meta":"","astra-migrate-meta-layouts":"default","ast-page-background-enabled":"default","ast-page-background-meta":{"desktop":{"background-color":"var(--ast-global-color-4)","background-image":"","background-repeat":"repeat","background-position":"center center","background-size":"auto","background-attachment":"scroll","background-type":"","background-media":"","overlay-type":"","overlay-color":"","overlay-opacity":"","overlay-gradient":""},"tablet":{"background-color":"","background-image":"","background-repeat":"repeat","background-position":"center center","background-size":"auto","background-attachment":"scroll","background-type":"","background-media":"","overlay-type":"","overlay-color":"","overlay-opacity":"","overlay-gradient":""},"mobile":{"background-color":"","background-image":"","background-repeat":"repeat","background-position":"center center","background-size":"auto","background-attachment":"scroll","background-type":"","background-media":"","overlay-type":"","overlay-color":"","overlay-opacity":"","overlay-gradient":""}},"ast-content-background-meta":{"desktop":{"background-color":"var(--ast-global-color-5)","background-image":"","background-repeat":"repeat","background-position":"center center","background-size":"auto","background-attachment":"scroll","background-type":"","background-media":"","overlay-type":"","overlay-color":"","overlay-opacity":"","overlay-gradient":""},"tablet":{"background-color":"var(--ast-global-color-5)","background-image":"","background-repeat":"repeat","background-position":"center center","background-size":"auto","background-attachment":"scroll","background-type":"","background-media":"","overlay-type":"","overlay-color":"","overlay-opacity":"","overlay-gradient":""},"mobile":{"background-color":"var(--ast-global-color-5)","background-image":"","background-repeat":"repeat","background-position":"center center","background-size":"auto","background-attachment":"scroll","background-type":"","background-media":"","overlay-type":"","overlay-color":"","overlay-opacity":"","overlay-gradient":""}},"_joinchat":[]},"product_brand":[],"product_cat":[34],"product_tag":[42],"class_list":{"0":"post-1236","1":"product","2":"type-product","3":"status-publish","4":"has-post-thumbnail","6":"product_cat-modulos-de-desarrollo","7":"product_tag-modulo-wemos-mini-d1-nodemcu-esp12-wifi-esp8266","8":"desktop-align-left","9":"tablet-align-left","10":"mobile-align-left","12":"first","13":"instock","14":"taxable","15":"shipping-taxable","16":"purchasable","17":"product-type-simple"},"yoast_head":"<!-- This site is optimized with the Yoast SEO Premium plugin v21.5 (Yoast SEO v25.7) - https:\/\/yoast.com\/wordpress\/plugins\/seo\/ -->\n<title>M\u00f3dulo Wemos Mini D1 Nodemcu Esp12 Wifi Esp8266 - Systisen<\/title>\n<meta name=\"robots\" content=\"index, follow, max-snippet:-1, max-image-preview:large, max-video-preview:-1\" \/>\n<link rel=\"canonical\" href=\"https:\/\/systisen.com\/index.php\/product\/modulo-wemos-mini-d1-nodemcu-esp12-wifi-esp8266\/\" \/>\n<meta property=\"og:locale\" content=\"es_ES\" \/>\n<meta property=\"og:type\" content=\"article\" \/>\n<meta property=\"og:title\" content=\"M\u00f3dulo Wemos Mini D1 Nodemcu Esp12 Wifi Esp8266\" \/>\n<meta property=\"og:description\" content=\"Wemos D1 mini ESP8266\u00a0es una plataforma de desarrollo similar a Arduino especialmente orientada al Internet de las cosas (IoT). La placa Wemos D1 Mini ESP8266 tiene como n\u00facleo al SoM ESP-12F\u00a0que a su vez est\u00e1 basado en el SoC Wi-Fi ESP8266, integra adem\u00e1s el conversor USB-Serial TTL CH340G y conector micro-USB necesario para la programaci\u00f3n [&hellip;]\" \/>\n<meta property=\"og:url\" content=\"https:\/\/systisen.com\/index.php\/product\/modulo-wemos-mini-d1-nodemcu-esp12-wifi-esp8266\/\" \/>\n<meta property=\"og:site_name\" content=\"Systisen\" \/>\n<meta property=\"article:modified_time\" content=\"2025-08-26T17:42:26+00:00\" \/>\n<meta name=\"twitter:card\" content=\"summary_large_image\" \/>\n<meta name=\"twitter:label1\" content=\"Tiempo de lectura\" \/>\n\t<meta name=\"twitter:data1\" content=\"1 minuto\" \/>\n<script type=\"application\/ld+json\" class=\"yoast-schema-graph\">{\"@context\":\"https:\/\/schema.org\",\"@graph\":[{\"@type\":\"WebPage\",\"@id\":\"https:\/\/systisen.com\/index.php\/product\/modulo-wemos-mini-d1-nodemcu-esp12-wifi-esp8266\/\",\"url\":\"https:\/\/systisen.com\/index.php\/product\/modulo-wemos-mini-d1-nodemcu-esp12-wifi-esp8266\/\",\"name\":\"M\u00f3dulo Wemos Mini D1 Nodemcu Esp12 Wifi Esp8266 - Systisen\",\"isPartOf\":{\"@id\":\"https:\/\/systisen.com\/#website\"},\"primaryImageOfPage\":{\"@id\":\"https:\/\/systisen.com\/index.php\/product\/modulo-wemos-mini-d1-nodemcu-esp12-wifi-esp8266\/#primaryimage\"},\"image\":{\"@id\":\"https:\/\/systisen.com\/index.php\/product\/modulo-wemos-mini-d1-nodemcu-esp12-wifi-esp8266\/#primaryimage\"},\"thumbnailUrl\":\"https:\/\/systisen.com\/wp-content\/uploads\/2025\/08\/9.-Modulo-Wemos-Mini-D1-Nodemcu-Esp12-Wifi-Esp8266_F.jpg\",\"datePublished\":\"2025-08-26T17:42:25+00:00\",\"dateModified\":\"2025-08-26T17:42:26+00:00\",\"breadcrumb\":{\"@id\":\"https:\/\/systisen.com\/index.php\/product\/modulo-wemos-mini-d1-nodemcu-esp12-wifi-esp8266\/#breadcrumb\"},\"inLanguage\":\"es\",\"potentialAction\":[{\"@type\":\"ReadAction\",\"target\":[\"https:\/\/systisen.com\/index.php\/product\/modulo-wemos-mini-d1-nodemcu-esp12-wifi-esp8266\/\"]}]},{\"@type\":\"ImageObject\",\"inLanguage\":\"es\",\"@id\":\"https:\/\/systisen.com\/index.php\/product\/modulo-wemos-mini-d1-nodemcu-esp12-wifi-esp8266\/#primaryimage\",\"url\":\"https:\/\/systisen.com\/wp-content\/uploads\/2025\/08\/9.-Modulo-Wemos-Mini-D1-Nodemcu-Esp12-Wifi-Esp8266_F.jpg\",\"contentUrl\":\"https:\/\/systisen.com\/wp-content\/uploads\/2025\/08\/9.-Modulo-Wemos-Mini-D1-Nodemcu-Esp12-Wifi-Esp8266_F.jpg\",\"width\":1080,\"height\":1080},{\"@type\":\"BreadcrumbList\",\"@id\":\"https:\/\/systisen.com\/index.php\/product\/modulo-wemos-mini-d1-nodemcu-esp12-wifi-esp8266\/#breadcrumb\",\"itemListElement\":[{\"@type\":\"ListItem\",\"position\":1,\"name\":\"Portada\",\"item\":\"https:\/\/systisen.com\/\"},{\"@type\":\"ListItem\",\"position\":2,\"name\":\"Tienda en l\u00ednea\",\"item\":\"https:\/\/systisen.com\/index.php\/tienda-en-linea\/\"},{\"@type\":\"ListItem\",\"position\":3,\"name\":\"M\u00f3dulo Wemos Mini D1 Nodemcu Esp12 Wifi Esp8266\"}]},{\"@type\":\"WebSite\",\"@id\":\"https:\/\/systisen.com\/#website\",\"url\":\"https:\/\/systisen.com\/\",\"name\":\"Systisen\",\"description\":\"Ingenier\u00eda El\u00e9ctrica y Electr\u00f3nica\",\"publisher\":{\"@id\":\"https:\/\/systisen.com\/#organization\"},\"potentialAction\":[{\"@type\":\"SearchAction\",\"target\":{\"@type\":\"EntryPoint\",\"urlTemplate\":\"https:\/\/systisen.com\/?s={search_term_string}\"},\"query-input\":{\"@type\":\"PropertyValueSpecification\",\"valueRequired\":true,\"valueName\":\"search_term_string\"}}],\"inLanguage\":\"es\"},{\"@type\":\"Organization\",\"@id\":\"https:\/\/systisen.com\/#organization\",\"name\":\"Systisen\",\"url\":\"https:\/\/systisen.com\/\",\"logo\":{\"@type\":\"ImageObject\",\"inLanguage\":\"es\",\"@id\":\"https:\/\/systisen.com\/#\/schema\/logo\/image\/\",\"url\":\"https:\/\/systisen.com\/wp-content\/uploads\/2023\/12\/cropped-logo.png\",\"contentUrl\":\"https:\/\/systisen.com\/wp-content\/uploads\/2023\/12\/cropped-logo.png\",\"width\":371,\"height\":344,\"caption\":\"Systisen\"},\"image\":{\"@id\":\"https:\/\/systisen.com\/#\/schema\/logo\/image\/\"}}]}<\/script>\n<!-- \/ Yoast SEO Premium plugin. -->","yoast_head_json":{"title":"M\u00f3dulo Wemos Mini D1 Nodemcu Esp12 Wifi Esp8266 - Systisen","robots":{"index":"index","follow":"follow","max-snippet":"max-snippet:-1","max-image-preview":"max-image-preview:large","max-video-preview":"max-video-preview:-1"},"canonical":"https:\/\/systisen.com\/index.php\/product\/modulo-wemos-mini-d1-nodemcu-esp12-wifi-esp8266\/","og_locale":"es_ES","og_type":"article","og_title":"M\u00f3dulo Wemos Mini D1 Nodemcu Esp12 Wifi Esp8266","og_description":"Wemos D1 mini ESP8266\u00a0es una plataforma de desarrollo similar a Arduino especialmente orientada al Internet de las cosas (IoT). La placa Wemos D1 Mini ESP8266 tiene como n\u00facleo al SoM ESP-12F\u00a0que a su vez est\u00e1 basado en el SoC Wi-Fi ESP8266, integra adem\u00e1s el conversor USB-Serial TTL CH340G y conector micro-USB necesario para la programaci\u00f3n [&hellip;]","og_url":"https:\/\/systisen.com\/index.php\/product\/modulo-wemos-mini-d1-nodemcu-esp12-wifi-esp8266\/","og_site_name":"Systisen","article_modified_time":"2025-08-26T17:42:26+00:00","twitter_card":"summary_large_image","twitter_misc":{"Tiempo de lectura":"1 minuto"},"schema":{"@context":"https:\/\/schema.org","@graph":[{"@type":"WebPage","@id":"https:\/\/systisen.com\/index.php\/product\/modulo-wemos-mini-d1-nodemcu-esp12-wifi-esp8266\/","url":"https:\/\/systisen.com\/index.php\/product\/modulo-wemos-mini-d1-nodemcu-esp12-wifi-esp8266\/","name":"M\u00f3dulo Wemos Mini D1 Nodemcu Esp12 Wifi Esp8266 - Systisen","isPartOf":{"@id":"https:\/\/systisen.com\/#website"},"primaryImageOfPage":{"@id":"https:\/\/systisen.com\/index.php\/product\/modulo-wemos-mini-d1-nodemcu-esp12-wifi-esp8266\/#primaryimage"},"image":{"@id":"https:\/\/systisen.com\/index.php\/product\/modulo-wemos-mini-d1-nodemcu-esp12-wifi-esp8266\/#primaryimage"},"thumbnailUrl":"https:\/\/systisen.com\/wp-content\/uploads\/2025\/08\/9.-Modulo-Wemos-Mini-D1-Nodemcu-Esp12-Wifi-Esp8266_F.jpg","datePublished":"2025-08-26T17:42:25+00:00","dateModified":"2025-08-26T17:42:26+00:00","breadcrumb":{"@id":"https:\/\/systisen.com\/index.php\/product\/modulo-wemos-mini-d1-nodemcu-esp12-wifi-esp8266\/#breadcrumb"},"inLanguage":"es","potentialAction":[{"@type":"ReadAction","target":["https:\/\/systisen.com\/index.php\/product\/modulo-wemos-mini-d1-nodemcu-esp12-wifi-esp8266\/"]}]},{"@type":"ImageObject","inLanguage":"es","@id":"https:\/\/systisen.com\/index.php\/product\/modulo-wemos-mini-d1-nodemcu-esp12-wifi-esp8266\/#primaryimage","url":"https:\/\/systisen.com\/wp-content\/uploads\/2025\/08\/9.-Modulo-Wemos-Mini-D1-Nodemcu-Esp12-Wifi-Esp8266_F.jpg","contentUrl":"https:\/\/systisen.com\/wp-content\/uploads\/2025\/08\/9.-Modulo-Wemos-Mini-D1-Nodemcu-Esp12-Wifi-Esp8266_F.jpg","width":1080,"height":1080},{"@type":"BreadcrumbList","@id":"https:\/\/systisen.com\/index.php\/product\/modulo-wemos-mini-d1-nodemcu-esp12-wifi-esp8266\/#breadcrumb","itemListElement":[{"@type":"ListItem","position":1,"name":"Portada","item":"https:\/\/systisen.com\/"},{"@type":"ListItem","position":2,"name":"Tienda en l\u00ednea","item":"https:\/\/systisen.com\/index.php\/tienda-en-linea\/"},{"@type":"ListItem","position":3,"name":"M\u00f3dulo Wemos Mini D1 Nodemcu Esp12 Wifi Esp8266"}]},{"@type":"WebSite","@id":"https:\/\/systisen.com\/#website","url":"https:\/\/systisen.com\/","name":"Systisen","description":"Ingenier\u00eda El\u00e9ctrica y Electr\u00f3nica","publisher":{"@id":"https:\/\/systisen.com\/#organization"},"potentialAction":[{"@type":"SearchAction","target":{"@type":"EntryPoint","urlTemplate":"https:\/\/systisen.com\/?s={search_term_string}"},"query-input":{"@type":"PropertyValueSpecification","valueRequired":true,"valueName":"search_term_string"}}],"inLanguage":"es"},{"@type":"Organization","@id":"https:\/\/systisen.com\/#organization","name":"Systisen","url":"https:\/\/systisen.com\/","logo":{"@type":"ImageObject","inLanguage":"es","@id":"https:\/\/systisen.com\/#\/schema\/logo\/image\/","url":"https:\/\/systisen.com\/wp-content\/uploads\/2023\/12\/cropped-logo.png","contentUrl":"https:\/\/systisen.com\/wp-content\/uploads\/2023\/12\/cropped-logo.png","width":371,"height":344,"caption":"Systisen"},"image":{"@id":"https:\/\/systisen.com\/#\/schema\/logo\/image\/"}}]}},"_links":{"self":[{"href":"https:\/\/systisen.com\/index.php\/wp-json\/wp\/v2\/product\/1236","targetHints":{"allow":["GET"]}}],"collection":[{"href":"https:\/\/systisen.com\/index.php\/wp-json\/wp\/v2\/product"}],"about":[{"href":"https:\/\/systisen.com\/index.php\/wp-json\/wp\/v2\/types\/product"}],"wp:featuredmedia":[{"embeddable":true,"href":"https:\/\/systisen.com\/index.php\/wp-json\/wp\/v2\/media\/1138"}],"wp:attachment":[{"href":"https:\/\/systisen.com\/index.php\/wp-json\/wp\/v2\/media?parent=1236"}],"wp:term":[{"taxonomy":"product_brand","embeddable":true,"href":"https:\/\/systisen.com\/index.php\/wp-json\/wp\/v2\/product_brand?post=1236"},{"taxonomy":"product_cat","embeddable":true,"href":"https:\/\/systisen.com\/index.php\/wp-json\/wp\/v2\/product_cat?post=1236"},{"taxonomy":"product_tag","embeddable":true,"href":"https:\/\/systisen.com\/index.php\/wp-json\/wp\/v2\/product_tag?post=1236"}],"curies":[{"name":"wp","href":"https:\/\/api.w.org\/{rel}","templated":true}]}}