{"id":1239,"date":"2025-08-26T12:42:28","date_gmt":"2025-08-26T17:42:28","guid":{"rendered":"https:\/\/systisen.com\/index.php\/product\/sensor-de-distancia-ultrasonico-us-100-alcance-2-450-cm\/"},"modified":"2025-08-26T12:42:29","modified_gmt":"2025-08-26T17:42:29","slug":"sensor-de-distancia-ultrasonico-us-100-alcance-2-450-cm","status":"publish","type":"product","link":"https:\/\/systisen.com\/index.php\/product\/sensor-de-distancia-ultrasonico-us-100-alcance-2-450-cm\/","title":{"rendered":"Sensor de distancia ultras\u00f3nico US-100 (Alcance 2-450 cm)"},"content":{"rendered":"<p>El sensor US-100 es un sensor de distancia de bajo costo que utiliza ultrasonido para determinar la distancia de un objeto en un rango de 2 a 450 cm. Destaca por su peque\u00f1o tama\u00f1o, bajo consumo energ\u00e9tico, buena precisi\u00f3n y excelente precio. Puede ser utilizado en proyectos de rob\u00f3tica como robots laberinto o sumo, y en proyectos de automatizaci\u00f3n como sistemas de medici\u00f3n de nivel o distancia. El sensor US-100 posee dos transductores: un emisor y un receptor piezoel\u00e9ctricos, adem\u00e1s de la electr\u00f3nica necesaria para su operaci\u00f3n.<\/p>\n<p>El sensor tiene 2 modos de comunicaci\u00f3n con el microcontrolador, el primer modo es denominado TRIGGER y funciona de igual al sensor HC-SR04, el segundo es el modo UART utilizando comunicaci\u00f3n serial UART. El funcionamiento del primer modo es el siguiente: el emisor piezoel\u00e9ctrico emite 8 pulsos de ultrasonido(40KHz) luego de recibir la orden en el pin TRIG, las ondas de sonido viajan en el aire y rebotan al encontrar un objeto, el sonido de rebote es detectado por el receptor piezoel\u00e9ctrico, luego el pin ECHO cambia a Alto (5V) por un tiempo igual al que demor\u00f3 la onda desde que fue emitida hasta que fue detectada, el tiempo del pulso ECO es medido por el microcontrolador y asi se puede calcular la distancia al objeto. El funcionamiento del sensor no se ve afectado por la luz solar o material de color negro (aunque los materiales blandos ac\u00fasticamente como tela o lana pueden llegar a ser dif\u00edciles de detectar). En el modo Serial UART es necesario colocar un jumper en la parte posterior del sensor, luego enviar un (0x55) por el puerto serial hacia el sensor, luego el sensor responder\u00e1 con 2 bytes que contienen la informaci\u00f3n de la distancia medida.<br \/>\nLa distancia se puede calcular utilizando la siguiente formula:<br \/>\nDistancia(m) = {(Tiempo del pulso ECO) * (Velocidad del sonido=340m\/s)}\/2<br \/>\nEspecificaciones:<br \/>\n\uf0b7  Voltaje de Operaci\u00f3n: 5V DC<br \/>\n\uf0b7  Corriente de reposo: < 2mA \n\uf0b7  Corriente de trabajo: 15mA \n\uf0b7  Rango de detecci\u00f3n: 2cm-450cm \n\uf0b7  Precisi\u00f3n: 3mm \n\uf0b7  \u00c1ngulo de detecci\u00f3n: 15\u00b0 \n\uf0b7  Frecuencia de trabajo: 40KHz \n\uf0b7  Duraci\u00f3n m\u00ednima del pulso de disparo (nivel TTL): 10 uS. \n\uf0b7  Duraci\u00f3n del pulso eco de salida (nivel TTL): 100-25000 uS. \n\uf0b7  Puerto Serial TTL \n\uf0b7  Baudrate: 9600bps\n<\/p>\n","protected":false},"excerpt":{"rendered":"<p>El sensor US-100 es un sensor de distancia de bajo costo que utiliza ultrasonido para determinar la distancia de un objeto en un rango de 2 a 450 cm. Destaca por su peque\u00f1o tama\u00f1o, bajo consumo energ\u00e9tico, buena precisi\u00f3n y excelente precio. Puede ser utilizado en proyectos de rob\u00f3tica como robots laberinto o sumo, y [&hellip;]<\/p>\n","protected":false},"featured_media":1141,"template":"","meta":{"site-sidebar-layout":"default","site-content-layout":"","ast-site-content-layout":"default","site-content-style":"default","site-sidebar-style":"default","ast-global-header-display":"","ast-banner-title-visibility":"","ast-main-header-display":"","ast-hfb-above-header-display":"","ast-hfb-below-header-display":"","ast-hfb-mobile-header-display":"","site-post-title":"","ast-breadcrumbs-content":"","ast-featured-img":"","footer-sml-layout":"","theme-transparent-header-meta":"","adv-header-id-meta":"","stick-header-meta":"","header-above-stick-meta":"","header-main-stick-meta":"","header-below-stick-meta":"","astra-migrate-meta-layouts":"default","ast-page-background-enabled":"default","ast-page-background-meta":{"desktop":{"background-color":"var(--ast-global-color-4)","background-image":"","background-repeat":"repeat","background-position":"center center","background-size":"auto","background-attachment":"scroll","background-type":"","background-media":"","overlay-type":"","overlay-color":"","overlay-opacity":"","overlay-gradient":""},"tablet":{"background-color":"","background-image":"","background-repeat":"repeat","background-position":"center center","background-size":"auto","background-attachment":"scroll","background-type":"","background-media":"","overlay-type":"","overlay-color":"","overlay-opacity":"","overlay-gradient":""},"mobile":{"background-color":"","background-image":"","background-repeat":"repeat","background-position":"center center","background-size":"auto","background-attachment":"scroll","background-type":"","background-media":"","overlay-type":"","overlay-color":"","overlay-opacity":"","overlay-gradient":""}},"ast-content-background-meta":{"desktop":{"background-color":"var(--ast-global-color-5)","background-image":"","background-repeat":"repeat","background-position":"center center","background-size":"auto","background-attachment":"scroll","background-type":"","background-media":"","overlay-type":"","overlay-color":"","overlay-opacity":"","overlay-gradient":""},"tablet":{"background-color":"var(--ast-global-color-5)","background-image":"","background-repeat":"repeat","background-position":"center center","background-size":"auto","background-attachment":"scroll","background-type":"","background-media":"","overlay-type":"","overlay-color":"","overlay-opacity":"","overlay-gradient":""},"mobile":{"background-color":"var(--ast-global-color-5)","background-image":"","background-repeat":"repeat","background-position":"center center","background-size":"auto","background-attachment":"scroll","background-type":"","background-media":"","overlay-type":"","overlay-color":"","overlay-opacity":"","overlay-gradient":""}},"_joinchat":[]},"product_brand":[],"product_cat":[44],"product_tag":[46],"class_list":{"0":"post-1239","1":"product","2":"type-product","3":"status-publish","4":"has-post-thumbnail","6":"product_cat-componentes-electronicos","7":"product_tag-sensor-de-distancia-ultrasonico-us-100-alcance-2-450-cm","8":"desktop-align-left","9":"tablet-align-left","10":"mobile-align-left","12":"first","13":"instock","14":"taxable","15":"shipping-taxable","16":"purchasable","17":"product-type-simple"},"yoast_head":"<!-- This site is optimized with the Yoast SEO Premium plugin v21.5 (Yoast SEO v25.7) - https:\/\/yoast.com\/wordpress\/plugins\/seo\/ -->\n<title>Sensor de distancia ultras\u00f3nico US-100 (Alcance 2-450 cm) - Systisen<\/title>\n<meta name=\"robots\" content=\"index, follow, max-snippet:-1, max-image-preview:large, max-video-preview:-1\" \/>\n<link rel=\"canonical\" href=\"https:\/\/systisen.com\/index.php\/product\/sensor-de-distancia-ultrasonico-us-100-alcance-2-450-cm\/\" \/>\n<meta property=\"og:locale\" content=\"es_ES\" \/>\n<meta property=\"og:type\" content=\"article\" \/>\n<meta property=\"og:title\" content=\"Sensor de distancia ultras\u00f3nico US-100 (Alcance 2-450 cm)\" \/>\n<meta property=\"og:description\" content=\"El sensor US-100 es un sensor de distancia de bajo costo que utiliza ultrasonido para determinar la distancia de un objeto en un rango de 2 a 450 cm. Destaca por su peque\u00f1o tama\u00f1o, bajo consumo energ\u00e9tico, buena precisi\u00f3n y excelente precio. Puede ser utilizado en proyectos de rob\u00f3tica como robots laberinto o sumo, y [&hellip;]\" \/>\n<meta property=\"og:url\" content=\"https:\/\/systisen.com\/index.php\/product\/sensor-de-distancia-ultrasonico-us-100-alcance-2-450-cm\/\" \/>\n<meta property=\"og:site_name\" content=\"Systisen\" \/>\n<meta property=\"article:modified_time\" content=\"2025-08-26T17:42:29+00:00\" \/>\n<meta name=\"twitter:card\" content=\"summary_large_image\" \/>\n<meta name=\"twitter:label1\" content=\"Tiempo de lectura\" \/>\n\t<meta name=\"twitter:data1\" content=\"2 minutos\" \/>\n<script type=\"application\/ld+json\" class=\"yoast-schema-graph\">{\"@context\":\"https:\/\/schema.org\",\"@graph\":[{\"@type\":\"WebPage\",\"@id\":\"https:\/\/systisen.com\/index.php\/product\/sensor-de-distancia-ultrasonico-us-100-alcance-2-450-cm\/\",\"url\":\"https:\/\/systisen.com\/index.php\/product\/sensor-de-distancia-ultrasonico-us-100-alcance-2-450-cm\/\",\"name\":\"Sensor de distancia ultras\u00f3nico US-100 (Alcance 2-450 cm) - Systisen\",\"isPartOf\":{\"@id\":\"https:\/\/systisen.com\/#website\"},\"primaryImageOfPage\":{\"@id\":\"https:\/\/systisen.com\/index.php\/product\/sensor-de-distancia-ultrasonico-us-100-alcance-2-450-cm\/#primaryimage\"},\"image\":{\"@id\":\"https:\/\/systisen.com\/index.php\/product\/sensor-de-distancia-ultrasonico-us-100-alcance-2-450-cm\/#primaryimage\"},\"thumbnailUrl\":\"https:\/\/systisen.com\/wp-content\/uploads\/2025\/08\/12.-Sensor-de-distancia-ultrasonico-US-100_F.jpg\",\"datePublished\":\"2025-08-26T17:42:28+00:00\",\"dateModified\":\"2025-08-26T17:42:29+00:00\",\"breadcrumb\":{\"@id\":\"https:\/\/systisen.com\/index.php\/product\/sensor-de-distancia-ultrasonico-us-100-alcance-2-450-cm\/#breadcrumb\"},\"inLanguage\":\"es\",\"potentialAction\":[{\"@type\":\"ReadAction\",\"target\":[\"https:\/\/systisen.com\/index.php\/product\/sensor-de-distancia-ultrasonico-us-100-alcance-2-450-cm\/\"]}]},{\"@type\":\"ImageObject\",\"inLanguage\":\"es\",\"@id\":\"https:\/\/systisen.com\/index.php\/product\/sensor-de-distancia-ultrasonico-us-100-alcance-2-450-cm\/#primaryimage\",\"url\":\"https:\/\/systisen.com\/wp-content\/uploads\/2025\/08\/12.-Sensor-de-distancia-ultrasonico-US-100_F.jpg\",\"contentUrl\":\"https:\/\/systisen.com\/wp-content\/uploads\/2025\/08\/12.-Sensor-de-distancia-ultrasonico-US-100_F.jpg\",\"width\":1080,\"height\":1080},{\"@type\":\"BreadcrumbList\",\"@id\":\"https:\/\/systisen.com\/index.php\/product\/sensor-de-distancia-ultrasonico-us-100-alcance-2-450-cm\/#breadcrumb\",\"itemListElement\":[{\"@type\":\"ListItem\",\"position\":1,\"name\":\"Portada\",\"item\":\"https:\/\/systisen.com\/\"},{\"@type\":\"ListItem\",\"position\":2,\"name\":\"Tienda en l\u00ednea\",\"item\":\"https:\/\/systisen.com\/index.php\/tienda-en-linea\/\"},{\"@type\":\"ListItem\",\"position\":3,\"name\":\"Sensor de distancia ultras\u00f3nico US-100 (Alcance 2-450 cm)\"}]},{\"@type\":\"WebSite\",\"@id\":\"https:\/\/systisen.com\/#website\",\"url\":\"https:\/\/systisen.com\/\",\"name\":\"Systisen\",\"description\":\"Ingenier\u00eda El\u00e9ctrica y Electr\u00f3nica\",\"publisher\":{\"@id\":\"https:\/\/systisen.com\/#organization\"},\"potentialAction\":[{\"@type\":\"SearchAction\",\"target\":{\"@type\":\"EntryPoint\",\"urlTemplate\":\"https:\/\/systisen.com\/?s={search_term_string}\"},\"query-input\":{\"@type\":\"PropertyValueSpecification\",\"valueRequired\":true,\"valueName\":\"search_term_string\"}}],\"inLanguage\":\"es\"},{\"@type\":\"Organization\",\"@id\":\"https:\/\/systisen.com\/#organization\",\"name\":\"Systisen\",\"url\":\"https:\/\/systisen.com\/\",\"logo\":{\"@type\":\"ImageObject\",\"inLanguage\":\"es\",\"@id\":\"https:\/\/systisen.com\/#\/schema\/logo\/image\/\",\"url\":\"https:\/\/systisen.com\/wp-content\/uploads\/2023\/12\/cropped-logo.png\",\"contentUrl\":\"https:\/\/systisen.com\/wp-content\/uploads\/2023\/12\/cropped-logo.png\",\"width\":371,\"height\":344,\"caption\":\"Systisen\"},\"image\":{\"@id\":\"https:\/\/systisen.com\/#\/schema\/logo\/image\/\"}}]}<\/script>\n<!-- \/ Yoast SEO Premium plugin. -->","yoast_head_json":{"title":"Sensor de distancia ultras\u00f3nico US-100 (Alcance 2-450 cm) - Systisen","robots":{"index":"index","follow":"follow","max-snippet":"max-snippet:-1","max-image-preview":"max-image-preview:large","max-video-preview":"max-video-preview:-1"},"canonical":"https:\/\/systisen.com\/index.php\/product\/sensor-de-distancia-ultrasonico-us-100-alcance-2-450-cm\/","og_locale":"es_ES","og_type":"article","og_title":"Sensor de distancia ultras\u00f3nico US-100 (Alcance 2-450 cm)","og_description":"El sensor US-100 es un sensor de distancia de bajo costo que utiliza ultrasonido para determinar la distancia de un objeto en un rango de 2 a 450 cm. Destaca por su peque\u00f1o tama\u00f1o, bajo consumo energ\u00e9tico, buena precisi\u00f3n y excelente precio. Puede ser utilizado en proyectos de rob\u00f3tica como robots laberinto o sumo, y [&hellip;]","og_url":"https:\/\/systisen.com\/index.php\/product\/sensor-de-distancia-ultrasonico-us-100-alcance-2-450-cm\/","og_site_name":"Systisen","article_modified_time":"2025-08-26T17:42:29+00:00","twitter_card":"summary_large_image","twitter_misc":{"Tiempo de lectura":"2 minutos"},"schema":{"@context":"https:\/\/schema.org","@graph":[{"@type":"WebPage","@id":"https:\/\/systisen.com\/index.php\/product\/sensor-de-distancia-ultrasonico-us-100-alcance-2-450-cm\/","url":"https:\/\/systisen.com\/index.php\/product\/sensor-de-distancia-ultrasonico-us-100-alcance-2-450-cm\/","name":"Sensor de distancia ultras\u00f3nico US-100 (Alcance 2-450 cm) - Systisen","isPartOf":{"@id":"https:\/\/systisen.com\/#website"},"primaryImageOfPage":{"@id":"https:\/\/systisen.com\/index.php\/product\/sensor-de-distancia-ultrasonico-us-100-alcance-2-450-cm\/#primaryimage"},"image":{"@id":"https:\/\/systisen.com\/index.php\/product\/sensor-de-distancia-ultrasonico-us-100-alcance-2-450-cm\/#primaryimage"},"thumbnailUrl":"https:\/\/systisen.com\/wp-content\/uploads\/2025\/08\/12.-Sensor-de-distancia-ultrasonico-US-100_F.jpg","datePublished":"2025-08-26T17:42:28+00:00","dateModified":"2025-08-26T17:42:29+00:00","breadcrumb":{"@id":"https:\/\/systisen.com\/index.php\/product\/sensor-de-distancia-ultrasonico-us-100-alcance-2-450-cm\/#breadcrumb"},"inLanguage":"es","potentialAction":[{"@type":"ReadAction","target":["https:\/\/systisen.com\/index.php\/product\/sensor-de-distancia-ultrasonico-us-100-alcance-2-450-cm\/"]}]},{"@type":"ImageObject","inLanguage":"es","@id":"https:\/\/systisen.com\/index.php\/product\/sensor-de-distancia-ultrasonico-us-100-alcance-2-450-cm\/#primaryimage","url":"https:\/\/systisen.com\/wp-content\/uploads\/2025\/08\/12.-Sensor-de-distancia-ultrasonico-US-100_F.jpg","contentUrl":"https:\/\/systisen.com\/wp-content\/uploads\/2025\/08\/12.-Sensor-de-distancia-ultrasonico-US-100_F.jpg","width":1080,"height":1080},{"@type":"BreadcrumbList","@id":"https:\/\/systisen.com\/index.php\/product\/sensor-de-distancia-ultrasonico-us-100-alcance-2-450-cm\/#breadcrumb","itemListElement":[{"@type":"ListItem","position":1,"name":"Portada","item":"https:\/\/systisen.com\/"},{"@type":"ListItem","position":2,"name":"Tienda en l\u00ednea","item":"https:\/\/systisen.com\/index.php\/tienda-en-linea\/"},{"@type":"ListItem","position":3,"name":"Sensor de distancia ultras\u00f3nico US-100 (Alcance 2-450 cm)"}]},{"@type":"WebSite","@id":"https:\/\/systisen.com\/#website","url":"https:\/\/systisen.com\/","name":"Systisen","description":"Ingenier\u00eda El\u00e9ctrica y Electr\u00f3nica","publisher":{"@id":"https:\/\/systisen.com\/#organization"},"potentialAction":[{"@type":"SearchAction","target":{"@type":"EntryPoint","urlTemplate":"https:\/\/systisen.com\/?s={search_term_string}"},"query-input":{"@type":"PropertyValueSpecification","valueRequired":true,"valueName":"search_term_string"}}],"inLanguage":"es"},{"@type":"Organization","@id":"https:\/\/systisen.com\/#organization","name":"Systisen","url":"https:\/\/systisen.com\/","logo":{"@type":"ImageObject","inLanguage":"es","@id":"https:\/\/systisen.com\/#\/schema\/logo\/image\/","url":"https:\/\/systisen.com\/wp-content\/uploads\/2023\/12\/cropped-logo.png","contentUrl":"https:\/\/systisen.com\/wp-content\/uploads\/2023\/12\/cropped-logo.png","width":371,"height":344,"caption":"Systisen"},"image":{"@id":"https:\/\/systisen.com\/#\/schema\/logo\/image\/"}}]}},"_links":{"self":[{"href":"https:\/\/systisen.com\/index.php\/wp-json\/wp\/v2\/product\/1239","targetHints":{"allow":["GET"]}}],"collection":[{"href":"https:\/\/systisen.com\/index.php\/wp-json\/wp\/v2\/product"}],"about":[{"href":"https:\/\/systisen.com\/index.php\/wp-json\/wp\/v2\/types\/product"}],"wp:featuredmedia":[{"embeddable":true,"href":"https:\/\/systisen.com\/index.php\/wp-json\/wp\/v2\/media\/1141"}],"wp:attachment":[{"href":"https:\/\/systisen.com\/index.php\/wp-json\/wp\/v2\/media?parent=1239"}],"wp:term":[{"taxonomy":"product_brand","embeddable":true,"href":"https:\/\/systisen.com\/index.php\/wp-json\/wp\/v2\/product_brand?post=1239"},{"taxonomy":"product_cat","embeddable":true,"href":"https:\/\/systisen.com\/index.php\/wp-json\/wp\/v2\/product_cat?post=1239"},{"taxonomy":"product_tag","embeddable":true,"href":"https:\/\/systisen.com\/index.php\/wp-json\/wp\/v2\/product_tag?post=1239"}],"curies":[{"name":"wp","href":"https:\/\/api.w.org\/{rel}","templated":true}]}}