{"id":1241,"date":"2025-08-26T12:42:30","date_gmt":"2025-08-26T17:42:30","guid":{"rendered":"https:\/\/systisen.com\/index.php\/product\/display-pantalla-lcd-1602-con-modulo-i2c\/"},"modified":"2025-08-26T12:42:31","modified_gmt":"2025-08-26T17:42:31","slug":"display-pantalla-lcd-1602-con-modulo-i2c","status":"publish","type":"product","link":"https:\/\/systisen.com\/index.php\/product\/display-pantalla-lcd-1602-con-modulo-i2c\/","title":{"rendered":"Display pantalla LCD 1602 con m\u00f3dulo I2C"},"content":{"rendered":"<p>Una de las caracter\u00edsticas principales es su interfaz I2C, capaz de mostrar la informaci\u00f3n a trav\u00e9s de solo 2 l\u00edneas I2C. Si ya cuenta \u00a0con alg\u00fan dispositivo I2C en su proyecto no se preocupe, esta pantalla no consume suficientes recursos en absoluto. La direcci\u00f3n a utilizar se puede ajustar de 0x20 a 0x27.<br \/>\nJunto a la ayuda del bus conversor I2C y las librer\u00edas necesarias usted f\u00e1cilmente podr\u00e1 usar este m\u00f3dulo con tan solo dos cables, ya que esta pantalla cuenta con 4 pines de comunicaci\u00f3n donde 2 son de alimentaci\u00f3n (5V y GND) y los otros dos son de comunicaci\u00f3n I2C (SDA y SCL). Esta es una gran ventaja en comparaci\u00f3n a una pantalla convencional, ya que estas \u00faltimas necesitan 14 pines (incluyendo alimentaci\u00f3n y comunicaci\u00f3n) donde incluso debemos colocar un potenci\u00f3metro de ajuste de contraste, donde la pantalla serial I2C, ya lo tiene incluido.<br \/>\nEspecificaciones t\u00e9cnicas:<br \/>\nDireccion I2C: 0x20 \u2013 0x27 (0x20 por defecto)<br \/>\nRetroiluminacion: Azul con backlight<br \/>\nVoltaje de alimentacion: 5V<br \/>\nInterfaz: I2C \/ TWI x1<br \/>\nContraste ajustable con potenciometro interno.<\/p>\n","protected":false},"excerpt":{"rendered":"<p>Una de las caracter\u00edsticas principales es su interfaz I2C, capaz de mostrar la informaci\u00f3n a trav\u00e9s de solo 2 l\u00edneas I2C. Si ya cuenta \u00a0con alg\u00fan dispositivo I2C en su proyecto no se preocupe, esta pantalla no consume suficientes recursos en absoluto. La direcci\u00f3n a utilizar se puede ajustar de 0x20 a 0x27. Junto a [&hellip;]<\/p>\n","protected":false},"featured_media":1143,"template":"","meta":{"site-sidebar-layout":"default","site-content-layout":"","ast-site-content-layout":"default","site-content-style":"default","site-sidebar-style":"default","ast-global-header-display":"","ast-banner-title-visibility":"","ast-main-header-display":"","ast-hfb-above-header-display":"","ast-hfb-below-header-display":"","ast-hfb-mobile-header-display":"","site-post-title":"","ast-breadcrumbs-content":"","ast-featured-img":"","footer-sml-layout":"","theme-transparent-header-meta":"","adv-header-id-meta":"","stick-header-meta":"","header-above-stick-meta":"","header-main-stick-meta":"","header-below-stick-meta":"","astra-migrate-meta-layouts":"default","ast-page-background-enabled":"default","ast-page-background-meta":{"desktop":{"background-color":"var(--ast-global-color-4)","background-image":"","background-repeat":"repeat","background-position":"center center","background-size":"auto","background-attachment":"scroll","background-type":"","background-media":"","overlay-type":"","overlay-color":"","overlay-opacity":"","overlay-gradient":""},"tablet":{"background-color":"","background-image":"","background-repeat":"repeat","background-position":"center center","background-size":"auto","background-attachment":"scroll","background-type":"","background-media":"","overlay-type":"","overlay-color":"","overlay-opacity":"","overlay-gradient":""},"mobile":{"background-color":"","background-image":"","background-repeat":"repeat","background-position":"center center","background-size":"auto","background-attachment":"scroll","background-type":"","background-media":"","overlay-type":"","overlay-color":"","overlay-opacity":"","overlay-gradient":""}},"ast-content-background-meta":{"desktop":{"background-color":"var(--ast-global-color-5)","background-image":"","background-repeat":"repeat","background-position":"center center","background-size":"auto","background-attachment":"scroll","background-type":"","background-media":"","overlay-type":"","overlay-color":"","overlay-opacity":"","overlay-gradient":""},"tablet":{"background-color":"var(--ast-global-color-5)","background-image":"","background-repeat":"repeat","background-position":"center center","background-size":"auto","background-attachment":"scroll","background-type":"","background-media":"","overlay-type":"","overlay-color":"","overlay-opacity":"","overlay-gradient":""},"mobile":{"background-color":"var(--ast-global-color-5)","background-image":"","background-repeat":"repeat","background-position":"center center","background-size":"auto","background-attachment":"scroll","background-type":"","background-media":"","overlay-type":"","overlay-color":"","overlay-opacity":"","overlay-gradient":""}},"_joinchat":[]},"product_brand":[],"product_cat":[44],"product_tag":[48],"class_list":{"0":"post-1241","1":"product","2":"type-product","3":"status-publish","4":"has-post-thumbnail","6":"product_cat-componentes-electronicos","7":"product_tag-display-pantalla-lcd-1602-con-modulo-i2c","8":"desktop-align-left","9":"tablet-align-left","10":"mobile-align-left","12":"first","13":"instock","14":"taxable","15":"shipping-taxable","16":"purchasable","17":"product-type-simple"},"yoast_head":"<!-- This site is optimized with the Yoast SEO Premium plugin v21.5 (Yoast SEO v25.7) - https:\/\/yoast.com\/wordpress\/plugins\/seo\/ -->\n<title>Display pantalla LCD 1602 con m\u00f3dulo I2C - Systisen<\/title>\n<meta name=\"robots\" content=\"index, follow, max-snippet:-1, max-image-preview:large, max-video-preview:-1\" \/>\n<link rel=\"canonical\" href=\"https:\/\/systisen.com\/index.php\/product\/display-pantalla-lcd-1602-con-modulo-i2c\/\" \/>\n<meta property=\"og:locale\" content=\"es_ES\" \/>\n<meta property=\"og:type\" content=\"article\" \/>\n<meta property=\"og:title\" content=\"Display pantalla LCD 1602 con m\u00f3dulo I2C\" \/>\n<meta property=\"og:description\" content=\"Una de las caracter\u00edsticas principales es su interfaz I2C, capaz de mostrar la informaci\u00f3n a trav\u00e9s de solo 2 l\u00edneas I2C. Si ya cuenta \u00a0con alg\u00fan dispositivo I2C en su proyecto no se preocupe, esta pantalla no consume suficientes recursos en absoluto. La direcci\u00f3n a utilizar se puede ajustar de 0x20 a 0x27. Junto a [&hellip;]\" \/>\n<meta property=\"og:url\" content=\"https:\/\/systisen.com\/index.php\/product\/display-pantalla-lcd-1602-con-modulo-i2c\/\" \/>\n<meta property=\"og:site_name\" content=\"Systisen\" \/>\n<meta property=\"article:modified_time\" content=\"2025-08-26T17:42:31+00:00\" \/>\n<meta name=\"twitter:card\" content=\"summary_large_image\" \/>\n<meta name=\"twitter:label1\" content=\"Tiempo de lectura\" \/>\n\t<meta name=\"twitter:data1\" content=\"1 minuto\" \/>\n<script type=\"application\/ld+json\" class=\"yoast-schema-graph\">{\"@context\":\"https:\/\/schema.org\",\"@graph\":[{\"@type\":\"WebPage\",\"@id\":\"https:\/\/systisen.com\/index.php\/product\/display-pantalla-lcd-1602-con-modulo-i2c\/\",\"url\":\"https:\/\/systisen.com\/index.php\/product\/display-pantalla-lcd-1602-con-modulo-i2c\/\",\"name\":\"Display pantalla LCD 1602 con m\u00f3dulo I2C - Systisen\",\"isPartOf\":{\"@id\":\"https:\/\/systisen.com\/#website\"},\"primaryImageOfPage\":{\"@id\":\"https:\/\/systisen.com\/index.php\/product\/display-pantalla-lcd-1602-con-modulo-i2c\/#primaryimage\"},\"image\":{\"@id\":\"https:\/\/systisen.com\/index.php\/product\/display-pantalla-lcd-1602-con-modulo-i2c\/#primaryimage\"},\"thumbnailUrl\":\"https:\/\/systisen.com\/wp-content\/uploads\/2025\/08\/14.-Display-pantalla-LCD-1602_F.jpg\",\"datePublished\":\"2025-08-26T17:42:30+00:00\",\"dateModified\":\"2025-08-26T17:42:31+00:00\",\"breadcrumb\":{\"@id\":\"https:\/\/systisen.com\/index.php\/product\/display-pantalla-lcd-1602-con-modulo-i2c\/#breadcrumb\"},\"inLanguage\":\"es\",\"potentialAction\":[{\"@type\":\"ReadAction\",\"target\":[\"https:\/\/systisen.com\/index.php\/product\/display-pantalla-lcd-1602-con-modulo-i2c\/\"]}]},{\"@type\":\"ImageObject\",\"inLanguage\":\"es\",\"@id\":\"https:\/\/systisen.com\/index.php\/product\/display-pantalla-lcd-1602-con-modulo-i2c\/#primaryimage\",\"url\":\"https:\/\/systisen.com\/wp-content\/uploads\/2025\/08\/14.-Display-pantalla-LCD-1602_F.jpg\",\"contentUrl\":\"https:\/\/systisen.com\/wp-content\/uploads\/2025\/08\/14.-Display-pantalla-LCD-1602_F.jpg\",\"width\":1080,\"height\":1080},{\"@type\":\"BreadcrumbList\",\"@id\":\"https:\/\/systisen.com\/index.php\/product\/display-pantalla-lcd-1602-con-modulo-i2c\/#breadcrumb\",\"itemListElement\":[{\"@type\":\"ListItem\",\"position\":1,\"name\":\"Portada\",\"item\":\"https:\/\/systisen.com\/\"},{\"@type\":\"ListItem\",\"position\":2,\"name\":\"Tienda en l\u00ednea\",\"item\":\"https:\/\/systisen.com\/index.php\/tienda-en-linea\/\"},{\"@type\":\"ListItem\",\"position\":3,\"name\":\"Display pantalla LCD 1602 con m\u00f3dulo I2C\"}]},{\"@type\":\"WebSite\",\"@id\":\"https:\/\/systisen.com\/#website\",\"url\":\"https:\/\/systisen.com\/\",\"name\":\"Systisen\",\"description\":\"Ingenier\u00eda El\u00e9ctrica y Electr\u00f3nica\",\"publisher\":{\"@id\":\"https:\/\/systisen.com\/#organization\"},\"potentialAction\":[{\"@type\":\"SearchAction\",\"target\":{\"@type\":\"EntryPoint\",\"urlTemplate\":\"https:\/\/systisen.com\/?s={search_term_string}\"},\"query-input\":{\"@type\":\"PropertyValueSpecification\",\"valueRequired\":true,\"valueName\":\"search_term_string\"}}],\"inLanguage\":\"es\"},{\"@type\":\"Organization\",\"@id\":\"https:\/\/systisen.com\/#organization\",\"name\":\"Systisen\",\"url\":\"https:\/\/systisen.com\/\",\"logo\":{\"@type\":\"ImageObject\",\"inLanguage\":\"es\",\"@id\":\"https:\/\/systisen.com\/#\/schema\/logo\/image\/\",\"url\":\"https:\/\/systisen.com\/wp-content\/uploads\/2023\/12\/cropped-logo.png\",\"contentUrl\":\"https:\/\/systisen.com\/wp-content\/uploads\/2023\/12\/cropped-logo.png\",\"width\":371,\"height\":344,\"caption\":\"Systisen\"},\"image\":{\"@id\":\"https:\/\/systisen.com\/#\/schema\/logo\/image\/\"}}]}<\/script>\n<!-- \/ Yoast SEO Premium plugin. -->","yoast_head_json":{"title":"Display pantalla LCD 1602 con m\u00f3dulo I2C - Systisen","robots":{"index":"index","follow":"follow","max-snippet":"max-snippet:-1","max-image-preview":"max-image-preview:large","max-video-preview":"max-video-preview:-1"},"canonical":"https:\/\/systisen.com\/index.php\/product\/display-pantalla-lcd-1602-con-modulo-i2c\/","og_locale":"es_ES","og_type":"article","og_title":"Display pantalla LCD 1602 con m\u00f3dulo I2C","og_description":"Una de las caracter\u00edsticas principales es su interfaz I2C, capaz de mostrar la informaci\u00f3n a trav\u00e9s de solo 2 l\u00edneas I2C. Si ya cuenta \u00a0con alg\u00fan dispositivo I2C en su proyecto no se preocupe, esta pantalla no consume suficientes recursos en absoluto. La direcci\u00f3n a utilizar se puede ajustar de 0x20 a 0x27. Junto a [&hellip;]","og_url":"https:\/\/systisen.com\/index.php\/product\/display-pantalla-lcd-1602-con-modulo-i2c\/","og_site_name":"Systisen","article_modified_time":"2025-08-26T17:42:31+00:00","twitter_card":"summary_large_image","twitter_misc":{"Tiempo de lectura":"1 minuto"},"schema":{"@context":"https:\/\/schema.org","@graph":[{"@type":"WebPage","@id":"https:\/\/systisen.com\/index.php\/product\/display-pantalla-lcd-1602-con-modulo-i2c\/","url":"https:\/\/systisen.com\/index.php\/product\/display-pantalla-lcd-1602-con-modulo-i2c\/","name":"Display pantalla LCD 1602 con m\u00f3dulo I2C - Systisen","isPartOf":{"@id":"https:\/\/systisen.com\/#website"},"primaryImageOfPage":{"@id":"https:\/\/systisen.com\/index.php\/product\/display-pantalla-lcd-1602-con-modulo-i2c\/#primaryimage"},"image":{"@id":"https:\/\/systisen.com\/index.php\/product\/display-pantalla-lcd-1602-con-modulo-i2c\/#primaryimage"},"thumbnailUrl":"https:\/\/systisen.com\/wp-content\/uploads\/2025\/08\/14.-Display-pantalla-LCD-1602_F.jpg","datePublished":"2025-08-26T17:42:30+00:00","dateModified":"2025-08-26T17:42:31+00:00","breadcrumb":{"@id":"https:\/\/systisen.com\/index.php\/product\/display-pantalla-lcd-1602-con-modulo-i2c\/#breadcrumb"},"inLanguage":"es","potentialAction":[{"@type":"ReadAction","target":["https:\/\/systisen.com\/index.php\/product\/display-pantalla-lcd-1602-con-modulo-i2c\/"]}]},{"@type":"ImageObject","inLanguage":"es","@id":"https:\/\/systisen.com\/index.php\/product\/display-pantalla-lcd-1602-con-modulo-i2c\/#primaryimage","url":"https:\/\/systisen.com\/wp-content\/uploads\/2025\/08\/14.-Display-pantalla-LCD-1602_F.jpg","contentUrl":"https:\/\/systisen.com\/wp-content\/uploads\/2025\/08\/14.-Display-pantalla-LCD-1602_F.jpg","width":1080,"height":1080},{"@type":"BreadcrumbList","@id":"https:\/\/systisen.com\/index.php\/product\/display-pantalla-lcd-1602-con-modulo-i2c\/#breadcrumb","itemListElement":[{"@type":"ListItem","position":1,"name":"Portada","item":"https:\/\/systisen.com\/"},{"@type":"ListItem","position":2,"name":"Tienda en l\u00ednea","item":"https:\/\/systisen.com\/index.php\/tienda-en-linea\/"},{"@type":"ListItem","position":3,"name":"Display pantalla LCD 1602 con m\u00f3dulo I2C"}]},{"@type":"WebSite","@id":"https:\/\/systisen.com\/#website","url":"https:\/\/systisen.com\/","name":"Systisen","description":"Ingenier\u00eda El\u00e9ctrica y Electr\u00f3nica","publisher":{"@id":"https:\/\/systisen.com\/#organization"},"potentialAction":[{"@type":"SearchAction","target":{"@type":"EntryPoint","urlTemplate":"https:\/\/systisen.com\/?s={search_term_string}"},"query-input":{"@type":"PropertyValueSpecification","valueRequired":true,"valueName":"search_term_string"}}],"inLanguage":"es"},{"@type":"Organization","@id":"https:\/\/systisen.com\/#organization","name":"Systisen","url":"https:\/\/systisen.com\/","logo":{"@type":"ImageObject","inLanguage":"es","@id":"https:\/\/systisen.com\/#\/schema\/logo\/image\/","url":"https:\/\/systisen.com\/wp-content\/uploads\/2023\/12\/cropped-logo.png","contentUrl":"https:\/\/systisen.com\/wp-content\/uploads\/2023\/12\/cropped-logo.png","width":371,"height":344,"caption":"Systisen"},"image":{"@id":"https:\/\/systisen.com\/#\/schema\/logo\/image\/"}}]}},"_links":{"self":[{"href":"https:\/\/systisen.com\/index.php\/wp-json\/wp\/v2\/product\/1241","targetHints":{"allow":["GET"]}}],"collection":[{"href":"https:\/\/systisen.com\/index.php\/wp-json\/wp\/v2\/product"}],"about":[{"href":"https:\/\/systisen.com\/index.php\/wp-json\/wp\/v2\/types\/product"}],"wp:featuredmedia":[{"embeddable":true,"href":"https:\/\/systisen.com\/index.php\/wp-json\/wp\/v2\/media\/1143"}],"wp:attachment":[{"href":"https:\/\/systisen.com\/index.php\/wp-json\/wp\/v2\/media?parent=1241"}],"wp:term":[{"taxonomy":"product_brand","embeddable":true,"href":"https:\/\/systisen.com\/index.php\/wp-json\/wp\/v2\/product_brand?post=1241"},{"taxonomy":"product_cat","embeddable":true,"href":"https:\/\/systisen.com\/index.php\/wp-json\/wp\/v2\/product_cat?post=1241"},{"taxonomy":"product_tag","embeddable":true,"href":"https:\/\/systisen.com\/index.php\/wp-json\/wp\/v2\/product_tag?post=1241"}],"curies":[{"name":"wp","href":"https:\/\/api.w.org\/{rel}","templated":true}]}}