{"id":1245,"date":"2025-08-26T12:42:33","date_gmt":"2025-08-26T17:42:33","guid":{"rendered":"https:\/\/systisen.com\/index.php\/product\/servomotor-mg996r-180-grados-t13-kg\/"},"modified":"2025-08-26T12:42:34","modified_gmt":"2025-08-26T17:42:34","slug":"servomotor-mg996r-180-grados-t13-kg","status":"publish","type":"product","link":"https:\/\/systisen.com\/index.php\/product\/servomotor-mg996r-180-grados-t13-kg\/","title":{"rendered":"Servomotor MG996R &#8211; 180 grados T=13 Kg"},"content":{"rendered":"<p>El servo MG996R Tower Pro destaca por su buen torque (13Kg), engranajes met\u00e1licos y gran robustez. \u00a0Es utilizado principalmente en proyectos de rob\u00f3tica, como brazos rob\u00f3ticos y robots b\u00edpedos. Puede rotar aproximadamente 180 grados (90\u00b0 en cada direcci\u00f3n).<\/p>\n<p>Para su uso con Arduino, recomendamos conectar el cable naranja al pin 9 o 10 y usar la Librer\u00eda \u201cServo\u201d incluida en el IDE de Arduino. Para la posici\u00f3n 0\u00b0 el pulso es de 0.6ms, para 90\u00b0 es de 1.5ms y para 180\u00b0 2.4ms.<br \/>\nPosee un conector universal tipo \u201cS\u201d que encaja perfectamente en la mayor\u00eda de los receptores de radio control incluyendo los Futaba, JR, GWS, Cirrus, Hitec y otros. Los cables en el conector est\u00e1n distribuidos de la siguiente forma: Cafe = Tierra (GND), \u00a0Rojo = VCC (5V), \u00a0Naranja = Se\u00f1al de control (PWM).<br \/>\nSe recomienda alimentar por separado el microcontrolador y los servos, ya que el ruido el\u00e9ctrico puede dar lugar a errores en la ejecuci\u00f3n del programa, o en todo caso agregar un capacitor de 100uF entre 5V y GND<br \/>\nModelo: MG996R<br \/>\nTorque: 10.4kg\/cm (4.8V), 13kg\/cm (6V)<br \/>\nVoltaje de operaci\u00f3n: 4.8 \u2013 7.2V<br \/>\nVelocidad de Operaci\u00f3n (4.8V sin carga): 0.2 seg \/ 60 grados<br \/>\nVelocidad de Operaci\u00f3n (6V sin carga): 0.16 seg \/ 60 grados<br \/>\nTama\u00f1o: 40,6 x 19,8 x 42,9 mm<br \/>\nPeso: 55g<br \/>\nPlug: JR, FUTABA general<br \/>\nAngulo de Rotaci\u00f3n: 180\u00b0 m\u00e1ximo<br \/>\nMaterial engranajes: Metal<br \/>\nPulso ciclo: 20mS<br \/>\nAncho del pulso: entre 600uS y 2400uS<br \/>\nRango de Temperatura: -30 a +60 \u00b0C<\/p>\n","protected":false},"excerpt":{"rendered":"<p>El servo MG996R Tower Pro destaca por su buen torque (13Kg), engranajes met\u00e1licos y gran robustez. \u00a0Es utilizado principalmente en proyectos de rob\u00f3tica, como brazos rob\u00f3ticos y robots b\u00edpedos. Puede rotar aproximadamente 180 grados (90\u00b0 en cada direcci\u00f3n). Para su uso con Arduino, recomendamos conectar el cable naranja al pin 9 o 10 y usar [&hellip;]<\/p>\n","protected":false},"featured_media":1146,"template":"","meta":{"site-sidebar-layout":"default","site-content-layout":"","ast-site-content-layout":"default","site-content-style":"default","site-sidebar-style":"default","ast-global-header-display":"","ast-banner-title-visibility":"","ast-main-header-display":"","ast-hfb-above-header-display":"","ast-hfb-below-header-display":"","ast-hfb-mobile-header-display":"","site-post-title":"","ast-breadcrumbs-content":"","ast-featured-img":"","footer-sml-layout":"","theme-transparent-header-meta":"","adv-header-id-meta":"","stick-header-meta":"","header-above-stick-meta":"","header-main-stick-meta":"","header-below-stick-meta":"","astra-migrate-meta-layouts":"default","ast-page-background-enabled":"default","ast-page-background-meta":{"desktop":{"background-color":"var(--ast-global-color-4)","background-image":"","background-repeat":"repeat","background-position":"center center","background-size":"auto","background-attachment":"scroll","background-type":"","background-media":"","overlay-type":"","overlay-color":"","overlay-opacity":"","overlay-gradient":""},"tablet":{"background-color":"","background-image":"","background-repeat":"repeat","background-position":"center center","background-size":"auto","background-attachment":"scroll","background-type":"","background-media":"","overlay-type":"","overlay-color":"","overlay-opacity":"","overlay-gradient":""},"mobile":{"background-color":"","background-image":"","background-repeat":"repeat","background-position":"center center","background-size":"auto","background-attachment":"scroll","background-type":"","background-media":"","overlay-type":"","overlay-color":"","overlay-opacity":"","overlay-gradient":""}},"ast-content-background-meta":{"desktop":{"background-color":"var(--ast-global-color-5)","background-image":"","background-repeat":"repeat","background-position":"center center","background-size":"auto","background-attachment":"scroll","background-type":"","background-media":"","overlay-type":"","overlay-color":"","overlay-opacity":"","overlay-gradient":""},"tablet":{"background-color":"var(--ast-global-color-5)","background-image":"","background-repeat":"repeat","background-position":"center center","background-size":"auto","background-attachment":"scroll","background-type":"","background-media":"","overlay-type":"","overlay-color":"","overlay-opacity":"","overlay-gradient":""},"mobile":{"background-color":"var(--ast-global-color-5)","background-image":"","background-repeat":"repeat","background-position":"center center","background-size":"auto","background-attachment":"scroll","background-type":"","background-media":"","overlay-type":"","overlay-color":"","overlay-opacity":"","overlay-gradient":""}},"_joinchat":[]},"product_brand":[],"product_cat":[44],"product_tag":[51],"class_list":{"0":"post-1245","1":"product","2":"type-product","3":"status-publish","4":"has-post-thumbnail","6":"product_cat-componentes-electronicos","7":"product_tag-servomotor-mg995-180-grados-t12-kg","8":"desktop-align-left","9":"tablet-align-left","10":"mobile-align-left","12":"first","13":"instock","14":"taxable","15":"shipping-taxable","16":"purchasable","17":"product-type-simple"},"yoast_head":"<!-- This site is optimized with the Yoast SEO Premium plugin v21.5 (Yoast SEO v25.7) - https:\/\/yoast.com\/wordpress\/plugins\/seo\/ -->\n<title>Servomotor MG996R - 180 grados T=13 Kg - Systisen<\/title>\n<meta name=\"robots\" content=\"index, follow, max-snippet:-1, max-image-preview:large, max-video-preview:-1\" \/>\n<link rel=\"canonical\" href=\"https:\/\/systisen.com\/index.php\/product\/servomotor-mg996r-180-grados-t13-kg\/\" \/>\n<meta property=\"og:locale\" content=\"es_ES\" \/>\n<meta property=\"og:type\" content=\"article\" \/>\n<meta property=\"og:title\" content=\"Servomotor MG996R - 180 grados T=13 Kg\" \/>\n<meta property=\"og:description\" content=\"El servo MG996R Tower Pro destaca por su buen torque (13Kg), engranajes met\u00e1licos y gran robustez. \u00a0Es utilizado principalmente en proyectos de rob\u00f3tica, como brazos rob\u00f3ticos y robots b\u00edpedos. Puede rotar aproximadamente 180 grados (90\u00b0 en cada direcci\u00f3n). Para su uso con Arduino, recomendamos conectar el cable naranja al pin 9 o 10 y usar [&hellip;]\" \/>\n<meta property=\"og:url\" content=\"https:\/\/systisen.com\/index.php\/product\/servomotor-mg996r-180-grados-t13-kg\/\" \/>\n<meta property=\"og:site_name\" content=\"Systisen\" \/>\n<meta property=\"article:modified_time\" content=\"2025-08-26T17:42:34+00:00\" \/>\n<meta name=\"twitter:card\" content=\"summary_large_image\" \/>\n<meta name=\"twitter:label1\" content=\"Tiempo de lectura\" \/>\n\t<meta name=\"twitter:data1\" content=\"1 minuto\" \/>\n<script type=\"application\/ld+json\" class=\"yoast-schema-graph\">{\"@context\":\"https:\/\/schema.org\",\"@graph\":[{\"@type\":\"WebPage\",\"@id\":\"https:\/\/systisen.com\/index.php\/product\/servomotor-mg996r-180-grados-t13-kg\/\",\"url\":\"https:\/\/systisen.com\/index.php\/product\/servomotor-mg996r-180-grados-t13-kg\/\",\"name\":\"Servomotor MG996R - 180 grados T=13 Kg - Systisen\",\"isPartOf\":{\"@id\":\"https:\/\/systisen.com\/#website\"},\"primaryImageOfPage\":{\"@id\":\"https:\/\/systisen.com\/index.php\/product\/servomotor-mg996r-180-grados-t13-kg\/#primaryimage\"},\"image\":{\"@id\":\"https:\/\/systisen.com\/index.php\/product\/servomotor-mg996r-180-grados-t13-kg\/#primaryimage\"},\"thumbnailUrl\":\"https:\/\/systisen.com\/wp-content\/uploads\/2025\/08\/18.-Servomotor-MG996R_F.jpg\",\"datePublished\":\"2025-08-26T17:42:33+00:00\",\"dateModified\":\"2025-08-26T17:42:34+00:00\",\"breadcrumb\":{\"@id\":\"https:\/\/systisen.com\/index.php\/product\/servomotor-mg996r-180-grados-t13-kg\/#breadcrumb\"},\"inLanguage\":\"es\",\"potentialAction\":[{\"@type\":\"ReadAction\",\"target\":[\"https:\/\/systisen.com\/index.php\/product\/servomotor-mg996r-180-grados-t13-kg\/\"]}]},{\"@type\":\"ImageObject\",\"inLanguage\":\"es\",\"@id\":\"https:\/\/systisen.com\/index.php\/product\/servomotor-mg996r-180-grados-t13-kg\/#primaryimage\",\"url\":\"https:\/\/systisen.com\/wp-content\/uploads\/2025\/08\/18.-Servomotor-MG996R_F.jpg\",\"contentUrl\":\"https:\/\/systisen.com\/wp-content\/uploads\/2025\/08\/18.-Servomotor-MG996R_F.jpg\",\"width\":1080,\"height\":1080},{\"@type\":\"BreadcrumbList\",\"@id\":\"https:\/\/systisen.com\/index.php\/product\/servomotor-mg996r-180-grados-t13-kg\/#breadcrumb\",\"itemListElement\":[{\"@type\":\"ListItem\",\"position\":1,\"name\":\"Portada\",\"item\":\"https:\/\/systisen.com\/\"},{\"@type\":\"ListItem\",\"position\":2,\"name\":\"Tienda en l\u00ednea\",\"item\":\"https:\/\/systisen.com\/index.php\/tienda-en-linea\/\"},{\"@type\":\"ListItem\",\"position\":3,\"name\":\"Servomotor MG996R &#8211; 180 grados T=13 Kg\"}]},{\"@type\":\"WebSite\",\"@id\":\"https:\/\/systisen.com\/#website\",\"url\":\"https:\/\/systisen.com\/\",\"name\":\"Systisen\",\"description\":\"Ingenier\u00eda El\u00e9ctrica y Electr\u00f3nica\",\"publisher\":{\"@id\":\"https:\/\/systisen.com\/#organization\"},\"potentialAction\":[{\"@type\":\"SearchAction\",\"target\":{\"@type\":\"EntryPoint\",\"urlTemplate\":\"https:\/\/systisen.com\/?s={search_term_string}\"},\"query-input\":{\"@type\":\"PropertyValueSpecification\",\"valueRequired\":true,\"valueName\":\"search_term_string\"}}],\"inLanguage\":\"es\"},{\"@type\":\"Organization\",\"@id\":\"https:\/\/systisen.com\/#organization\",\"name\":\"Systisen\",\"url\":\"https:\/\/systisen.com\/\",\"logo\":{\"@type\":\"ImageObject\",\"inLanguage\":\"es\",\"@id\":\"https:\/\/systisen.com\/#\/schema\/logo\/image\/\",\"url\":\"https:\/\/systisen.com\/wp-content\/uploads\/2023\/12\/cropped-logo.png\",\"contentUrl\":\"https:\/\/systisen.com\/wp-content\/uploads\/2023\/12\/cropped-logo.png\",\"width\":371,\"height\":344,\"caption\":\"Systisen\"},\"image\":{\"@id\":\"https:\/\/systisen.com\/#\/schema\/logo\/image\/\"}}]}<\/script>\n<!-- \/ Yoast SEO Premium plugin. -->","yoast_head_json":{"title":"Servomotor MG996R - 180 grados T=13 Kg - Systisen","robots":{"index":"index","follow":"follow","max-snippet":"max-snippet:-1","max-image-preview":"max-image-preview:large","max-video-preview":"max-video-preview:-1"},"canonical":"https:\/\/systisen.com\/index.php\/product\/servomotor-mg996r-180-grados-t13-kg\/","og_locale":"es_ES","og_type":"article","og_title":"Servomotor MG996R - 180 grados T=13 Kg","og_description":"El servo MG996R Tower Pro destaca por su buen torque (13Kg), engranajes met\u00e1licos y gran robustez. \u00a0Es utilizado principalmente en proyectos de rob\u00f3tica, como brazos rob\u00f3ticos y robots b\u00edpedos. Puede rotar aproximadamente 180 grados (90\u00b0 en cada direcci\u00f3n). Para su uso con Arduino, recomendamos conectar el cable naranja al pin 9 o 10 y usar [&hellip;]","og_url":"https:\/\/systisen.com\/index.php\/product\/servomotor-mg996r-180-grados-t13-kg\/","og_site_name":"Systisen","article_modified_time":"2025-08-26T17:42:34+00:00","twitter_card":"summary_large_image","twitter_misc":{"Tiempo de lectura":"1 minuto"},"schema":{"@context":"https:\/\/schema.org","@graph":[{"@type":"WebPage","@id":"https:\/\/systisen.com\/index.php\/product\/servomotor-mg996r-180-grados-t13-kg\/","url":"https:\/\/systisen.com\/index.php\/product\/servomotor-mg996r-180-grados-t13-kg\/","name":"Servomotor MG996R - 180 grados T=13 Kg - Systisen","isPartOf":{"@id":"https:\/\/systisen.com\/#website"},"primaryImageOfPage":{"@id":"https:\/\/systisen.com\/index.php\/product\/servomotor-mg996r-180-grados-t13-kg\/#primaryimage"},"image":{"@id":"https:\/\/systisen.com\/index.php\/product\/servomotor-mg996r-180-grados-t13-kg\/#primaryimage"},"thumbnailUrl":"https:\/\/systisen.com\/wp-content\/uploads\/2025\/08\/18.-Servomotor-MG996R_F.jpg","datePublished":"2025-08-26T17:42:33+00:00","dateModified":"2025-08-26T17:42:34+00:00","breadcrumb":{"@id":"https:\/\/systisen.com\/index.php\/product\/servomotor-mg996r-180-grados-t13-kg\/#breadcrumb"},"inLanguage":"es","potentialAction":[{"@type":"ReadAction","target":["https:\/\/systisen.com\/index.php\/product\/servomotor-mg996r-180-grados-t13-kg\/"]}]},{"@type":"ImageObject","inLanguage":"es","@id":"https:\/\/systisen.com\/index.php\/product\/servomotor-mg996r-180-grados-t13-kg\/#primaryimage","url":"https:\/\/systisen.com\/wp-content\/uploads\/2025\/08\/18.-Servomotor-MG996R_F.jpg","contentUrl":"https:\/\/systisen.com\/wp-content\/uploads\/2025\/08\/18.-Servomotor-MG996R_F.jpg","width":1080,"height":1080},{"@type":"BreadcrumbList","@id":"https:\/\/systisen.com\/index.php\/product\/servomotor-mg996r-180-grados-t13-kg\/#breadcrumb","itemListElement":[{"@type":"ListItem","position":1,"name":"Portada","item":"https:\/\/systisen.com\/"},{"@type":"ListItem","position":2,"name":"Tienda en l\u00ednea","item":"https:\/\/systisen.com\/index.php\/tienda-en-linea\/"},{"@type":"ListItem","position":3,"name":"Servomotor MG996R &#8211; 180 grados T=13 Kg"}]},{"@type":"WebSite","@id":"https:\/\/systisen.com\/#website","url":"https:\/\/systisen.com\/","name":"Systisen","description":"Ingenier\u00eda El\u00e9ctrica y Electr\u00f3nica","publisher":{"@id":"https:\/\/systisen.com\/#organization"},"potentialAction":[{"@type":"SearchAction","target":{"@type":"EntryPoint","urlTemplate":"https:\/\/systisen.com\/?s={search_term_string}"},"query-input":{"@type":"PropertyValueSpecification","valueRequired":true,"valueName":"search_term_string"}}],"inLanguage":"es"},{"@type":"Organization","@id":"https:\/\/systisen.com\/#organization","name":"Systisen","url":"https:\/\/systisen.com\/","logo":{"@type":"ImageObject","inLanguage":"es","@id":"https:\/\/systisen.com\/#\/schema\/logo\/image\/","url":"https:\/\/systisen.com\/wp-content\/uploads\/2023\/12\/cropped-logo.png","contentUrl":"https:\/\/systisen.com\/wp-content\/uploads\/2023\/12\/cropped-logo.png","width":371,"height":344,"caption":"Systisen"},"image":{"@id":"https:\/\/systisen.com\/#\/schema\/logo\/image\/"}}]}},"_links":{"self":[{"href":"https:\/\/systisen.com\/index.php\/wp-json\/wp\/v2\/product\/1245","targetHints":{"allow":["GET"]}}],"collection":[{"href":"https:\/\/systisen.com\/index.php\/wp-json\/wp\/v2\/product"}],"about":[{"href":"https:\/\/systisen.com\/index.php\/wp-json\/wp\/v2\/types\/product"}],"wp:featuredmedia":[{"embeddable":true,"href":"https:\/\/systisen.com\/index.php\/wp-json\/wp\/v2\/media\/1146"}],"wp:attachment":[{"href":"https:\/\/systisen.com\/index.php\/wp-json\/wp\/v2\/media?parent=1245"}],"wp:term":[{"taxonomy":"product_brand","embeddable":true,"href":"https:\/\/systisen.com\/index.php\/wp-json\/wp\/v2\/product_brand?post=1245"},{"taxonomy":"product_cat","embeddable":true,"href":"https:\/\/systisen.com\/index.php\/wp-json\/wp\/v2\/product_cat?post=1245"},{"taxonomy":"product_tag","embeddable":true,"href":"https:\/\/systisen.com\/index.php\/wp-json\/wp\/v2\/product_tag?post=1245"}],"curies":[{"name":"wp","href":"https:\/\/api.w.org\/{rel}","templated":true}]}}