{"id":1252,"date":"2025-08-26T12:42:44","date_gmt":"2025-08-26T17:42:44","guid":{"rendered":"https:\/\/systisen.com\/index.php\/product\/fuente-de-voltaje-regulado-30vdc-30amp\/"},"modified":"2025-09-01T13:45:41","modified_gmt":"2025-09-01T18:45:41","slug":"fuente-de-voltaje-regulado-30vdc-30amp","status":"publish","type":"product","link":"https:\/\/systisen.com\/index.php\/product\/fuente-de-voltaje-regulado-30vdc-30amp\/","title":{"rendered":"Fuente de voltaje regulado 30VDC \u2013 30AMP"},"content":{"rendered":"<p>Fuente de voltaje regulada; voltaje de salida 0 \u2013 30 VDC corriente 0 \u2013 30 ADC; fuente de tecnolog\u00eda Switching.<br \/>\nIdeal para laboratorios de mantenimiento, reparaci\u00f3n y electr\u00f3nica aplicada.    <\/p>\n<p>Especificaciones t\u00e9cnicas:<br \/>\nVoltaje de salida: 0 \u2013 30 Vdc<br \/>\nCorriente M\u00e1xima de salida: 0- 30 Amp<br \/>\nVoltaje de entrada: 115 \u2013 230 Vac (+10%)  50\/60 Hz<br \/>\nEstabilidad de voltaje: menor a 0.1% + 3 mV<br \/>\nEstabilidad de voltaje en carga: menor a 0.5% + 3 mV<br \/>\nRizado de voltaje: menor a 30 mVrms<br \/>\nEstabilidad de corriente: menor a 0.2% + 3mA<br \/>\nEstabilidad de corriente en carga: menor a 0.2% + 3mA<br \/>\nRizado de corriente: menor a 20 mA rms<br \/>\nResoluci\u00f3n de programaci\u00f3n: 0.01 Vdc  0.001 Adc<\/p>\n","protected":false},"excerpt":{"rendered":"<p>Fuente de voltaje regulada; voltaje de salida 0 \u2013 30 VDC corriente 0 \u2013 30 ADC; fuente de tecnolog\u00eda Switching. Ideal para laboratorios de mantenimiento, reparaci\u00f3n y electr\u00f3nica aplicada. Especificaciones t\u00e9cnicas: Voltaje de salida: 0 \u2013 30 Vdc Corriente M\u00e1xima de salida: 0- 30 Amp Voltaje de entrada: 115 \u2013 230 Vac (+10%) 50\/60 Hz [&hellip;]<\/p>\n","protected":false},"featured_media":1152,"template":"","meta":{"site-sidebar-layout":"default","site-content-layout":"","ast-site-content-layout":"default","site-content-style":"default","site-sidebar-style":"default","ast-global-header-display":"","ast-banner-title-visibility":"","ast-main-header-display":"","ast-hfb-above-header-display":"","ast-hfb-below-header-display":"","ast-hfb-mobile-header-display":"","site-post-title":"","ast-breadcrumbs-content":"","ast-featured-img":"","footer-sml-layout":"","theme-transparent-header-meta":"","adv-header-id-meta":"","stick-header-meta":"","header-above-stick-meta":"","header-main-stick-meta":"","header-below-stick-meta":"","astra-migrate-meta-layouts":"default","ast-page-background-enabled":"default","ast-page-background-meta":{"desktop":{"background-color":"var(--ast-global-color-4)","background-image":"","background-repeat":"repeat","background-position":"center center","background-size":"auto","background-attachment":"scroll","background-type":"","background-media":"","overlay-type":"","overlay-color":"","overlay-opacity":"","overlay-gradient":""},"tablet":{"background-color":"","background-image":"","background-repeat":"repeat","background-position":"center center","background-size":"auto","background-attachment":"scroll","background-type":"","background-media":"","overlay-type":"","overlay-color":"","overlay-opacity":"","overlay-gradient":""},"mobile":{"background-color":"","background-image":"","background-repeat":"repeat","background-position":"center center","background-size":"auto","background-attachment":"scroll","background-type":"","background-media":"","overlay-type":"","overlay-color":"","overlay-opacity":"","overlay-gradient":""}},"ast-content-background-meta":{"desktop":{"background-color":"var(--ast-global-color-5)","background-image":"","background-repeat":"repeat","background-position":"center center","background-size":"auto","background-attachment":"scroll","background-type":"","background-media":"","overlay-type":"","overlay-color":"","overlay-opacity":"","overlay-gradient":""},"tablet":{"background-color":"var(--ast-global-color-5)","background-image":"","background-repeat":"repeat","background-position":"center center","background-size":"auto","background-attachment":"scroll","background-type":"","background-media":"","overlay-type":"","overlay-color":"","overlay-opacity":"","overlay-gradient":""},"mobile":{"background-color":"var(--ast-global-color-5)","background-image":"","background-repeat":"repeat","background-position":"center center","background-size":"auto","background-attachment":"scroll","background-type":"","background-media":"","overlay-type":"","overlay-color":"","overlay-opacity":"","overlay-gradient":""}},"_joinchat":[]},"product_brand":[],"product_cat":[83],"product_tag":[58],"class_list":{"0":"post-1252","1":"product","2":"type-product","3":"status-publish","4":"has-post-thumbnail","6":"product_cat-fuentes-de-voltaje","7":"product_tag-fuente-de-voltaje-regulado-30vdc-30amp","8":"desktop-align-left","9":"tablet-align-left","10":"mobile-align-left","12":"first","13":"instock","14":"taxable","15":"shipping-taxable","16":"product-type-simple"},"yoast_head":"<!-- This site is optimized with the Yoast SEO Premium plugin v21.5 (Yoast SEO v25.7) - https:\/\/yoast.com\/wordpress\/plugins\/seo\/ -->\n<title>Fuente de voltaje regulado 30VDC \u2013 30AMP - Systisen<\/title>\n<meta name=\"robots\" content=\"index, follow, max-snippet:-1, max-image-preview:large, max-video-preview:-1\" \/>\n<link rel=\"canonical\" href=\"https:\/\/systisen.com\/index.php\/product\/fuente-de-voltaje-regulado-30vdc-30amp\/\" \/>\n<meta property=\"og:locale\" content=\"es_ES\" \/>\n<meta property=\"og:type\" content=\"article\" \/>\n<meta property=\"og:title\" content=\"Fuente de voltaje regulado 30VDC \u2013 30AMP\" \/>\n<meta property=\"og:description\" content=\"Fuente de voltaje regulada; voltaje de salida 0 \u2013 30 VDC corriente 0 \u2013 30 ADC; fuente de tecnolog\u00eda Switching. Ideal para laboratorios de mantenimiento, reparaci\u00f3n y electr\u00f3nica aplicada. Especificaciones t\u00e9cnicas: Voltaje de salida: 0 \u2013 30 Vdc Corriente M\u00e1xima de salida: 0- 30 Amp Voltaje de entrada: 115 \u2013 230 Vac (+10%) 50\/60 Hz [&hellip;]\" \/>\n<meta property=\"og:url\" content=\"https:\/\/systisen.com\/index.php\/product\/fuente-de-voltaje-regulado-30vdc-30amp\/\" \/>\n<meta property=\"og:site_name\" content=\"Systisen\" \/>\n<meta property=\"article:modified_time\" content=\"2025-09-01T18:45:41+00:00\" \/>\n<meta property=\"og:image\" content=\"http:\/\/systisen.com\/wp-content\/uploads\/2025\/08\/25.-Fuente-Voltaje-Regulado-30VDC-30AMP_F.jpg\" \/>\n\t<meta property=\"og:image:width\" content=\"1080\" \/>\n\t<meta property=\"og:image:height\" content=\"1080\" \/>\n\t<meta property=\"og:image:type\" content=\"image\/jpeg\" \/>\n<meta name=\"twitter:card\" content=\"summary_large_image\" \/>\n<script type=\"application\/ld+json\" class=\"yoast-schema-graph\">{\"@context\":\"https:\/\/schema.org\",\"@graph\":[{\"@type\":\"WebPage\",\"@id\":\"https:\/\/systisen.com\/index.php\/product\/fuente-de-voltaje-regulado-30vdc-30amp\/\",\"url\":\"https:\/\/systisen.com\/index.php\/product\/fuente-de-voltaje-regulado-30vdc-30amp\/\",\"name\":\"Fuente de voltaje regulado 30VDC \u2013 30AMP - Systisen\",\"isPartOf\":{\"@id\":\"https:\/\/systisen.com\/#website\"},\"primaryImageOfPage\":{\"@id\":\"https:\/\/systisen.com\/index.php\/product\/fuente-de-voltaje-regulado-30vdc-30amp\/#primaryimage\"},\"image\":{\"@id\":\"https:\/\/systisen.com\/index.php\/product\/fuente-de-voltaje-regulado-30vdc-30amp\/#primaryimage\"},\"thumbnailUrl\":\"https:\/\/systisen.com\/wp-content\/uploads\/2025\/08\/25.-Fuente-Voltaje-Regulado-30VDC-30AMP_F.jpg\",\"datePublished\":\"2025-08-26T17:42:44+00:00\",\"dateModified\":\"2025-09-01T18:45:41+00:00\",\"breadcrumb\":{\"@id\":\"https:\/\/systisen.com\/index.php\/product\/fuente-de-voltaje-regulado-30vdc-30amp\/#breadcrumb\"},\"inLanguage\":\"es\",\"potentialAction\":[{\"@type\":\"ReadAction\",\"target\":[\"https:\/\/systisen.com\/index.php\/product\/fuente-de-voltaje-regulado-30vdc-30amp\/\"]}]},{\"@type\":\"ImageObject\",\"inLanguage\":\"es\",\"@id\":\"https:\/\/systisen.com\/index.php\/product\/fuente-de-voltaje-regulado-30vdc-30amp\/#primaryimage\",\"url\":\"https:\/\/systisen.com\/wp-content\/uploads\/2025\/08\/25.-Fuente-Voltaje-Regulado-30VDC-30AMP_F.jpg\",\"contentUrl\":\"https:\/\/systisen.com\/wp-content\/uploads\/2025\/08\/25.-Fuente-Voltaje-Regulado-30VDC-30AMP_F.jpg\",\"width\":1080,\"height\":1080},{\"@type\":\"BreadcrumbList\",\"@id\":\"https:\/\/systisen.com\/index.php\/product\/fuente-de-voltaje-regulado-30vdc-30amp\/#breadcrumb\",\"itemListElement\":[{\"@type\":\"ListItem\",\"position\":1,\"name\":\"Portada\",\"item\":\"https:\/\/systisen.com\/\"},{\"@type\":\"ListItem\",\"position\":2,\"name\":\"Tienda en l\u00ednea\",\"item\":\"https:\/\/systisen.com\/index.php\/tienda-en-linea\/\"},{\"@type\":\"ListItem\",\"position\":3,\"name\":\"Fuente de voltaje regulado 30VDC \u2013 30AMP\"}]},{\"@type\":\"WebSite\",\"@id\":\"https:\/\/systisen.com\/#website\",\"url\":\"https:\/\/systisen.com\/\",\"name\":\"Systisen\",\"description\":\"Ingenier\u00eda El\u00e9ctrica y Electr\u00f3nica\",\"publisher\":{\"@id\":\"https:\/\/systisen.com\/#organization\"},\"potentialAction\":[{\"@type\":\"SearchAction\",\"target\":{\"@type\":\"EntryPoint\",\"urlTemplate\":\"https:\/\/systisen.com\/?s={search_term_string}\"},\"query-input\":{\"@type\":\"PropertyValueSpecification\",\"valueRequired\":true,\"valueName\":\"search_term_string\"}}],\"inLanguage\":\"es\"},{\"@type\":\"Organization\",\"@id\":\"https:\/\/systisen.com\/#organization\",\"name\":\"Systisen\",\"url\":\"https:\/\/systisen.com\/\",\"logo\":{\"@type\":\"ImageObject\",\"inLanguage\":\"es\",\"@id\":\"https:\/\/systisen.com\/#\/schema\/logo\/image\/\",\"url\":\"https:\/\/systisen.com\/wp-content\/uploads\/2023\/12\/cropped-logo.png\",\"contentUrl\":\"https:\/\/systisen.com\/wp-content\/uploads\/2023\/12\/cropped-logo.png\",\"width\":371,\"height\":344,\"caption\":\"Systisen\"},\"image\":{\"@id\":\"https:\/\/systisen.com\/#\/schema\/logo\/image\/\"}}]}<\/script>\n<!-- \/ Yoast SEO Premium plugin. -->","yoast_head_json":{"title":"Fuente de voltaje regulado 30VDC \u2013 30AMP - Systisen","robots":{"index":"index","follow":"follow","max-snippet":"max-snippet:-1","max-image-preview":"max-image-preview:large","max-video-preview":"max-video-preview:-1"},"canonical":"https:\/\/systisen.com\/index.php\/product\/fuente-de-voltaje-regulado-30vdc-30amp\/","og_locale":"es_ES","og_type":"article","og_title":"Fuente de voltaje regulado 30VDC \u2013 30AMP","og_description":"Fuente de voltaje regulada; voltaje de salida 0 \u2013 30 VDC corriente 0 \u2013 30 ADC; fuente de tecnolog\u00eda Switching. Ideal para laboratorios de mantenimiento, reparaci\u00f3n y electr\u00f3nica aplicada. Especificaciones t\u00e9cnicas: Voltaje de salida: 0 \u2013 30 Vdc Corriente M\u00e1xima de salida: 0- 30 Amp Voltaje de entrada: 115 \u2013 230 Vac (+10%) 50\/60 Hz [&hellip;]","og_url":"https:\/\/systisen.com\/index.php\/product\/fuente-de-voltaje-regulado-30vdc-30amp\/","og_site_name":"Systisen","article_modified_time":"2025-09-01T18:45:41+00:00","og_image":[{"width":1080,"height":1080,"url":"http:\/\/systisen.com\/wp-content\/uploads\/2025\/08\/25.-Fuente-Voltaje-Regulado-30VDC-30AMP_F.jpg","type":"image\/jpeg"}],"twitter_card":"summary_large_image","schema":{"@context":"https:\/\/schema.org","@graph":[{"@type":"WebPage","@id":"https:\/\/systisen.com\/index.php\/product\/fuente-de-voltaje-regulado-30vdc-30amp\/","url":"https:\/\/systisen.com\/index.php\/product\/fuente-de-voltaje-regulado-30vdc-30amp\/","name":"Fuente de voltaje regulado 30VDC \u2013 30AMP - Systisen","isPartOf":{"@id":"https:\/\/systisen.com\/#website"},"primaryImageOfPage":{"@id":"https:\/\/systisen.com\/index.php\/product\/fuente-de-voltaje-regulado-30vdc-30amp\/#primaryimage"},"image":{"@id":"https:\/\/systisen.com\/index.php\/product\/fuente-de-voltaje-regulado-30vdc-30amp\/#primaryimage"},"thumbnailUrl":"https:\/\/systisen.com\/wp-content\/uploads\/2025\/08\/25.-Fuente-Voltaje-Regulado-30VDC-30AMP_F.jpg","datePublished":"2025-08-26T17:42:44+00:00","dateModified":"2025-09-01T18:45:41+00:00","breadcrumb":{"@id":"https:\/\/systisen.com\/index.php\/product\/fuente-de-voltaje-regulado-30vdc-30amp\/#breadcrumb"},"inLanguage":"es","potentialAction":[{"@type":"ReadAction","target":["https:\/\/systisen.com\/index.php\/product\/fuente-de-voltaje-regulado-30vdc-30amp\/"]}]},{"@type":"ImageObject","inLanguage":"es","@id":"https:\/\/systisen.com\/index.php\/product\/fuente-de-voltaje-regulado-30vdc-30amp\/#primaryimage","url":"https:\/\/systisen.com\/wp-content\/uploads\/2025\/08\/25.-Fuente-Voltaje-Regulado-30VDC-30AMP_F.jpg","contentUrl":"https:\/\/systisen.com\/wp-content\/uploads\/2025\/08\/25.-Fuente-Voltaje-Regulado-30VDC-30AMP_F.jpg","width":1080,"height":1080},{"@type":"BreadcrumbList","@id":"https:\/\/systisen.com\/index.php\/product\/fuente-de-voltaje-regulado-30vdc-30amp\/#breadcrumb","itemListElement":[{"@type":"ListItem","position":1,"name":"Portada","item":"https:\/\/systisen.com\/"},{"@type":"ListItem","position":2,"name":"Tienda en l\u00ednea","item":"https:\/\/systisen.com\/index.php\/tienda-en-linea\/"},{"@type":"ListItem","position":3,"name":"Fuente de voltaje regulado 30VDC \u2013 30AMP"}]},{"@type":"WebSite","@id":"https:\/\/systisen.com\/#website","url":"https:\/\/systisen.com\/","name":"Systisen","description":"Ingenier\u00eda El\u00e9ctrica y Electr\u00f3nica","publisher":{"@id":"https:\/\/systisen.com\/#organization"},"potentialAction":[{"@type":"SearchAction","target":{"@type":"EntryPoint","urlTemplate":"https:\/\/systisen.com\/?s={search_term_string}"},"query-input":{"@type":"PropertyValueSpecification","valueRequired":true,"valueName":"search_term_string"}}],"inLanguage":"es"},{"@type":"Organization","@id":"https:\/\/systisen.com\/#organization","name":"Systisen","url":"https:\/\/systisen.com\/","logo":{"@type":"ImageObject","inLanguage":"es","@id":"https:\/\/systisen.com\/#\/schema\/logo\/image\/","url":"https:\/\/systisen.com\/wp-content\/uploads\/2023\/12\/cropped-logo.png","contentUrl":"https:\/\/systisen.com\/wp-content\/uploads\/2023\/12\/cropped-logo.png","width":371,"height":344,"caption":"Systisen"},"image":{"@id":"https:\/\/systisen.com\/#\/schema\/logo\/image\/"}}]}},"_links":{"self":[{"href":"https:\/\/systisen.com\/index.php\/wp-json\/wp\/v2\/product\/1252","targetHints":{"allow":["GET"]}}],"collection":[{"href":"https:\/\/systisen.com\/index.php\/wp-json\/wp\/v2\/product"}],"about":[{"href":"https:\/\/systisen.com\/index.php\/wp-json\/wp\/v2\/types\/product"}],"wp:featuredmedia":[{"embeddable":true,"href":"https:\/\/systisen.com\/index.php\/wp-json\/wp\/v2\/media\/1152"}],"wp:attachment":[{"href":"https:\/\/systisen.com\/index.php\/wp-json\/wp\/v2\/media?parent=1252"}],"wp:term":[{"taxonomy":"product_brand","embeddable":true,"href":"https:\/\/systisen.com\/index.php\/wp-json\/wp\/v2\/product_brand?post=1252"},{"taxonomy":"product_cat","embeddable":true,"href":"https:\/\/systisen.com\/index.php\/wp-json\/wp\/v2\/product_cat?post=1252"},{"taxonomy":"product_tag","embeddable":true,"href":"https:\/\/systisen.com\/index.php\/wp-json\/wp\/v2\/product_tag?post=1252"}],"curies":[{"name":"wp","href":"https:\/\/api.w.org\/{rel}","templated":true}]}}