{"id":1254,"date":"2025-08-26T12:42:46","date_gmt":"2025-08-26T17:42:46","guid":{"rendered":"https:\/\/systisen.com\/index.php\/product\/multimetro-multirango-para-reparacion-de-smartphone-sunshine-dt-19n-mini\/"},"modified":"2025-08-26T12:42:47","modified_gmt":"2025-08-26T17:42:47","slug":"multimetro-multirango-para-reparacion-de-smartphone-sunshine-dt-19n-mini","status":"publish","type":"product","link":"https:\/\/systisen.com\/index.php\/product\/multimetro-multirango-para-reparacion-de-smartphone-sunshine-dt-19n-mini\/","title":{"rendered":"Mult\u00edmetro multirango para reparaci\u00f3n de smartphone SUNSHINE DT-19N mini"},"content":{"rendered":"<p>Mult\u00edmetro SUNSHINE multirango; utilizado para reparaciones de celulares, laptops, tarjetas electr\u00f3nicas.<\/p>\n<p>Especificaciones t\u00e9cnicas:<br \/>\nVoltaje AC: 0-750 Vac<br \/>\nVoltaje DC: 0-1000 Vdc<br \/>\nCorriente AC\/DC: 0-10 Amp<br \/>\nResistencia: 0-60 M ohmios<br \/>\nCapacitancia: 0-6000 UF<br \/>\nFrecuenc\u00edmetro: 10-20 MHz<br \/>\nTemperatura: -20 a 1000 C<br \/>\nFunciones: Diodo, continuidad, multirango<br \/>\nAlimentaci\u00f3n: 2 bater\u00edas AA (no incluidas)<\/p>\n<p>Incluye:<br \/>\n1 Mult\u00edmetro SUNSHINE multirango DT-19N mini<br \/>\n1 Juego de cables<\/p>\n","protected":false},"excerpt":{"rendered":"<p>Mult\u00edmetro SUNSHINE multirango; utilizado para reparaciones de celulares, laptops, tarjetas electr\u00f3nicas. Especificaciones t\u00e9cnicas: Voltaje AC: 0-750 Vac Voltaje DC: 0-1000 Vdc Corriente AC\/DC: 0-10 Amp Resistencia: 0-60 M ohmios Capacitancia: 0-6000 UF Frecuenc\u00edmetro: 10-20 MHz Temperatura: -20 a 1000 C Funciones: Diodo, continuidad, multirango Alimentaci\u00f3n: 2 bater\u00edas AA (no incluidas) Incluye: 1 Mult\u00edmetro SUNSHINE multirango [&hellip;]<\/p>\n","protected":false},"featured_media":1154,"template":"","meta":{"site-sidebar-layout":"default","site-content-layout":"","ast-site-content-layout":"default","site-content-style":"default","site-sidebar-style":"default","ast-global-header-display":"","ast-banner-title-visibility":"","ast-main-header-display":"","ast-hfb-above-header-display":"","ast-hfb-below-header-display":"","ast-hfb-mobile-header-display":"","site-post-title":"","ast-breadcrumbs-content":"","ast-featured-img":"","footer-sml-layout":"","theme-transparent-header-meta":"","adv-header-id-meta":"","stick-header-meta":"","header-above-stick-meta":"","header-main-stick-meta":"","header-below-stick-meta":"","astra-migrate-meta-layouts":"default","ast-page-background-enabled":"default","ast-page-background-meta":{"desktop":{"background-color":"var(--ast-global-color-4)","background-image":"","background-repeat":"repeat","background-position":"center center","background-size":"auto","background-attachment":"scroll","background-type":"","background-media":"","overlay-type":"","overlay-color":"","overlay-opacity":"","overlay-gradient":""},"tablet":{"background-color":"","background-image":"","background-repeat":"repeat","background-position":"center center","background-size":"auto","background-attachment":"scroll","background-type":"","background-media":"","overlay-type":"","overlay-color":"","overlay-opacity":"","overlay-gradient":""},"mobile":{"background-color":"","background-image":"","background-repeat":"repeat","background-position":"center center","background-size":"auto","background-attachment":"scroll","background-type":"","background-media":"","overlay-type":"","overlay-color":"","overlay-opacity":"","overlay-gradient":""}},"ast-content-background-meta":{"desktop":{"background-color":"var(--ast-global-color-5)","background-image":"","background-repeat":"repeat","background-position":"center center","background-size":"auto","background-attachment":"scroll","background-type":"","background-media":"","overlay-type":"","overlay-color":"","overlay-opacity":"","overlay-gradient":""},"tablet":{"background-color":"var(--ast-global-color-5)","background-image":"","background-repeat":"repeat","background-position":"center center","background-size":"auto","background-attachment":"scroll","background-type":"","background-media":"","overlay-type":"","overlay-color":"","overlay-opacity":"","overlay-gradient":""},"mobile":{"background-color":"var(--ast-global-color-5)","background-image":"","background-repeat":"repeat","background-position":"center center","background-size":"auto","background-attachment":"scroll","background-type":"","background-media":"","overlay-type":"","overlay-color":"","overlay-opacity":"","overlay-gradient":""}},"_joinchat":[]},"product_brand":[],"product_cat":[84],"product_tag":[60],"class_list":{"0":"post-1254","1":"product","2":"type-product","3":"status-publish","4":"has-post-thumbnail","6":"product_cat-equipos-de-medicion","7":"product_tag-multimetro-multirango-para-reparacion-de-smartphone-sunshine-dt-19n","8":"desktop-align-left","9":"tablet-align-left","10":"mobile-align-left","12":"first","13":"instock","14":"taxable","15":"shipping-taxable","16":"purchasable","17":"product-type-simple"},"yoast_head":"<!-- This site is optimized with the Yoast SEO Premium plugin v21.5 (Yoast SEO v25.7) - https:\/\/yoast.com\/wordpress\/plugins\/seo\/ -->\n<title>Mult\u00edmetro multirango para reparaci\u00f3n de smartphone SUNSHINE DT-19N mini - Systisen<\/title>\n<meta name=\"robots\" content=\"index, follow, max-snippet:-1, max-image-preview:large, max-video-preview:-1\" \/>\n<link rel=\"canonical\" href=\"https:\/\/systisen.com\/index.php\/product\/multimetro-multirango-para-reparacion-de-smartphone-sunshine-dt-19n-mini\/\" \/>\n<meta property=\"og:locale\" content=\"es_ES\" \/>\n<meta property=\"og:type\" content=\"article\" \/>\n<meta property=\"og:title\" content=\"Mult\u00edmetro multirango para reparaci\u00f3n de smartphone SUNSHINE DT-19N mini\" \/>\n<meta property=\"og:description\" content=\"Mult\u00edmetro SUNSHINE multirango; utilizado para reparaciones de celulares, laptops, tarjetas electr\u00f3nicas. Especificaciones t\u00e9cnicas: Voltaje AC: 0-750 Vac Voltaje DC: 0-1000 Vdc Corriente AC\/DC: 0-10 Amp Resistencia: 0-60 M ohmios Capacitancia: 0-6000 UF Frecuenc\u00edmetro: 10-20 MHz Temperatura: -20 a 1000 C Funciones: Diodo, continuidad, multirango Alimentaci\u00f3n: 2 bater\u00edas AA (no incluidas) Incluye: 1 Mult\u00edmetro SUNSHINE multirango [&hellip;]\" \/>\n<meta property=\"og:url\" content=\"https:\/\/systisen.com\/index.php\/product\/multimetro-multirango-para-reparacion-de-smartphone-sunshine-dt-19n-mini\/\" \/>\n<meta property=\"og:site_name\" content=\"Systisen\" \/>\n<meta property=\"article:modified_time\" content=\"2025-08-26T17:42:47+00:00\" \/>\n<meta name=\"twitter:card\" content=\"summary_large_image\" \/>\n<script type=\"application\/ld+json\" class=\"yoast-schema-graph\">{\"@context\":\"https:\/\/schema.org\",\"@graph\":[{\"@type\":\"WebPage\",\"@id\":\"https:\/\/systisen.com\/index.php\/product\/multimetro-multirango-para-reparacion-de-smartphone-sunshine-dt-19n-mini\/\",\"url\":\"https:\/\/systisen.com\/index.php\/product\/multimetro-multirango-para-reparacion-de-smartphone-sunshine-dt-19n-mini\/\",\"name\":\"Mult\u00edmetro multirango para reparaci\u00f3n de smartphone SUNSHINE DT-19N mini - Systisen\",\"isPartOf\":{\"@id\":\"https:\/\/systisen.com\/#website\"},\"primaryImageOfPage\":{\"@id\":\"https:\/\/systisen.com\/index.php\/product\/multimetro-multirango-para-reparacion-de-smartphone-sunshine-dt-19n-mini\/#primaryimage\"},\"image\":{\"@id\":\"https:\/\/systisen.com\/index.php\/product\/multimetro-multirango-para-reparacion-de-smartphone-sunshine-dt-19n-mini\/#primaryimage\"},\"thumbnailUrl\":\"https:\/\/systisen.com\/wp-content\/uploads\/2025\/08\/28.-Multimetro-multirango_Sunshine-DT-19N-mini.jpg\",\"datePublished\":\"2025-08-26T17:42:46+00:00\",\"dateModified\":\"2025-08-26T17:42:47+00:00\",\"breadcrumb\":{\"@id\":\"https:\/\/systisen.com\/index.php\/product\/multimetro-multirango-para-reparacion-de-smartphone-sunshine-dt-19n-mini\/#breadcrumb\"},\"inLanguage\":\"es\",\"potentialAction\":[{\"@type\":\"ReadAction\",\"target\":[\"https:\/\/systisen.com\/index.php\/product\/multimetro-multirango-para-reparacion-de-smartphone-sunshine-dt-19n-mini\/\"]}]},{\"@type\":\"ImageObject\",\"inLanguage\":\"es\",\"@id\":\"https:\/\/systisen.com\/index.php\/product\/multimetro-multirango-para-reparacion-de-smartphone-sunshine-dt-19n-mini\/#primaryimage\",\"url\":\"https:\/\/systisen.com\/wp-content\/uploads\/2025\/08\/28.-Multimetro-multirango_Sunshine-DT-19N-mini.jpg\",\"contentUrl\":\"https:\/\/systisen.com\/wp-content\/uploads\/2025\/08\/28.-Multimetro-multirango_Sunshine-DT-19N-mini.jpg\",\"width\":1080,\"height\":1080},{\"@type\":\"BreadcrumbList\",\"@id\":\"https:\/\/systisen.com\/index.php\/product\/multimetro-multirango-para-reparacion-de-smartphone-sunshine-dt-19n-mini\/#breadcrumb\",\"itemListElement\":[{\"@type\":\"ListItem\",\"position\":1,\"name\":\"Portada\",\"item\":\"https:\/\/systisen.com\/\"},{\"@type\":\"ListItem\",\"position\":2,\"name\":\"Tienda en l\u00ednea\",\"item\":\"https:\/\/systisen.com\/index.php\/tienda-en-linea\/\"},{\"@type\":\"ListItem\",\"position\":3,\"name\":\"Mult\u00edmetro multirango para reparaci\u00f3n de smartphone SUNSHINE DT-19N mini\"}]},{\"@type\":\"WebSite\",\"@id\":\"https:\/\/systisen.com\/#website\",\"url\":\"https:\/\/systisen.com\/\",\"name\":\"Systisen\",\"description\":\"Ingenier\u00eda El\u00e9ctrica y Electr\u00f3nica\",\"publisher\":{\"@id\":\"https:\/\/systisen.com\/#organization\"},\"potentialAction\":[{\"@type\":\"SearchAction\",\"target\":{\"@type\":\"EntryPoint\",\"urlTemplate\":\"https:\/\/systisen.com\/?s={search_term_string}\"},\"query-input\":{\"@type\":\"PropertyValueSpecification\",\"valueRequired\":true,\"valueName\":\"search_term_string\"}}],\"inLanguage\":\"es\"},{\"@type\":\"Organization\",\"@id\":\"https:\/\/systisen.com\/#organization\",\"name\":\"Systisen\",\"url\":\"https:\/\/systisen.com\/\",\"logo\":{\"@type\":\"ImageObject\",\"inLanguage\":\"es\",\"@id\":\"https:\/\/systisen.com\/#\/schema\/logo\/image\/\",\"url\":\"https:\/\/systisen.com\/wp-content\/uploads\/2023\/12\/cropped-logo.png\",\"contentUrl\":\"https:\/\/systisen.com\/wp-content\/uploads\/2023\/12\/cropped-logo.png\",\"width\":371,\"height\":344,\"caption\":\"Systisen\"},\"image\":{\"@id\":\"https:\/\/systisen.com\/#\/schema\/logo\/image\/\"}}]}<\/script>\n<!-- \/ Yoast SEO Premium plugin. -->","yoast_head_json":{"title":"Mult\u00edmetro multirango para reparaci\u00f3n de smartphone SUNSHINE DT-19N mini - Systisen","robots":{"index":"index","follow":"follow","max-snippet":"max-snippet:-1","max-image-preview":"max-image-preview:large","max-video-preview":"max-video-preview:-1"},"canonical":"https:\/\/systisen.com\/index.php\/product\/multimetro-multirango-para-reparacion-de-smartphone-sunshine-dt-19n-mini\/","og_locale":"es_ES","og_type":"article","og_title":"Mult\u00edmetro multirango para reparaci\u00f3n de smartphone SUNSHINE DT-19N mini","og_description":"Mult\u00edmetro SUNSHINE multirango; utilizado para reparaciones de celulares, laptops, tarjetas electr\u00f3nicas. Especificaciones t\u00e9cnicas: Voltaje AC: 0-750 Vac Voltaje DC: 0-1000 Vdc Corriente AC\/DC: 0-10 Amp Resistencia: 0-60 M ohmios Capacitancia: 0-6000 UF Frecuenc\u00edmetro: 10-20 MHz Temperatura: -20 a 1000 C Funciones: Diodo, continuidad, multirango Alimentaci\u00f3n: 2 bater\u00edas AA (no incluidas) Incluye: 1 Mult\u00edmetro SUNSHINE multirango [&hellip;]","og_url":"https:\/\/systisen.com\/index.php\/product\/multimetro-multirango-para-reparacion-de-smartphone-sunshine-dt-19n-mini\/","og_site_name":"Systisen","article_modified_time":"2025-08-26T17:42:47+00:00","twitter_card":"summary_large_image","schema":{"@context":"https:\/\/schema.org","@graph":[{"@type":"WebPage","@id":"https:\/\/systisen.com\/index.php\/product\/multimetro-multirango-para-reparacion-de-smartphone-sunshine-dt-19n-mini\/","url":"https:\/\/systisen.com\/index.php\/product\/multimetro-multirango-para-reparacion-de-smartphone-sunshine-dt-19n-mini\/","name":"Mult\u00edmetro multirango para reparaci\u00f3n de smartphone SUNSHINE DT-19N mini - Systisen","isPartOf":{"@id":"https:\/\/systisen.com\/#website"},"primaryImageOfPage":{"@id":"https:\/\/systisen.com\/index.php\/product\/multimetro-multirango-para-reparacion-de-smartphone-sunshine-dt-19n-mini\/#primaryimage"},"image":{"@id":"https:\/\/systisen.com\/index.php\/product\/multimetro-multirango-para-reparacion-de-smartphone-sunshine-dt-19n-mini\/#primaryimage"},"thumbnailUrl":"https:\/\/systisen.com\/wp-content\/uploads\/2025\/08\/28.-Multimetro-multirango_Sunshine-DT-19N-mini.jpg","datePublished":"2025-08-26T17:42:46+00:00","dateModified":"2025-08-26T17:42:47+00:00","breadcrumb":{"@id":"https:\/\/systisen.com\/index.php\/product\/multimetro-multirango-para-reparacion-de-smartphone-sunshine-dt-19n-mini\/#breadcrumb"},"inLanguage":"es","potentialAction":[{"@type":"ReadAction","target":["https:\/\/systisen.com\/index.php\/product\/multimetro-multirango-para-reparacion-de-smartphone-sunshine-dt-19n-mini\/"]}]},{"@type":"ImageObject","inLanguage":"es","@id":"https:\/\/systisen.com\/index.php\/product\/multimetro-multirango-para-reparacion-de-smartphone-sunshine-dt-19n-mini\/#primaryimage","url":"https:\/\/systisen.com\/wp-content\/uploads\/2025\/08\/28.-Multimetro-multirango_Sunshine-DT-19N-mini.jpg","contentUrl":"https:\/\/systisen.com\/wp-content\/uploads\/2025\/08\/28.-Multimetro-multirango_Sunshine-DT-19N-mini.jpg","width":1080,"height":1080},{"@type":"BreadcrumbList","@id":"https:\/\/systisen.com\/index.php\/product\/multimetro-multirango-para-reparacion-de-smartphone-sunshine-dt-19n-mini\/#breadcrumb","itemListElement":[{"@type":"ListItem","position":1,"name":"Portada","item":"https:\/\/systisen.com\/"},{"@type":"ListItem","position":2,"name":"Tienda en l\u00ednea","item":"https:\/\/systisen.com\/index.php\/tienda-en-linea\/"},{"@type":"ListItem","position":3,"name":"Mult\u00edmetro multirango para reparaci\u00f3n de smartphone SUNSHINE DT-19N mini"}]},{"@type":"WebSite","@id":"https:\/\/systisen.com\/#website","url":"https:\/\/systisen.com\/","name":"Systisen","description":"Ingenier\u00eda El\u00e9ctrica y Electr\u00f3nica","publisher":{"@id":"https:\/\/systisen.com\/#organization"},"potentialAction":[{"@type":"SearchAction","target":{"@type":"EntryPoint","urlTemplate":"https:\/\/systisen.com\/?s={search_term_string}"},"query-input":{"@type":"PropertyValueSpecification","valueRequired":true,"valueName":"search_term_string"}}],"inLanguage":"es"},{"@type":"Organization","@id":"https:\/\/systisen.com\/#organization","name":"Systisen","url":"https:\/\/systisen.com\/","logo":{"@type":"ImageObject","inLanguage":"es","@id":"https:\/\/systisen.com\/#\/schema\/logo\/image\/","url":"https:\/\/systisen.com\/wp-content\/uploads\/2023\/12\/cropped-logo.png","contentUrl":"https:\/\/systisen.com\/wp-content\/uploads\/2023\/12\/cropped-logo.png","width":371,"height":344,"caption":"Systisen"},"image":{"@id":"https:\/\/systisen.com\/#\/schema\/logo\/image\/"}}]}},"_links":{"self":[{"href":"https:\/\/systisen.com\/index.php\/wp-json\/wp\/v2\/product\/1254","targetHints":{"allow":["GET"]}}],"collection":[{"href":"https:\/\/systisen.com\/index.php\/wp-json\/wp\/v2\/product"}],"about":[{"href":"https:\/\/systisen.com\/index.php\/wp-json\/wp\/v2\/types\/product"}],"wp:featuredmedia":[{"embeddable":true,"href":"https:\/\/systisen.com\/index.php\/wp-json\/wp\/v2\/media\/1154"}],"wp:attachment":[{"href":"https:\/\/systisen.com\/index.php\/wp-json\/wp\/v2\/media?parent=1254"}],"wp:term":[{"taxonomy":"product_brand","embeddable":true,"href":"https:\/\/systisen.com\/index.php\/wp-json\/wp\/v2\/product_brand?post=1254"},{"taxonomy":"product_cat","embeddable":true,"href":"https:\/\/systisen.com\/index.php\/wp-json\/wp\/v2\/product_cat?post=1254"},{"taxonomy":"product_tag","embeddable":true,"href":"https:\/\/systisen.com\/index.php\/wp-json\/wp\/v2\/product_tag?post=1254"}],"curies":[{"name":"wp","href":"https:\/\/api.w.org\/{rel}","templated":true}]}}