{"id":1256,"date":"2025-08-26T12:42:49","date_gmt":"2025-08-26T17:42:49","guid":{"rendered":"https:\/\/systisen.com\/index.php\/product\/multimetro-osciloscopio-1-canal-25-mhz-zoyi-1c\/"},"modified":"2025-09-01T13:46:51","modified_gmt":"2025-09-01T18:46:51","slug":"multimetro-osciloscopio-1-canal-25-mhz-zoyi-1c","status":"publish","type":"product","link":"https:\/\/systisen.com\/index.php\/product\/multimetro-osciloscopio-1-canal-25-mhz-zoyi-1c\/","title":{"rendered":"Mult\u00edmetro + Osciloscopio 1 canal \u2013 25 Mhz ZOYI 1C"},"content":{"rendered":"<p>Mult\u00edmetro + Osciloscopio 1 canal<br \/>\nMult\u00edmetro con osciloscopio 2 en 1, port\u00e1til con bater\u00eda recargable; 1 canal y verdadero valor RMS<\/p>\n<p>Especificaciones t\u00e9cnicas:<\/p>\n<p>Osciloscopio:<\/p>\n<p>N\u00famero de canales: 1 canal<br \/>\nAncho de banda: 10 MHz<br \/>\nTasa de muestreo: 280 MSa\/s<br \/>\nSensibilidad: 20mV\/div  &#8211; 10V\/diV<br \/>\nGanancia DC: +\/- 3%<br \/>\nPar\u00e1metros de medici\u00f3n: Periodo, frecuencia, valor pico pico, valor m\u00e1ximo, valor m\u00ednimo, valor RMS<\/p>\n<p>Mult\u00edmetro:<\/p>\n<p>Voltaje DC:  1.000 V   precisi\u00f3n +\/- 0.5% + 3<br \/>\nVoltaje AC: 750 Vac precisi\u00f3n +\/- 0.5% +3<br \/>\nResistencia: 0- 1 M ohmio<br \/>\nCapacitancia: 99.99 m F<br \/>\nFrecuenc\u00edmetro: 40 \u2013 1 Khz<br \/>\nTemperatura: Termocupla -20 a 1000 \u00baC<br \/>\nBater\u00eda: 3.7 V bater\u00eda de litio 2000 mA<br \/>\nVerdadero valor RMS<\/p>\n<p>Incluye:<br \/>\n1 Mult\u00edmetro + Osciloscopio 1 canal \u2013 25 Mhz ZOYI 1C<br \/>\n1 Juego de cables para mult\u00edmetro<br \/>\n1 cable termocupla<br \/>\n1 punta prueba para osciloscopio 60 Mhz (1x-10x)<br \/>\n1 estuche<\/p>\n","protected":false},"excerpt":{"rendered":"<p>Mult\u00edmetro + Osciloscopio 1 canal Mult\u00edmetro con osciloscopio 2 en 1, port\u00e1til con bater\u00eda recargable; 1 canal y verdadero valor RMS Especificaciones t\u00e9cnicas: Osciloscopio: N\u00famero de canales: 1 canal Ancho de banda: 10 MHz Tasa de muestreo: 280 MSa\/s Sensibilidad: 20mV\/div &#8211; 10V\/diV Ganancia DC: +\/- 3% Par\u00e1metros de medici\u00f3n: Periodo, frecuencia, valor pico pico, [&hellip;]<\/p>\n","protected":false},"featured_media":0,"template":"","meta":{"site-sidebar-layout":"default","site-content-layout":"","ast-site-content-layout":"default","site-content-style":"default","site-sidebar-style":"default","ast-global-header-display":"","ast-banner-title-visibility":"","ast-main-header-display":"","ast-hfb-above-header-display":"","ast-hfb-below-header-display":"","ast-hfb-mobile-header-display":"","site-post-title":"","ast-breadcrumbs-content":"","ast-featured-img":"","footer-sml-layout":"","theme-transparent-header-meta":"","adv-header-id-meta":"","stick-header-meta":"","header-above-stick-meta":"","header-main-stick-meta":"","header-below-stick-meta":"","astra-migrate-meta-layouts":"default","ast-page-background-enabled":"default","ast-page-background-meta":{"desktop":{"background-color":"var(--ast-global-color-4)","background-image":"","background-repeat":"repeat","background-position":"center center","background-size":"auto","background-attachment":"scroll","background-type":"","background-media":"","overlay-type":"","overlay-color":"","overlay-opacity":"","overlay-gradient":""},"tablet":{"background-color":"","background-image":"","background-repeat":"repeat","background-position":"center center","background-size":"auto","background-attachment":"scroll","background-type":"","background-media":"","overlay-type":"","overlay-color":"","overlay-opacity":"","overlay-gradient":""},"mobile":{"background-color":"","background-image":"","background-repeat":"repeat","background-position":"center center","background-size":"auto","background-attachment":"scroll","background-type":"","background-media":"","overlay-type":"","overlay-color":"","overlay-opacity":"","overlay-gradient":""}},"ast-content-background-meta":{"desktop":{"background-color":"var(--ast-global-color-5)","background-image":"","background-repeat":"repeat","background-position":"center center","background-size":"auto","background-attachment":"scroll","background-type":"","background-media":"","overlay-type":"","overlay-color":"","overlay-opacity":"","overlay-gradient":""},"tablet":{"background-color":"var(--ast-global-color-5)","background-image":"","background-repeat":"repeat","background-position":"center center","background-size":"auto","background-attachment":"scroll","background-type":"","background-media":"","overlay-type":"","overlay-color":"","overlay-opacity":"","overlay-gradient":""},"mobile":{"background-color":"var(--ast-global-color-5)","background-image":"","background-repeat":"repeat","background-position":"center center","background-size":"auto","background-attachment":"scroll","background-type":"","background-media":"","overlay-type":"","overlay-color":"","overlay-opacity":"","overlay-gradient":""}},"_joinchat":[]},"product_brand":[],"product_cat":[84],"product_tag":[62],"class_list":{"0":"post-1256","1":"product","2":"type-product","3":"status-publish","5":"product_cat-equipos-de-medicion","6":"product_tag-multimetro-osciloscopio-1-canal-25-mhz-zoyi-1c","7":"desktop-align-left","8":"tablet-align-left","9":"mobile-align-left","11":"first","12":"instock","13":"taxable","14":"shipping-taxable","15":"product-type-simple"},"yoast_head":"<!-- This site is optimized with the Yoast SEO Premium plugin v21.5 (Yoast SEO v25.7) - https:\/\/yoast.com\/wordpress\/plugins\/seo\/ -->\n<title>Mult\u00edmetro + Osciloscopio 1 canal \u2013 25 Mhz ZOYI 1C - Systisen<\/title>\n<meta name=\"robots\" content=\"index, follow, max-snippet:-1, max-image-preview:large, max-video-preview:-1\" \/>\n<link rel=\"canonical\" href=\"https:\/\/systisen.com\/index.php\/product\/multimetro-osciloscopio-1-canal-25-mhz-zoyi-1c\/\" \/>\n<meta property=\"og:locale\" content=\"es_ES\" \/>\n<meta property=\"og:type\" content=\"article\" \/>\n<meta property=\"og:title\" content=\"Mult\u00edmetro + Osciloscopio 1 canal \u2013 25 Mhz ZOYI 1C\" \/>\n<meta property=\"og:description\" content=\"Mult\u00edmetro + Osciloscopio 1 canal Mult\u00edmetro con osciloscopio 2 en 1, port\u00e1til con bater\u00eda recargable; 1 canal y verdadero valor RMS Especificaciones t\u00e9cnicas: Osciloscopio: N\u00famero de canales: 1 canal Ancho de banda: 10 MHz Tasa de muestreo: 280 MSa\/s Sensibilidad: 20mV\/div &#8211; 10V\/diV Ganancia DC: +\/- 3% Par\u00e1metros de medici\u00f3n: Periodo, frecuencia, valor pico pico, [&hellip;]\" \/>\n<meta property=\"og:url\" content=\"https:\/\/systisen.com\/index.php\/product\/multimetro-osciloscopio-1-canal-25-mhz-zoyi-1c\/\" \/>\n<meta property=\"og:site_name\" content=\"Systisen\" \/>\n<meta property=\"article:modified_time\" content=\"2025-09-01T18:46:51+00:00\" \/>\n<meta name=\"twitter:card\" content=\"summary_large_image\" \/>\n<meta name=\"twitter:label1\" content=\"Tiempo de lectura\" \/>\n\t<meta name=\"twitter:data1\" content=\"1 minuto\" \/>\n<script type=\"application\/ld+json\" class=\"yoast-schema-graph\">{\"@context\":\"https:\/\/schema.org\",\"@graph\":[{\"@type\":\"WebPage\",\"@id\":\"https:\/\/systisen.com\/index.php\/product\/multimetro-osciloscopio-1-canal-25-mhz-zoyi-1c\/\",\"url\":\"https:\/\/systisen.com\/index.php\/product\/multimetro-osciloscopio-1-canal-25-mhz-zoyi-1c\/\",\"name\":\"Mult\u00edmetro + Osciloscopio 1 canal \u2013 25 Mhz ZOYI 1C - Systisen\",\"isPartOf\":{\"@id\":\"https:\/\/systisen.com\/#website\"},\"datePublished\":\"2025-08-26T17:42:49+00:00\",\"dateModified\":\"2025-09-01T18:46:51+00:00\",\"breadcrumb\":{\"@id\":\"https:\/\/systisen.com\/index.php\/product\/multimetro-osciloscopio-1-canal-25-mhz-zoyi-1c\/#breadcrumb\"},\"inLanguage\":\"es\",\"potentialAction\":[{\"@type\":\"ReadAction\",\"target\":[\"https:\/\/systisen.com\/index.php\/product\/multimetro-osciloscopio-1-canal-25-mhz-zoyi-1c\/\"]}]},{\"@type\":\"BreadcrumbList\",\"@id\":\"https:\/\/systisen.com\/index.php\/product\/multimetro-osciloscopio-1-canal-25-mhz-zoyi-1c\/#breadcrumb\",\"itemListElement\":[{\"@type\":\"ListItem\",\"position\":1,\"name\":\"Portada\",\"item\":\"https:\/\/systisen.com\/\"},{\"@type\":\"ListItem\",\"position\":2,\"name\":\"Tienda en l\u00ednea\",\"item\":\"https:\/\/systisen.com\/index.php\/tienda-en-linea\/\"},{\"@type\":\"ListItem\",\"position\":3,\"name\":\"Mult\u00edmetro + Osciloscopio 1 canal \u2013 25 Mhz ZOYI 1C\"}]},{\"@type\":\"WebSite\",\"@id\":\"https:\/\/systisen.com\/#website\",\"url\":\"https:\/\/systisen.com\/\",\"name\":\"Systisen\",\"description\":\"Ingenier\u00eda El\u00e9ctrica y Electr\u00f3nica\",\"publisher\":{\"@id\":\"https:\/\/systisen.com\/#organization\"},\"potentialAction\":[{\"@type\":\"SearchAction\",\"target\":{\"@type\":\"EntryPoint\",\"urlTemplate\":\"https:\/\/systisen.com\/?s={search_term_string}\"},\"query-input\":{\"@type\":\"PropertyValueSpecification\",\"valueRequired\":true,\"valueName\":\"search_term_string\"}}],\"inLanguage\":\"es\"},{\"@type\":\"Organization\",\"@id\":\"https:\/\/systisen.com\/#organization\",\"name\":\"Systisen\",\"url\":\"https:\/\/systisen.com\/\",\"logo\":{\"@type\":\"ImageObject\",\"inLanguage\":\"es\",\"@id\":\"https:\/\/systisen.com\/#\/schema\/logo\/image\/\",\"url\":\"https:\/\/systisen.com\/wp-content\/uploads\/2023\/12\/cropped-logo.png\",\"contentUrl\":\"https:\/\/systisen.com\/wp-content\/uploads\/2023\/12\/cropped-logo.png\",\"width\":371,\"height\":344,\"caption\":\"Systisen\"},\"image\":{\"@id\":\"https:\/\/systisen.com\/#\/schema\/logo\/image\/\"}}]}<\/script>\n<!-- \/ Yoast SEO Premium plugin. -->","yoast_head_json":{"title":"Mult\u00edmetro + Osciloscopio 1 canal \u2013 25 Mhz ZOYI 1C - Systisen","robots":{"index":"index","follow":"follow","max-snippet":"max-snippet:-1","max-image-preview":"max-image-preview:large","max-video-preview":"max-video-preview:-1"},"canonical":"https:\/\/systisen.com\/index.php\/product\/multimetro-osciloscopio-1-canal-25-mhz-zoyi-1c\/","og_locale":"es_ES","og_type":"article","og_title":"Mult\u00edmetro + Osciloscopio 1 canal \u2013 25 Mhz ZOYI 1C","og_description":"Mult\u00edmetro + Osciloscopio 1 canal Mult\u00edmetro con osciloscopio 2 en 1, port\u00e1til con bater\u00eda recargable; 1 canal y verdadero valor RMS Especificaciones t\u00e9cnicas: Osciloscopio: N\u00famero de canales: 1 canal Ancho de banda: 10 MHz Tasa de muestreo: 280 MSa\/s Sensibilidad: 20mV\/div &#8211; 10V\/diV Ganancia DC: +\/- 3% Par\u00e1metros de medici\u00f3n: Periodo, frecuencia, valor pico pico, [&hellip;]","og_url":"https:\/\/systisen.com\/index.php\/product\/multimetro-osciloscopio-1-canal-25-mhz-zoyi-1c\/","og_site_name":"Systisen","article_modified_time":"2025-09-01T18:46:51+00:00","twitter_card":"summary_large_image","twitter_misc":{"Tiempo de lectura":"1 minuto"},"schema":{"@context":"https:\/\/schema.org","@graph":[{"@type":"WebPage","@id":"https:\/\/systisen.com\/index.php\/product\/multimetro-osciloscopio-1-canal-25-mhz-zoyi-1c\/","url":"https:\/\/systisen.com\/index.php\/product\/multimetro-osciloscopio-1-canal-25-mhz-zoyi-1c\/","name":"Mult\u00edmetro + Osciloscopio 1 canal \u2013 25 Mhz ZOYI 1C - Systisen","isPartOf":{"@id":"https:\/\/systisen.com\/#website"},"datePublished":"2025-08-26T17:42:49+00:00","dateModified":"2025-09-01T18:46:51+00:00","breadcrumb":{"@id":"https:\/\/systisen.com\/index.php\/product\/multimetro-osciloscopio-1-canal-25-mhz-zoyi-1c\/#breadcrumb"},"inLanguage":"es","potentialAction":[{"@type":"ReadAction","target":["https:\/\/systisen.com\/index.php\/product\/multimetro-osciloscopio-1-canal-25-mhz-zoyi-1c\/"]}]},{"@type":"BreadcrumbList","@id":"https:\/\/systisen.com\/index.php\/product\/multimetro-osciloscopio-1-canal-25-mhz-zoyi-1c\/#breadcrumb","itemListElement":[{"@type":"ListItem","position":1,"name":"Portada","item":"https:\/\/systisen.com\/"},{"@type":"ListItem","position":2,"name":"Tienda en l\u00ednea","item":"https:\/\/systisen.com\/index.php\/tienda-en-linea\/"},{"@type":"ListItem","position":3,"name":"Mult\u00edmetro + Osciloscopio 1 canal \u2013 25 Mhz ZOYI 1C"}]},{"@type":"WebSite","@id":"https:\/\/systisen.com\/#website","url":"https:\/\/systisen.com\/","name":"Systisen","description":"Ingenier\u00eda El\u00e9ctrica y Electr\u00f3nica","publisher":{"@id":"https:\/\/systisen.com\/#organization"},"potentialAction":[{"@type":"SearchAction","target":{"@type":"EntryPoint","urlTemplate":"https:\/\/systisen.com\/?s={search_term_string}"},"query-input":{"@type":"PropertyValueSpecification","valueRequired":true,"valueName":"search_term_string"}}],"inLanguage":"es"},{"@type":"Organization","@id":"https:\/\/systisen.com\/#organization","name":"Systisen","url":"https:\/\/systisen.com\/","logo":{"@type":"ImageObject","inLanguage":"es","@id":"https:\/\/systisen.com\/#\/schema\/logo\/image\/","url":"https:\/\/systisen.com\/wp-content\/uploads\/2023\/12\/cropped-logo.png","contentUrl":"https:\/\/systisen.com\/wp-content\/uploads\/2023\/12\/cropped-logo.png","width":371,"height":344,"caption":"Systisen"},"image":{"@id":"https:\/\/systisen.com\/#\/schema\/logo\/image\/"}}]}},"_links":{"self":[{"href":"https:\/\/systisen.com\/index.php\/wp-json\/wp\/v2\/product\/1256","targetHints":{"allow":["GET"]}}],"collection":[{"href":"https:\/\/systisen.com\/index.php\/wp-json\/wp\/v2\/product"}],"about":[{"href":"https:\/\/systisen.com\/index.php\/wp-json\/wp\/v2\/types\/product"}],"wp:attachment":[{"href":"https:\/\/systisen.com\/index.php\/wp-json\/wp\/v2\/media?parent=1256"}],"wp:term":[{"taxonomy":"product_brand","embeddable":true,"href":"https:\/\/systisen.com\/index.php\/wp-json\/wp\/v2\/product_brand?post=1256"},{"taxonomy":"product_cat","embeddable":true,"href":"https:\/\/systisen.com\/index.php\/wp-json\/wp\/v2\/product_cat?post=1256"},{"taxonomy":"product_tag","embeddable":true,"href":"https:\/\/systisen.com\/index.php\/wp-json\/wp\/v2\/product_tag?post=1256"}],"curies":[{"name":"wp","href":"https:\/\/api.w.org\/{rel}","templated":true}]}}