{"id":1258,"date":"2025-08-26T12:42:51","date_gmt":"2025-08-26T17:42:51","guid":{"rendered":"https:\/\/systisen.com\/index.php\/product\/multimetro-osciloscopio-2-canales-40-mhz-hantek-2c\/"},"modified":"2025-09-01T13:47:35","modified_gmt":"2025-09-01T18:47:35","slug":"multimetro-osciloscopio-2-canales-40-mhz-hantek-2c","status":"publish","type":"product","link":"https:\/\/systisen.com\/index.php\/product\/multimetro-osciloscopio-2-canales-40-mhz-hantek-2c\/","title":{"rendered":"Mult\u00edmetro + Osciloscopio 2 canales \u2013 40 Mhz Hantek 2C"},"content":{"rendered":"<p>Osciloscopio Digital HANTEK + Mult\u00edmetro 2 canales port\u00e1til, analiza la forma de onda directa, r\u00e1pida y precisa, pantalla a color de alta definici\u00f3n 3.5 pulg<br \/>\nFunciones de medici\u00f3n del mult\u00edmetro: voltaje de CA\/CC, corriente de CA\/CC, resistencia, capacitancia, frecuencia, ciclo de trabajo, prueba de diodo, prueba de continuidad.<\/p>\n<p>Almacenamiento: Almacenamiento en masa, 100 datos\/10 formas de onda.<br \/>\nTriple seguridad: Tubo de doble seguro, 500mA\/250V, 10A\/250V. Voltaje de entrada superior a 24V.<\/p>\n<p>Especificaciones t\u00e9cnicas:<\/p>\n<p>Osciloscopio:<br \/>\nN\u00famero de canales: 2<br \/>\nAncho de Banda: 40 Mhz<br \/>\nTasa de muestreo: 250 Ms\/s canal simple; 125 Ms\/s canal doble<br \/>\nAcoplamiento de entrada: AC\/DC\/Tierra<br \/>\nImpedancia de entrada: 1Mohmio \u00b12%, en paralelo con 16pF\u00b110pF<br \/>\nAtenuaci\u00f3n de entrada: 1X, 10X, 100X, 1000X<br \/>\nVoltaje m\u00e1ximo de entrada: 400 V pico<br \/>\nFunciones: Periodo, frecuencia, Promedio, Valor Pico Pico, RMS, Valor M\u00e1ximo, Valor M\u00ednimo. Base, Amplitud, Sobrepico, subpico, Tiempo de rizado.<\/p>\n<p>Multimetro:<br \/>\nVoltaje de entrada: 0-400 V AC\/DC<br \/>\nCorriente: 0-10 Amp AC\/DC<br \/>\nResistencia: 0-100M ohmios<br \/>\nCapacitancia: 20nF- 2.000mF<br \/>\nPrueba de continuidad<br \/>\nPrueba de diodo<br \/>\nTrue RMS<br \/>\nBater\u00eda recargable de 6 horas de funcionamiento continuo (3 W- 4400 mAh)<\/p>\n<p>Incluye:<br \/>\n1 Osciloscopio mult\u00edmetro Hantek 40Mhz 2C<br \/>\n1 puntas de prueba con atenuaci\u00f3n<br \/>\n2 conectores para mult\u00edmetro 400 V m\u00e1x<br \/>\n1 estuche<\/p>\n","protected":false},"excerpt":{"rendered":"<p>Osciloscopio Digital HANTEK + Mult\u00edmetro 2 canales port\u00e1til, analiza la forma de onda directa, r\u00e1pida y precisa, pantalla a color de alta definici\u00f3n 3.5 pulg Funciones de medici\u00f3n del mult\u00edmetro: voltaje de CA\/CC, corriente de CA\/CC, resistencia, capacitancia, frecuencia, ciclo de trabajo, prueba de diodo, prueba de continuidad. Almacenamiento: Almacenamiento en masa, 100 datos\/10 formas [&hellip;]<\/p>\n","protected":false},"featured_media":1156,"template":"","meta":{"site-sidebar-layout":"default","site-content-layout":"","ast-site-content-layout":"default","site-content-style":"default","site-sidebar-style":"default","ast-global-header-display":"","ast-banner-title-visibility":"","ast-main-header-display":"","ast-hfb-above-header-display":"","ast-hfb-below-header-display":"","ast-hfb-mobile-header-display":"","site-post-title":"","ast-breadcrumbs-content":"","ast-featured-img":"","footer-sml-layout":"","theme-transparent-header-meta":"","adv-header-id-meta":"","stick-header-meta":"","header-above-stick-meta":"","header-main-stick-meta":"","header-below-stick-meta":"","astra-migrate-meta-layouts":"default","ast-page-background-enabled":"default","ast-page-background-meta":{"desktop":{"background-color":"var(--ast-global-color-4)","background-image":"","background-repeat":"repeat","background-position":"center center","background-size":"auto","background-attachment":"scroll","background-type":"","background-media":"","overlay-type":"","overlay-color":"","overlay-opacity":"","overlay-gradient":""},"tablet":{"background-color":"","background-image":"","background-repeat":"repeat","background-position":"center center","background-size":"auto","background-attachment":"scroll","background-type":"","background-media":"","overlay-type":"","overlay-color":"","overlay-opacity":"","overlay-gradient":""},"mobile":{"background-color":"","background-image":"","background-repeat":"repeat","background-position":"center center","background-size":"auto","background-attachment":"scroll","background-type":"","background-media":"","overlay-type":"","overlay-color":"","overlay-opacity":"","overlay-gradient":""}},"ast-content-background-meta":{"desktop":{"background-color":"var(--ast-global-color-5)","background-image":"","background-repeat":"repeat","background-position":"center center","background-size":"auto","background-attachment":"scroll","background-type":"","background-media":"","overlay-type":"","overlay-color":"","overlay-opacity":"","overlay-gradient":""},"tablet":{"background-color":"var(--ast-global-color-5)","background-image":"","background-repeat":"repeat","background-position":"center center","background-size":"auto","background-attachment":"scroll","background-type":"","background-media":"","overlay-type":"","overlay-color":"","overlay-opacity":"","overlay-gradient":""},"mobile":{"background-color":"var(--ast-global-color-5)","background-image":"","background-repeat":"repeat","background-position":"center center","background-size":"auto","background-attachment":"scroll","background-type":"","background-media":"","overlay-type":"","overlay-color":"","overlay-opacity":"","overlay-gradient":""}},"_joinchat":[]},"product_brand":[],"product_cat":[84],"product_tag":[64],"class_list":{"0":"post-1258","1":"product","2":"type-product","3":"status-publish","4":"has-post-thumbnail","6":"product_cat-equipos-de-medicion","7":"product_tag-multimetro-osciloscopio-2-canales-40-mhz-hantek-2c","8":"desktop-align-left","9":"tablet-align-left","10":"mobile-align-left","12":"first","13":"instock","14":"taxable","15":"shipping-taxable","16":"product-type-simple"},"yoast_head":"<!-- This site is optimized with the Yoast SEO Premium plugin v21.5 (Yoast SEO v25.7) - https:\/\/yoast.com\/wordpress\/plugins\/seo\/ -->\n<title>Mult\u00edmetro + Osciloscopio 2 canales \u2013 40 Mhz Hantek 2C - Systisen<\/title>\n<meta name=\"robots\" content=\"index, follow, max-snippet:-1, max-image-preview:large, max-video-preview:-1\" \/>\n<link rel=\"canonical\" href=\"https:\/\/systisen.com\/index.php\/product\/multimetro-osciloscopio-2-canales-40-mhz-hantek-2c\/\" \/>\n<meta property=\"og:locale\" content=\"es_ES\" \/>\n<meta property=\"og:type\" content=\"article\" \/>\n<meta property=\"og:title\" content=\"Mult\u00edmetro + Osciloscopio 2 canales \u2013 40 Mhz Hantek 2C\" \/>\n<meta property=\"og:description\" content=\"Osciloscopio Digital HANTEK + Mult\u00edmetro 2 canales port\u00e1til, analiza la forma de onda directa, r\u00e1pida y precisa, pantalla a color de alta definici\u00f3n 3.5 pulg Funciones de medici\u00f3n del mult\u00edmetro: voltaje de CA\/CC, corriente de CA\/CC, resistencia, capacitancia, frecuencia, ciclo de trabajo, prueba de diodo, prueba de continuidad. Almacenamiento: Almacenamiento en masa, 100 datos\/10 formas [&hellip;]\" \/>\n<meta property=\"og:url\" content=\"https:\/\/systisen.com\/index.php\/product\/multimetro-osciloscopio-2-canales-40-mhz-hantek-2c\/\" \/>\n<meta property=\"og:site_name\" content=\"Systisen\" \/>\n<meta property=\"article:modified_time\" content=\"2025-09-01T18:47:35+00:00\" \/>\n<meta property=\"og:image\" content=\"http:\/\/systisen.com\/wp-content\/uploads\/2025\/08\/31.-Multimetro-Osciloscopio-2-canales_50Mhz-Zoyi-2C.jpg\" \/>\n\t<meta property=\"og:image:width\" content=\"1080\" \/>\n\t<meta property=\"og:image:height\" content=\"1080\" \/>\n\t<meta property=\"og:image:type\" content=\"image\/jpeg\" \/>\n<meta name=\"twitter:card\" content=\"summary_large_image\" \/>\n<meta name=\"twitter:label1\" content=\"Tiempo de lectura\" \/>\n\t<meta name=\"twitter:data1\" content=\"1 minuto\" \/>\n<script type=\"application\/ld+json\" class=\"yoast-schema-graph\">{\"@context\":\"https:\/\/schema.org\",\"@graph\":[{\"@type\":\"WebPage\",\"@id\":\"https:\/\/systisen.com\/index.php\/product\/multimetro-osciloscopio-2-canales-40-mhz-hantek-2c\/\",\"url\":\"https:\/\/systisen.com\/index.php\/product\/multimetro-osciloscopio-2-canales-40-mhz-hantek-2c\/\",\"name\":\"Mult\u00edmetro + Osciloscopio 2 canales \u2013 40 Mhz Hantek 2C - Systisen\",\"isPartOf\":{\"@id\":\"https:\/\/systisen.com\/#website\"},\"primaryImageOfPage\":{\"@id\":\"https:\/\/systisen.com\/index.php\/product\/multimetro-osciloscopio-2-canales-40-mhz-hantek-2c\/#primaryimage\"},\"image\":{\"@id\":\"https:\/\/systisen.com\/index.php\/product\/multimetro-osciloscopio-2-canales-40-mhz-hantek-2c\/#primaryimage\"},\"thumbnailUrl\":\"https:\/\/systisen.com\/wp-content\/uploads\/2025\/08\/31.-Multimetro-Osciloscopio-2-canales_50Mhz-Zoyi-2C.jpg\",\"datePublished\":\"2025-08-26T17:42:51+00:00\",\"dateModified\":\"2025-09-01T18:47:35+00:00\",\"breadcrumb\":{\"@id\":\"https:\/\/systisen.com\/index.php\/product\/multimetro-osciloscopio-2-canales-40-mhz-hantek-2c\/#breadcrumb\"},\"inLanguage\":\"es\",\"potentialAction\":[{\"@type\":\"ReadAction\",\"target\":[\"https:\/\/systisen.com\/index.php\/product\/multimetro-osciloscopio-2-canales-40-mhz-hantek-2c\/\"]}]},{\"@type\":\"ImageObject\",\"inLanguage\":\"es\",\"@id\":\"https:\/\/systisen.com\/index.php\/product\/multimetro-osciloscopio-2-canales-40-mhz-hantek-2c\/#primaryimage\",\"url\":\"https:\/\/systisen.com\/wp-content\/uploads\/2025\/08\/31.-Multimetro-Osciloscopio-2-canales_50Mhz-Zoyi-2C.jpg\",\"contentUrl\":\"https:\/\/systisen.com\/wp-content\/uploads\/2025\/08\/31.-Multimetro-Osciloscopio-2-canales_50Mhz-Zoyi-2C.jpg\",\"width\":1080,\"height\":1080},{\"@type\":\"BreadcrumbList\",\"@id\":\"https:\/\/systisen.com\/index.php\/product\/multimetro-osciloscopio-2-canales-40-mhz-hantek-2c\/#breadcrumb\",\"itemListElement\":[{\"@type\":\"ListItem\",\"position\":1,\"name\":\"Portada\",\"item\":\"https:\/\/systisen.com\/\"},{\"@type\":\"ListItem\",\"position\":2,\"name\":\"Tienda en l\u00ednea\",\"item\":\"https:\/\/systisen.com\/index.php\/tienda-en-linea\/\"},{\"@type\":\"ListItem\",\"position\":3,\"name\":\"Mult\u00edmetro + Osciloscopio 2 canales \u2013 40 Mhz Hantek 2C\"}]},{\"@type\":\"WebSite\",\"@id\":\"https:\/\/systisen.com\/#website\",\"url\":\"https:\/\/systisen.com\/\",\"name\":\"Systisen\",\"description\":\"Ingenier\u00eda El\u00e9ctrica y Electr\u00f3nica\",\"publisher\":{\"@id\":\"https:\/\/systisen.com\/#organization\"},\"potentialAction\":[{\"@type\":\"SearchAction\",\"target\":{\"@type\":\"EntryPoint\",\"urlTemplate\":\"https:\/\/systisen.com\/?s={search_term_string}\"},\"query-input\":{\"@type\":\"PropertyValueSpecification\",\"valueRequired\":true,\"valueName\":\"search_term_string\"}}],\"inLanguage\":\"es\"},{\"@type\":\"Organization\",\"@id\":\"https:\/\/systisen.com\/#organization\",\"name\":\"Systisen\",\"url\":\"https:\/\/systisen.com\/\",\"logo\":{\"@type\":\"ImageObject\",\"inLanguage\":\"es\",\"@id\":\"https:\/\/systisen.com\/#\/schema\/logo\/image\/\",\"url\":\"https:\/\/systisen.com\/wp-content\/uploads\/2023\/12\/cropped-logo.png\",\"contentUrl\":\"https:\/\/systisen.com\/wp-content\/uploads\/2023\/12\/cropped-logo.png\",\"width\":371,\"height\":344,\"caption\":\"Systisen\"},\"image\":{\"@id\":\"https:\/\/systisen.com\/#\/schema\/logo\/image\/\"}}]}<\/script>\n<!-- \/ Yoast SEO Premium plugin. -->","yoast_head_json":{"title":"Mult\u00edmetro + Osciloscopio 2 canales \u2013 40 Mhz Hantek 2C - Systisen","robots":{"index":"index","follow":"follow","max-snippet":"max-snippet:-1","max-image-preview":"max-image-preview:large","max-video-preview":"max-video-preview:-1"},"canonical":"https:\/\/systisen.com\/index.php\/product\/multimetro-osciloscopio-2-canales-40-mhz-hantek-2c\/","og_locale":"es_ES","og_type":"article","og_title":"Mult\u00edmetro + Osciloscopio 2 canales \u2013 40 Mhz Hantek 2C","og_description":"Osciloscopio Digital HANTEK + Mult\u00edmetro 2 canales port\u00e1til, analiza la forma de onda directa, r\u00e1pida y precisa, pantalla a color de alta definici\u00f3n 3.5 pulg Funciones de medici\u00f3n del mult\u00edmetro: voltaje de CA\/CC, corriente de CA\/CC, resistencia, capacitancia, frecuencia, ciclo de trabajo, prueba de diodo, prueba de continuidad. Almacenamiento: Almacenamiento en masa, 100 datos\/10 formas [&hellip;]","og_url":"https:\/\/systisen.com\/index.php\/product\/multimetro-osciloscopio-2-canales-40-mhz-hantek-2c\/","og_site_name":"Systisen","article_modified_time":"2025-09-01T18:47:35+00:00","og_image":[{"width":1080,"height":1080,"url":"http:\/\/systisen.com\/wp-content\/uploads\/2025\/08\/31.-Multimetro-Osciloscopio-2-canales_50Mhz-Zoyi-2C.jpg","type":"image\/jpeg"}],"twitter_card":"summary_large_image","twitter_misc":{"Tiempo de lectura":"1 minuto"},"schema":{"@context":"https:\/\/schema.org","@graph":[{"@type":"WebPage","@id":"https:\/\/systisen.com\/index.php\/product\/multimetro-osciloscopio-2-canales-40-mhz-hantek-2c\/","url":"https:\/\/systisen.com\/index.php\/product\/multimetro-osciloscopio-2-canales-40-mhz-hantek-2c\/","name":"Mult\u00edmetro + Osciloscopio 2 canales \u2013 40 Mhz Hantek 2C - Systisen","isPartOf":{"@id":"https:\/\/systisen.com\/#website"},"primaryImageOfPage":{"@id":"https:\/\/systisen.com\/index.php\/product\/multimetro-osciloscopio-2-canales-40-mhz-hantek-2c\/#primaryimage"},"image":{"@id":"https:\/\/systisen.com\/index.php\/product\/multimetro-osciloscopio-2-canales-40-mhz-hantek-2c\/#primaryimage"},"thumbnailUrl":"https:\/\/systisen.com\/wp-content\/uploads\/2025\/08\/31.-Multimetro-Osciloscopio-2-canales_50Mhz-Zoyi-2C.jpg","datePublished":"2025-08-26T17:42:51+00:00","dateModified":"2025-09-01T18:47:35+00:00","breadcrumb":{"@id":"https:\/\/systisen.com\/index.php\/product\/multimetro-osciloscopio-2-canales-40-mhz-hantek-2c\/#breadcrumb"},"inLanguage":"es","potentialAction":[{"@type":"ReadAction","target":["https:\/\/systisen.com\/index.php\/product\/multimetro-osciloscopio-2-canales-40-mhz-hantek-2c\/"]}]},{"@type":"ImageObject","inLanguage":"es","@id":"https:\/\/systisen.com\/index.php\/product\/multimetro-osciloscopio-2-canales-40-mhz-hantek-2c\/#primaryimage","url":"https:\/\/systisen.com\/wp-content\/uploads\/2025\/08\/31.-Multimetro-Osciloscopio-2-canales_50Mhz-Zoyi-2C.jpg","contentUrl":"https:\/\/systisen.com\/wp-content\/uploads\/2025\/08\/31.-Multimetro-Osciloscopio-2-canales_50Mhz-Zoyi-2C.jpg","width":1080,"height":1080},{"@type":"BreadcrumbList","@id":"https:\/\/systisen.com\/index.php\/product\/multimetro-osciloscopio-2-canales-40-mhz-hantek-2c\/#breadcrumb","itemListElement":[{"@type":"ListItem","position":1,"name":"Portada","item":"https:\/\/systisen.com\/"},{"@type":"ListItem","position":2,"name":"Tienda en l\u00ednea","item":"https:\/\/systisen.com\/index.php\/tienda-en-linea\/"},{"@type":"ListItem","position":3,"name":"Mult\u00edmetro + Osciloscopio 2 canales \u2013 40 Mhz Hantek 2C"}]},{"@type":"WebSite","@id":"https:\/\/systisen.com\/#website","url":"https:\/\/systisen.com\/","name":"Systisen","description":"Ingenier\u00eda El\u00e9ctrica y Electr\u00f3nica","publisher":{"@id":"https:\/\/systisen.com\/#organization"},"potentialAction":[{"@type":"SearchAction","target":{"@type":"EntryPoint","urlTemplate":"https:\/\/systisen.com\/?s={search_term_string}"},"query-input":{"@type":"PropertyValueSpecification","valueRequired":true,"valueName":"search_term_string"}}],"inLanguage":"es"},{"@type":"Organization","@id":"https:\/\/systisen.com\/#organization","name":"Systisen","url":"https:\/\/systisen.com\/","logo":{"@type":"ImageObject","inLanguage":"es","@id":"https:\/\/systisen.com\/#\/schema\/logo\/image\/","url":"https:\/\/systisen.com\/wp-content\/uploads\/2023\/12\/cropped-logo.png","contentUrl":"https:\/\/systisen.com\/wp-content\/uploads\/2023\/12\/cropped-logo.png","width":371,"height":344,"caption":"Systisen"},"image":{"@id":"https:\/\/systisen.com\/#\/schema\/logo\/image\/"}}]}},"_links":{"self":[{"href":"https:\/\/systisen.com\/index.php\/wp-json\/wp\/v2\/product\/1258","targetHints":{"allow":["GET"]}}],"collection":[{"href":"https:\/\/systisen.com\/index.php\/wp-json\/wp\/v2\/product"}],"about":[{"href":"https:\/\/systisen.com\/index.php\/wp-json\/wp\/v2\/types\/product"}],"wp:featuredmedia":[{"embeddable":true,"href":"https:\/\/systisen.com\/index.php\/wp-json\/wp\/v2\/media\/1156"}],"wp:attachment":[{"href":"https:\/\/systisen.com\/index.php\/wp-json\/wp\/v2\/media?parent=1258"}],"wp:term":[{"taxonomy":"product_brand","embeddable":true,"href":"https:\/\/systisen.com\/index.php\/wp-json\/wp\/v2\/product_brand?post=1258"},{"taxonomy":"product_cat","embeddable":true,"href":"https:\/\/systisen.com\/index.php\/wp-json\/wp\/v2\/product_cat?post=1258"},{"taxonomy":"product_tag","embeddable":true,"href":"https:\/\/systisen.com\/index.php\/wp-json\/wp\/v2\/product_tag?post=1258"}],"curies":[{"name":"wp","href":"https:\/\/api.w.org\/{rel}","templated":true}]}}