{"id":1263,"date":"2025-08-26T12:42:57","date_gmt":"2025-08-26T17:42:57","guid":{"rendered":"https:\/\/systisen.com\/index.php\/product\/estacion-de-trabajo-mixta-cautin-pistola-de-calor-baku\/"},"modified":"2025-09-01T13:50:07","modified_gmt":"2025-09-01T18:50:07","slug":"estacion-de-trabajo-mixta-cautin-pistola-de-calor-baku","status":"publish","type":"product","link":"https:\/\/systisen.com\/index.php\/product\/estacion-de-trabajo-mixta-cautin-pistola-de-calor-baku\/","title":{"rendered":"Estaci\u00f3n de trabajo mixta (cautin + pistola de calor) Baku"},"content":{"rendered":"<p>Estaci\u00f3n\u00a0 2 en 1 con brazo de aire caliente y cautin, manejan memorias de 3 canales independientes y calibraci\u00f3n\u00a0 por medio del sistema.\u00a0<br \/>\nMaterial T12<br \/>\nPotencia m\u00e1xima: 540W<br \/>\nVoltaje de la fuente de alimentaci\u00f3n: CA 220V ~ 50Hz \/ 110V ~ 60Hz<br \/>\nRango de temperatura de la pistola de calor: 100 \u00b0C-500 \u00b0C\/ 212 \u00b0F-932 \u00b0F<br \/>\nModo de aire: motor que contiene aceite<br \/>\nFlujo de aire: 34-100L\/min<br \/>\nTemperatura del soldador: 200 \u00b0C-500 \u00b0C\/ 392 \u00b0F-932 \u00b0F<br \/>\nPotencia del soldador: 80W<br \/>\nAlimentaci\u00f3n: 110-240 Vac 60Hz<\/p>\n","protected":false},"excerpt":{"rendered":"<p>Estaci\u00f3n\u00a0 2 en 1 con brazo de aire caliente y cautin, manejan memorias de 3 canales independientes y calibraci\u00f3n\u00a0 por medio del sistema.\u00a0 Material T12 Potencia m\u00e1xima: 540W Voltaje de la fuente de alimentaci\u00f3n: CA 220V ~ 50Hz \/ 110V ~ 60Hz Rango de temperatura de la pistola de calor: 100 \u00b0C-500 \u00b0C\/ 212 \u00b0F-932 [&hellip;]<\/p>\n","protected":false},"featured_media":1161,"template":"","meta":{"site-sidebar-layout":"default","site-content-layout":"","ast-site-content-layout":"default","site-content-style":"default","site-sidebar-style":"default","ast-global-header-display":"","ast-banner-title-visibility":"","ast-main-header-display":"","ast-hfb-above-header-display":"","ast-hfb-below-header-display":"","ast-hfb-mobile-header-display":"","site-post-title":"","ast-breadcrumbs-content":"","ast-featured-img":"","footer-sml-layout":"","theme-transparent-header-meta":"","adv-header-id-meta":"","stick-header-meta":"","header-above-stick-meta":"","header-main-stick-meta":"","header-below-stick-meta":"","astra-migrate-meta-layouts":"default","ast-page-background-enabled":"default","ast-page-background-meta":{"desktop":{"background-color":"var(--ast-global-color-4)","background-image":"","background-repeat":"repeat","background-position":"center center","background-size":"auto","background-attachment":"scroll","background-type":"","background-media":"","overlay-type":"","overlay-color":"","overlay-opacity":"","overlay-gradient":""},"tablet":{"background-color":"","background-image":"","background-repeat":"repeat","background-position":"center center","background-size":"auto","background-attachment":"scroll","background-type":"","background-media":"","overlay-type":"","overlay-color":"","overlay-opacity":"","overlay-gradient":""},"mobile":{"background-color":"","background-image":"","background-repeat":"repeat","background-position":"center center","background-size":"auto","background-attachment":"scroll","background-type":"","background-media":"","overlay-type":"","overlay-color":"","overlay-opacity":"","overlay-gradient":""}},"ast-content-background-meta":{"desktop":{"background-color":"var(--ast-global-color-5)","background-image":"","background-repeat":"repeat","background-position":"center center","background-size":"auto","background-attachment":"scroll","background-type":"","background-media":"","overlay-type":"","overlay-color":"","overlay-opacity":"","overlay-gradient":""},"tablet":{"background-color":"var(--ast-global-color-5)","background-image":"","background-repeat":"repeat","background-position":"center center","background-size":"auto","background-attachment":"scroll","background-type":"","background-media":"","overlay-type":"","overlay-color":"","overlay-opacity":"","overlay-gradient":""},"mobile":{"background-color":"var(--ast-global-color-5)","background-image":"","background-repeat":"repeat","background-position":"center center","background-size":"auto","background-attachment":"scroll","background-type":"","background-media":"","overlay-type":"","overlay-color":"","overlay-opacity":"","overlay-gradient":""}},"_joinchat":[]},"product_brand":[],"product_cat":[68],"product_tag":[70],"class_list":{"0":"post-1263","1":"product","2":"type-product","3":"status-publish","4":"has-post-thumbnail","6":"product_cat-equipos-para-mantenimiento-y-reparaciones","7":"product_tag-estacion-de-trabajo-mixta-cautin-pistola-de-calor-baku","8":"desktop-align-left","9":"tablet-align-left","10":"mobile-align-left","12":"first","13":"instock","14":"taxable","15":"shipping-taxable","16":"product-type-simple"},"yoast_head":"<!-- This site is optimized with the Yoast SEO Premium plugin v21.5 (Yoast SEO v25.7) - https:\/\/yoast.com\/wordpress\/plugins\/seo\/ -->\n<title>Estaci\u00f3n de trabajo mixta (cautin + pistola de calor) Baku - Systisen<\/title>\n<meta name=\"robots\" content=\"index, follow, max-snippet:-1, max-image-preview:large, max-video-preview:-1\" \/>\n<link rel=\"canonical\" href=\"https:\/\/systisen.com\/index.php\/product\/estacion-de-trabajo-mixta-cautin-pistola-de-calor-baku\/\" \/>\n<meta property=\"og:locale\" content=\"es_ES\" \/>\n<meta property=\"og:type\" content=\"article\" \/>\n<meta property=\"og:title\" content=\"Estaci\u00f3n de trabajo mixta (cautin + pistola de calor) Baku\" \/>\n<meta property=\"og:description\" content=\"Estaci\u00f3n\u00a0 2 en 1 con brazo de aire caliente y cautin, manejan memorias de 3 canales independientes y calibraci\u00f3n\u00a0 por medio del sistema.\u00a0 Material T12 Potencia m\u00e1xima: 540W Voltaje de la fuente de alimentaci\u00f3n: CA 220V ~ 50Hz \/ 110V ~ 60Hz Rango de temperatura de la pistola de calor: 100 \u00b0C-500 \u00b0C\/ 212 \u00b0F-932 [&hellip;]\" \/>\n<meta property=\"og:url\" content=\"https:\/\/systisen.com\/index.php\/product\/estacion-de-trabajo-mixta-cautin-pistola-de-calor-baku\/\" \/>\n<meta property=\"og:site_name\" content=\"Systisen\" \/>\n<meta property=\"article:modified_time\" content=\"2025-09-01T18:50:07+00:00\" \/>\n<meta property=\"og:image\" content=\"http:\/\/systisen.com\/wp-content\/uploads\/2025\/08\/37.-Estacion-de-trabajo-mixta_Baku.jpg\" \/>\n\t<meta property=\"og:image:width\" content=\"1080\" \/>\n\t<meta property=\"og:image:height\" content=\"1080\" \/>\n\t<meta property=\"og:image:type\" content=\"image\/jpeg\" \/>\n<meta name=\"twitter:card\" content=\"summary_large_image\" \/>\n<script type=\"application\/ld+json\" class=\"yoast-schema-graph\">{\"@context\":\"https:\/\/schema.org\",\"@graph\":[{\"@type\":\"WebPage\",\"@id\":\"https:\/\/systisen.com\/index.php\/product\/estacion-de-trabajo-mixta-cautin-pistola-de-calor-baku\/\",\"url\":\"https:\/\/systisen.com\/index.php\/product\/estacion-de-trabajo-mixta-cautin-pistola-de-calor-baku\/\",\"name\":\"Estaci\u00f3n de trabajo mixta (cautin + pistola de calor) Baku - Systisen\",\"isPartOf\":{\"@id\":\"https:\/\/systisen.com\/#website\"},\"primaryImageOfPage\":{\"@id\":\"https:\/\/systisen.com\/index.php\/product\/estacion-de-trabajo-mixta-cautin-pistola-de-calor-baku\/#primaryimage\"},\"image\":{\"@id\":\"https:\/\/systisen.com\/index.php\/product\/estacion-de-trabajo-mixta-cautin-pistola-de-calor-baku\/#primaryimage\"},\"thumbnailUrl\":\"https:\/\/systisen.com\/wp-content\/uploads\/2025\/08\/37.-Estacion-de-trabajo-mixta_Baku.jpg\",\"datePublished\":\"2025-08-26T17:42:57+00:00\",\"dateModified\":\"2025-09-01T18:50:07+00:00\",\"breadcrumb\":{\"@id\":\"https:\/\/systisen.com\/index.php\/product\/estacion-de-trabajo-mixta-cautin-pistola-de-calor-baku\/#breadcrumb\"},\"inLanguage\":\"es\",\"potentialAction\":[{\"@type\":\"ReadAction\",\"target\":[\"https:\/\/systisen.com\/index.php\/product\/estacion-de-trabajo-mixta-cautin-pistola-de-calor-baku\/\"]}]},{\"@type\":\"ImageObject\",\"inLanguage\":\"es\",\"@id\":\"https:\/\/systisen.com\/index.php\/product\/estacion-de-trabajo-mixta-cautin-pistola-de-calor-baku\/#primaryimage\",\"url\":\"https:\/\/systisen.com\/wp-content\/uploads\/2025\/08\/37.-Estacion-de-trabajo-mixta_Baku.jpg\",\"contentUrl\":\"https:\/\/systisen.com\/wp-content\/uploads\/2025\/08\/37.-Estacion-de-trabajo-mixta_Baku.jpg\",\"width\":1080,\"height\":1080},{\"@type\":\"BreadcrumbList\",\"@id\":\"https:\/\/systisen.com\/index.php\/product\/estacion-de-trabajo-mixta-cautin-pistola-de-calor-baku\/#breadcrumb\",\"itemListElement\":[{\"@type\":\"ListItem\",\"position\":1,\"name\":\"Portada\",\"item\":\"https:\/\/systisen.com\/\"},{\"@type\":\"ListItem\",\"position\":2,\"name\":\"Tienda en l\u00ednea\",\"item\":\"https:\/\/systisen.com\/index.php\/tienda-en-linea\/\"},{\"@type\":\"ListItem\",\"position\":3,\"name\":\"Estaci\u00f3n de trabajo mixta (cautin + pistola de calor) Baku\"}]},{\"@type\":\"WebSite\",\"@id\":\"https:\/\/systisen.com\/#website\",\"url\":\"https:\/\/systisen.com\/\",\"name\":\"Systisen\",\"description\":\"Ingenier\u00eda El\u00e9ctrica y Electr\u00f3nica\",\"publisher\":{\"@id\":\"https:\/\/systisen.com\/#organization\"},\"potentialAction\":[{\"@type\":\"SearchAction\",\"target\":{\"@type\":\"EntryPoint\",\"urlTemplate\":\"https:\/\/systisen.com\/?s={search_term_string}\"},\"query-input\":{\"@type\":\"PropertyValueSpecification\",\"valueRequired\":true,\"valueName\":\"search_term_string\"}}],\"inLanguage\":\"es\"},{\"@type\":\"Organization\",\"@id\":\"https:\/\/systisen.com\/#organization\",\"name\":\"Systisen\",\"url\":\"https:\/\/systisen.com\/\",\"logo\":{\"@type\":\"ImageObject\",\"inLanguage\":\"es\",\"@id\":\"https:\/\/systisen.com\/#\/schema\/logo\/image\/\",\"url\":\"https:\/\/systisen.com\/wp-content\/uploads\/2023\/12\/cropped-logo.png\",\"contentUrl\":\"https:\/\/systisen.com\/wp-content\/uploads\/2023\/12\/cropped-logo.png\",\"width\":371,\"height\":344,\"caption\":\"Systisen\"},\"image\":{\"@id\":\"https:\/\/systisen.com\/#\/schema\/logo\/image\/\"}}]}<\/script>\n<!-- \/ Yoast SEO Premium plugin. -->","yoast_head_json":{"title":"Estaci\u00f3n de trabajo mixta (cautin + pistola de calor) Baku - Systisen","robots":{"index":"index","follow":"follow","max-snippet":"max-snippet:-1","max-image-preview":"max-image-preview:large","max-video-preview":"max-video-preview:-1"},"canonical":"https:\/\/systisen.com\/index.php\/product\/estacion-de-trabajo-mixta-cautin-pistola-de-calor-baku\/","og_locale":"es_ES","og_type":"article","og_title":"Estaci\u00f3n de trabajo mixta (cautin + pistola de calor) Baku","og_description":"Estaci\u00f3n\u00a0 2 en 1 con brazo de aire caliente y cautin, manejan memorias de 3 canales independientes y calibraci\u00f3n\u00a0 por medio del sistema.\u00a0 Material T12 Potencia m\u00e1xima: 540W Voltaje de la fuente de alimentaci\u00f3n: CA 220V ~ 50Hz \/ 110V ~ 60Hz Rango de temperatura de la pistola de calor: 100 \u00b0C-500 \u00b0C\/ 212 \u00b0F-932 [&hellip;]","og_url":"https:\/\/systisen.com\/index.php\/product\/estacion-de-trabajo-mixta-cautin-pistola-de-calor-baku\/","og_site_name":"Systisen","article_modified_time":"2025-09-01T18:50:07+00:00","og_image":[{"width":1080,"height":1080,"url":"http:\/\/systisen.com\/wp-content\/uploads\/2025\/08\/37.-Estacion-de-trabajo-mixta_Baku.jpg","type":"image\/jpeg"}],"twitter_card":"summary_large_image","schema":{"@context":"https:\/\/schema.org","@graph":[{"@type":"WebPage","@id":"https:\/\/systisen.com\/index.php\/product\/estacion-de-trabajo-mixta-cautin-pistola-de-calor-baku\/","url":"https:\/\/systisen.com\/index.php\/product\/estacion-de-trabajo-mixta-cautin-pistola-de-calor-baku\/","name":"Estaci\u00f3n de trabajo mixta (cautin + pistola de calor) Baku - Systisen","isPartOf":{"@id":"https:\/\/systisen.com\/#website"},"primaryImageOfPage":{"@id":"https:\/\/systisen.com\/index.php\/product\/estacion-de-trabajo-mixta-cautin-pistola-de-calor-baku\/#primaryimage"},"image":{"@id":"https:\/\/systisen.com\/index.php\/product\/estacion-de-trabajo-mixta-cautin-pistola-de-calor-baku\/#primaryimage"},"thumbnailUrl":"https:\/\/systisen.com\/wp-content\/uploads\/2025\/08\/37.-Estacion-de-trabajo-mixta_Baku.jpg","datePublished":"2025-08-26T17:42:57+00:00","dateModified":"2025-09-01T18:50:07+00:00","breadcrumb":{"@id":"https:\/\/systisen.com\/index.php\/product\/estacion-de-trabajo-mixta-cautin-pistola-de-calor-baku\/#breadcrumb"},"inLanguage":"es","potentialAction":[{"@type":"ReadAction","target":["https:\/\/systisen.com\/index.php\/product\/estacion-de-trabajo-mixta-cautin-pistola-de-calor-baku\/"]}]},{"@type":"ImageObject","inLanguage":"es","@id":"https:\/\/systisen.com\/index.php\/product\/estacion-de-trabajo-mixta-cautin-pistola-de-calor-baku\/#primaryimage","url":"https:\/\/systisen.com\/wp-content\/uploads\/2025\/08\/37.-Estacion-de-trabajo-mixta_Baku.jpg","contentUrl":"https:\/\/systisen.com\/wp-content\/uploads\/2025\/08\/37.-Estacion-de-trabajo-mixta_Baku.jpg","width":1080,"height":1080},{"@type":"BreadcrumbList","@id":"https:\/\/systisen.com\/index.php\/product\/estacion-de-trabajo-mixta-cautin-pistola-de-calor-baku\/#breadcrumb","itemListElement":[{"@type":"ListItem","position":1,"name":"Portada","item":"https:\/\/systisen.com\/"},{"@type":"ListItem","position":2,"name":"Tienda en l\u00ednea","item":"https:\/\/systisen.com\/index.php\/tienda-en-linea\/"},{"@type":"ListItem","position":3,"name":"Estaci\u00f3n de trabajo mixta (cautin + pistola de calor) Baku"}]},{"@type":"WebSite","@id":"https:\/\/systisen.com\/#website","url":"https:\/\/systisen.com\/","name":"Systisen","description":"Ingenier\u00eda El\u00e9ctrica y Electr\u00f3nica","publisher":{"@id":"https:\/\/systisen.com\/#organization"},"potentialAction":[{"@type":"SearchAction","target":{"@type":"EntryPoint","urlTemplate":"https:\/\/systisen.com\/?s={search_term_string}"},"query-input":{"@type":"PropertyValueSpecification","valueRequired":true,"valueName":"search_term_string"}}],"inLanguage":"es"},{"@type":"Organization","@id":"https:\/\/systisen.com\/#organization","name":"Systisen","url":"https:\/\/systisen.com\/","logo":{"@type":"ImageObject","inLanguage":"es","@id":"https:\/\/systisen.com\/#\/schema\/logo\/image\/","url":"https:\/\/systisen.com\/wp-content\/uploads\/2023\/12\/cropped-logo.png","contentUrl":"https:\/\/systisen.com\/wp-content\/uploads\/2023\/12\/cropped-logo.png","width":371,"height":344,"caption":"Systisen"},"image":{"@id":"https:\/\/systisen.com\/#\/schema\/logo\/image\/"}}]}},"_links":{"self":[{"href":"https:\/\/systisen.com\/index.php\/wp-json\/wp\/v2\/product\/1263","targetHints":{"allow":["GET"]}}],"collection":[{"href":"https:\/\/systisen.com\/index.php\/wp-json\/wp\/v2\/product"}],"about":[{"href":"https:\/\/systisen.com\/index.php\/wp-json\/wp\/v2\/types\/product"}],"wp:featuredmedia":[{"embeddable":true,"href":"https:\/\/systisen.com\/index.php\/wp-json\/wp\/v2\/media\/1161"}],"wp:attachment":[{"href":"https:\/\/systisen.com\/index.php\/wp-json\/wp\/v2\/media?parent=1263"}],"wp:term":[{"taxonomy":"product_brand","embeddable":true,"href":"https:\/\/systisen.com\/index.php\/wp-json\/wp\/v2\/product_brand?post=1263"},{"taxonomy":"product_cat","embeddable":true,"href":"https:\/\/systisen.com\/index.php\/wp-json\/wp\/v2\/product_cat?post=1263"},{"taxonomy":"product_tag","embeddable":true,"href":"https:\/\/systisen.com\/index.php\/wp-json\/wp\/v2\/product_tag?post=1263"}],"curies":[{"name":"wp","href":"https:\/\/api.w.org\/{rel}","templated":true}]}}