{"id":1264,"date":"2025-08-26T12:42:58","date_gmt":"2025-08-26T17:42:58","guid":{"rendered":"https:\/\/systisen.com\/index.php\/product\/pistola-de-calor-profesional-sugon-8620dx\/"},"modified":"2025-09-01T13:50:27","modified_gmt":"2025-09-01T18:50:27","slug":"pistola-de-calor-profesional-sugon-8620dx","status":"publish","type":"product","link":"https:\/\/systisen.com\/index.php\/product\/pistola-de-calor-profesional-sugon-8620dx\/","title":{"rendered":"Pistola de calor profesional SUGON 8620DX"},"content":{"rendered":"<p>Especificaciones  t\u00e9cnicas:<br \/>\nPotencia: 8620DX: 1300 W<br \/>\nFuente: AC110V 50 HZ \/60 HZ<br \/>\nTemperatura: 100\u00b0C- 500\u00b0C 212\u00baF \u2014 932\u00ba5<br \/>\nVolumen de aire rango de engranajes: 8610Dx: 1 ~ 120<br \/>\n8610DX: Nivel 1 ~ 200<br \/>\nDimensiones: 188 (L) * 245 (D) * 135 (H) mm<br \/>\nPeso: 3,65 kg<\/p>\n<p>La pistola de calor profesional Sugon 8620-DX utiliza un interruptor magn\u00e9tico que activa inmediatamente el modo de suspensi\u00f3n cuando el cable del ventilador se coloca sobre el soporte. Este dispositivo cuenta con un sistema de refrigeraci\u00f3n autom\u00e1tico, que permite prolongar la vida \u00fatil del elemento calefactor y del soporte. La configuraci\u00f3n se puede bloquear mediante una contrase\u00f1a, ya que este sensor de circuito cerrado, que no activa el control de temperatura del microordenador, facilita el calentamiento r\u00e1pidamente obteniendo un ajuste preciso de la temperatura que lo estabiliza.<br \/>\nViene con 5 boquillas de aire de diferentes tama\u00f1os en su soporte de cambio f\u00e1cil y r\u00e1pido, con ajuste del volumen de aire, en tres pantallas digitales grandes, una con la funci\u00f3n de temperatura ajustada, la pantalla de temperatura en tiempo real y el control del flujo de aire.<br \/>\nCARACTER\u00cdSTICAS:<br \/>\nTiene CH1, CH2, CH3. CH4 Cuatro canales de trabajo. Puede configurar la temperatura del volumen de aire para cada canal.<br \/>\nTiene una variedad de funciones de protecci\u00f3n y funciones principales de mejora.<br \/>\nCon la funci\u00f3n de suspensi\u00f3n autom\u00e1tica, en estado de inactividad, se pueden configurar los par\u00e1metros<br \/>\nEs f\u00e1cil de operar en tiempo real y tiene un control por interruptor de magnetr\u00f3n.<br \/>\nSi el mango se coloca en la rejilla de manillas, entrar\u00e1 inmediatamente en hibernaci\u00f3n<br \/>\nTiene energ\u00eda latente que act\u00faa autom\u00e1ticamente y el par\u00e1metro se puede aplicar en hibernaci\u00f3n<br \/>\nCircuito cerrado del sensor, control de temperatura con activaci\u00f3n cero del microordenador, alta potencia, calentamiento r\u00e1pido, ajuste de temperatura c\u00f3modo y estable, no se ve afectado por la salida de aire.<br \/>\nLos ventiladores v\u00f3rtice sin escobillas, flujo de aire ajustable, amplio alcance, se pueden adaptar a una variedad de usos<br \/>\nEl sistema est\u00e1 equipado con la funci\u00f3n autom\u00e1tica de enfriamiento de aire de gran volumen, que prolonga la vida \u00fatil del cuerpo calefactor y protege el mango del aire caliente<br \/>\nEl producto tiene una funci\u00f3n de calibraci\u00f3n de temperatura. El paquete<\/p>\n<p>incluye:<br \/>\n1 pistola de calor Sugon 8620-DX 1300W 220 V<br \/>\nRework Station 1 soporte para el cable met\u00e1lico del ventilador.<br \/>\n4 boquillas de aire rectas de 4,9 mm, 6,7 mm, 9,9 mm, 11,8 mm<br \/>\n2 boquillas de aire en espiral de 7,9 mm a 9,6 mm.<br \/>\n1 Cable de conexi\u00f3n a tierra.<br \/>\n1 Cable de alimentaci\u00f3n.<\/p>\n","protected":false},"excerpt":{"rendered":"<p>Especificaciones t\u00e9cnicas: Potencia: 8620DX: 1300 W Fuente: AC110V 50 HZ \/60 HZ Temperatura: 100\u00b0C- 500\u00b0C 212\u00baF \u2014 932\u00ba5 Volumen de aire rango de engranajes: 8610Dx: 1 ~ 120 8610DX: Nivel 1 ~ 200 Dimensiones: 188 (L) * 245 (D) * 135 (H) mm Peso: 3,65 kg La pistola de calor profesional Sugon 8620-DX utiliza un [&hellip;]<\/p>\n","protected":false},"featured_media":1162,"template":"","meta":{"site-sidebar-layout":"default","site-content-layout":"","ast-site-content-layout":"default","site-content-style":"default","site-sidebar-style":"default","ast-global-header-display":"","ast-banner-title-visibility":"","ast-main-header-display":"","ast-hfb-above-header-display":"","ast-hfb-below-header-display":"","ast-hfb-mobile-header-display":"","site-post-title":"","ast-breadcrumbs-content":"","ast-featured-img":"","footer-sml-layout":"","theme-transparent-header-meta":"","adv-header-id-meta":"","stick-header-meta":"","header-above-stick-meta":"","header-main-stick-meta":"","header-below-stick-meta":"","astra-migrate-meta-layouts":"default","ast-page-background-enabled":"default","ast-page-background-meta":{"desktop":{"background-color":"var(--ast-global-color-4)","background-image":"","background-repeat":"repeat","background-position":"center center","background-size":"auto","background-attachment":"scroll","background-type":"","background-media":"","overlay-type":"","overlay-color":"","overlay-opacity":"","overlay-gradient":""},"tablet":{"background-color":"","background-image":"","background-repeat":"repeat","background-position":"center center","background-size":"auto","background-attachment":"scroll","background-type":"","background-media":"","overlay-type":"","overlay-color":"","overlay-opacity":"","overlay-gradient":""},"mobile":{"background-color":"","background-image":"","background-repeat":"repeat","background-position":"center center","background-size":"auto","background-attachment":"scroll","background-type":"","background-media":"","overlay-type":"","overlay-color":"","overlay-opacity":"","overlay-gradient":""}},"ast-content-background-meta":{"desktop":{"background-color":"var(--ast-global-color-5)","background-image":"","background-repeat":"repeat","background-position":"center center","background-size":"auto","background-attachment":"scroll","background-type":"","background-media":"","overlay-type":"","overlay-color":"","overlay-opacity":"","overlay-gradient":""},"tablet":{"background-color":"var(--ast-global-color-5)","background-image":"","background-repeat":"repeat","background-position":"center center","background-size":"auto","background-attachment":"scroll","background-type":"","background-media":"","overlay-type":"","overlay-color":"","overlay-opacity":"","overlay-gradient":""},"mobile":{"background-color":"var(--ast-global-color-5)","background-image":"","background-repeat":"repeat","background-position":"center center","background-size":"auto","background-attachment":"scroll","background-type":"","background-media":"","overlay-type":"","overlay-color":"","overlay-opacity":"","overlay-gradient":""}},"_joinchat":[]},"product_brand":[],"product_cat":[68],"product_tag":[71],"class_list":{"0":"post-1264","1":"product","2":"type-product","3":"status-publish","4":"has-post-thumbnail","6":"product_cat-equipos-para-mantenimiento-y-reparaciones","7":"product_tag-pistola-de-calor-profesional-sugon-8620dx","8":"desktop-align-left","9":"tablet-align-left","10":"mobile-align-left","12":"first","13":"instock","14":"taxable","15":"shipping-taxable","16":"product-type-simple"},"yoast_head":"<!-- This site is optimized with the Yoast SEO Premium plugin v21.5 (Yoast SEO v25.7) - https:\/\/yoast.com\/wordpress\/plugins\/seo\/ -->\n<title>Pistola de calor profesional SUGON 8620DX - Systisen<\/title>\n<meta name=\"robots\" content=\"index, follow, max-snippet:-1, max-image-preview:large, max-video-preview:-1\" \/>\n<link rel=\"canonical\" href=\"https:\/\/systisen.com\/index.php\/product\/pistola-de-calor-profesional-sugon-8620dx\/\" \/>\n<meta property=\"og:locale\" content=\"es_ES\" \/>\n<meta property=\"og:type\" content=\"article\" \/>\n<meta property=\"og:title\" content=\"Pistola de calor profesional SUGON 8620DX\" \/>\n<meta property=\"og:description\" content=\"Especificaciones t\u00e9cnicas: Potencia: 8620DX: 1300 W Fuente: AC110V 50 HZ \/60 HZ Temperatura: 100\u00b0C- 500\u00b0C 212\u00baF \u2014 932\u00ba5 Volumen de aire rango de engranajes: 8610Dx: 1 ~ 120 8610DX: Nivel 1 ~ 200 Dimensiones: 188 (L) * 245 (D) * 135 (H) mm Peso: 3,65 kg La pistola de calor profesional Sugon 8620-DX utiliza un [&hellip;]\" \/>\n<meta property=\"og:url\" content=\"https:\/\/systisen.com\/index.php\/product\/pistola-de-calor-profesional-sugon-8620dx\/\" \/>\n<meta property=\"og:site_name\" content=\"Systisen\" \/>\n<meta property=\"article:modified_time\" content=\"2025-09-01T18:50:27+00:00\" \/>\n<meta property=\"og:image\" content=\"http:\/\/systisen.com\/wp-content\/uploads\/2025\/08\/38.-Pistola-de-calor-profesional_F.jpg\" \/>\n\t<meta property=\"og:image:width\" content=\"1080\" \/>\n\t<meta property=\"og:image:height\" content=\"1080\" \/>\n\t<meta property=\"og:image:type\" content=\"image\/jpeg\" \/>\n<meta name=\"twitter:card\" content=\"summary_large_image\" \/>\n<meta name=\"twitter:label1\" content=\"Tiempo de lectura\" \/>\n\t<meta name=\"twitter:data1\" content=\"2 minutos\" \/>\n<script type=\"application\/ld+json\" class=\"yoast-schema-graph\">{\"@context\":\"https:\/\/schema.org\",\"@graph\":[{\"@type\":\"WebPage\",\"@id\":\"https:\/\/systisen.com\/index.php\/product\/pistola-de-calor-profesional-sugon-8620dx\/\",\"url\":\"https:\/\/systisen.com\/index.php\/product\/pistola-de-calor-profesional-sugon-8620dx\/\",\"name\":\"Pistola de calor profesional SUGON 8620DX - Systisen\",\"isPartOf\":{\"@id\":\"https:\/\/systisen.com\/#website\"},\"primaryImageOfPage\":{\"@id\":\"https:\/\/systisen.com\/index.php\/product\/pistola-de-calor-profesional-sugon-8620dx\/#primaryimage\"},\"image\":{\"@id\":\"https:\/\/systisen.com\/index.php\/product\/pistola-de-calor-profesional-sugon-8620dx\/#primaryimage\"},\"thumbnailUrl\":\"https:\/\/systisen.com\/wp-content\/uploads\/2025\/08\/38.-Pistola-de-calor-profesional_F.jpg\",\"datePublished\":\"2025-08-26T17:42:58+00:00\",\"dateModified\":\"2025-09-01T18:50:27+00:00\",\"breadcrumb\":{\"@id\":\"https:\/\/systisen.com\/index.php\/product\/pistola-de-calor-profesional-sugon-8620dx\/#breadcrumb\"},\"inLanguage\":\"es\",\"potentialAction\":[{\"@type\":\"ReadAction\",\"target\":[\"https:\/\/systisen.com\/index.php\/product\/pistola-de-calor-profesional-sugon-8620dx\/\"]}]},{\"@type\":\"ImageObject\",\"inLanguage\":\"es\",\"@id\":\"https:\/\/systisen.com\/index.php\/product\/pistola-de-calor-profesional-sugon-8620dx\/#primaryimage\",\"url\":\"https:\/\/systisen.com\/wp-content\/uploads\/2025\/08\/38.-Pistola-de-calor-profesional_F.jpg\",\"contentUrl\":\"https:\/\/systisen.com\/wp-content\/uploads\/2025\/08\/38.-Pistola-de-calor-profesional_F.jpg\",\"width\":1080,\"height\":1080},{\"@type\":\"BreadcrumbList\",\"@id\":\"https:\/\/systisen.com\/index.php\/product\/pistola-de-calor-profesional-sugon-8620dx\/#breadcrumb\",\"itemListElement\":[{\"@type\":\"ListItem\",\"position\":1,\"name\":\"Portada\",\"item\":\"https:\/\/systisen.com\/\"},{\"@type\":\"ListItem\",\"position\":2,\"name\":\"Tienda en l\u00ednea\",\"item\":\"https:\/\/systisen.com\/index.php\/tienda-en-linea\/\"},{\"@type\":\"ListItem\",\"position\":3,\"name\":\"Pistola de calor profesional SUGON 8620DX\"}]},{\"@type\":\"WebSite\",\"@id\":\"https:\/\/systisen.com\/#website\",\"url\":\"https:\/\/systisen.com\/\",\"name\":\"Systisen\",\"description\":\"Ingenier\u00eda El\u00e9ctrica y Electr\u00f3nica\",\"publisher\":{\"@id\":\"https:\/\/systisen.com\/#organization\"},\"potentialAction\":[{\"@type\":\"SearchAction\",\"target\":{\"@type\":\"EntryPoint\",\"urlTemplate\":\"https:\/\/systisen.com\/?s={search_term_string}\"},\"query-input\":{\"@type\":\"PropertyValueSpecification\",\"valueRequired\":true,\"valueName\":\"search_term_string\"}}],\"inLanguage\":\"es\"},{\"@type\":\"Organization\",\"@id\":\"https:\/\/systisen.com\/#organization\",\"name\":\"Systisen\",\"url\":\"https:\/\/systisen.com\/\",\"logo\":{\"@type\":\"ImageObject\",\"inLanguage\":\"es\",\"@id\":\"https:\/\/systisen.com\/#\/schema\/logo\/image\/\",\"url\":\"https:\/\/systisen.com\/wp-content\/uploads\/2023\/12\/cropped-logo.png\",\"contentUrl\":\"https:\/\/systisen.com\/wp-content\/uploads\/2023\/12\/cropped-logo.png\",\"width\":371,\"height\":344,\"caption\":\"Systisen\"},\"image\":{\"@id\":\"https:\/\/systisen.com\/#\/schema\/logo\/image\/\"}}]}<\/script>\n<!-- \/ Yoast SEO Premium plugin. -->","yoast_head_json":{"title":"Pistola de calor profesional SUGON 8620DX - Systisen","robots":{"index":"index","follow":"follow","max-snippet":"max-snippet:-1","max-image-preview":"max-image-preview:large","max-video-preview":"max-video-preview:-1"},"canonical":"https:\/\/systisen.com\/index.php\/product\/pistola-de-calor-profesional-sugon-8620dx\/","og_locale":"es_ES","og_type":"article","og_title":"Pistola de calor profesional SUGON 8620DX","og_description":"Especificaciones t\u00e9cnicas: Potencia: 8620DX: 1300 W Fuente: AC110V 50 HZ \/60 HZ Temperatura: 100\u00b0C- 500\u00b0C 212\u00baF \u2014 932\u00ba5 Volumen de aire rango de engranajes: 8610Dx: 1 ~ 120 8610DX: Nivel 1 ~ 200 Dimensiones: 188 (L) * 245 (D) * 135 (H) mm Peso: 3,65 kg La pistola de calor profesional Sugon 8620-DX utiliza un [&hellip;]","og_url":"https:\/\/systisen.com\/index.php\/product\/pistola-de-calor-profesional-sugon-8620dx\/","og_site_name":"Systisen","article_modified_time":"2025-09-01T18:50:27+00:00","og_image":[{"width":1080,"height":1080,"url":"http:\/\/systisen.com\/wp-content\/uploads\/2025\/08\/38.-Pistola-de-calor-profesional_F.jpg","type":"image\/jpeg"}],"twitter_card":"summary_large_image","twitter_misc":{"Tiempo de lectura":"2 minutos"},"schema":{"@context":"https:\/\/schema.org","@graph":[{"@type":"WebPage","@id":"https:\/\/systisen.com\/index.php\/product\/pistola-de-calor-profesional-sugon-8620dx\/","url":"https:\/\/systisen.com\/index.php\/product\/pistola-de-calor-profesional-sugon-8620dx\/","name":"Pistola de calor profesional SUGON 8620DX - Systisen","isPartOf":{"@id":"https:\/\/systisen.com\/#website"},"primaryImageOfPage":{"@id":"https:\/\/systisen.com\/index.php\/product\/pistola-de-calor-profesional-sugon-8620dx\/#primaryimage"},"image":{"@id":"https:\/\/systisen.com\/index.php\/product\/pistola-de-calor-profesional-sugon-8620dx\/#primaryimage"},"thumbnailUrl":"https:\/\/systisen.com\/wp-content\/uploads\/2025\/08\/38.-Pistola-de-calor-profesional_F.jpg","datePublished":"2025-08-26T17:42:58+00:00","dateModified":"2025-09-01T18:50:27+00:00","breadcrumb":{"@id":"https:\/\/systisen.com\/index.php\/product\/pistola-de-calor-profesional-sugon-8620dx\/#breadcrumb"},"inLanguage":"es","potentialAction":[{"@type":"ReadAction","target":["https:\/\/systisen.com\/index.php\/product\/pistola-de-calor-profesional-sugon-8620dx\/"]}]},{"@type":"ImageObject","inLanguage":"es","@id":"https:\/\/systisen.com\/index.php\/product\/pistola-de-calor-profesional-sugon-8620dx\/#primaryimage","url":"https:\/\/systisen.com\/wp-content\/uploads\/2025\/08\/38.-Pistola-de-calor-profesional_F.jpg","contentUrl":"https:\/\/systisen.com\/wp-content\/uploads\/2025\/08\/38.-Pistola-de-calor-profesional_F.jpg","width":1080,"height":1080},{"@type":"BreadcrumbList","@id":"https:\/\/systisen.com\/index.php\/product\/pistola-de-calor-profesional-sugon-8620dx\/#breadcrumb","itemListElement":[{"@type":"ListItem","position":1,"name":"Portada","item":"https:\/\/systisen.com\/"},{"@type":"ListItem","position":2,"name":"Tienda en l\u00ednea","item":"https:\/\/systisen.com\/index.php\/tienda-en-linea\/"},{"@type":"ListItem","position":3,"name":"Pistola de calor profesional SUGON 8620DX"}]},{"@type":"WebSite","@id":"https:\/\/systisen.com\/#website","url":"https:\/\/systisen.com\/","name":"Systisen","description":"Ingenier\u00eda El\u00e9ctrica y Electr\u00f3nica","publisher":{"@id":"https:\/\/systisen.com\/#organization"},"potentialAction":[{"@type":"SearchAction","target":{"@type":"EntryPoint","urlTemplate":"https:\/\/systisen.com\/?s={search_term_string}"},"query-input":{"@type":"PropertyValueSpecification","valueRequired":true,"valueName":"search_term_string"}}],"inLanguage":"es"},{"@type":"Organization","@id":"https:\/\/systisen.com\/#organization","name":"Systisen","url":"https:\/\/systisen.com\/","logo":{"@type":"ImageObject","inLanguage":"es","@id":"https:\/\/systisen.com\/#\/schema\/logo\/image\/","url":"https:\/\/systisen.com\/wp-content\/uploads\/2023\/12\/cropped-logo.png","contentUrl":"https:\/\/systisen.com\/wp-content\/uploads\/2023\/12\/cropped-logo.png","width":371,"height":344,"caption":"Systisen"},"image":{"@id":"https:\/\/systisen.com\/#\/schema\/logo\/image\/"}}]}},"_links":{"self":[{"href":"https:\/\/systisen.com\/index.php\/wp-json\/wp\/v2\/product\/1264","targetHints":{"allow":["GET"]}}],"collection":[{"href":"https:\/\/systisen.com\/index.php\/wp-json\/wp\/v2\/product"}],"about":[{"href":"https:\/\/systisen.com\/index.php\/wp-json\/wp\/v2\/types\/product"}],"wp:featuredmedia":[{"embeddable":true,"href":"https:\/\/systisen.com\/index.php\/wp-json\/wp\/v2\/media\/1162"}],"wp:attachment":[{"href":"https:\/\/systisen.com\/index.php\/wp-json\/wp\/v2\/media?parent=1264"}],"wp:term":[{"taxonomy":"product_brand","embeddable":true,"href":"https:\/\/systisen.com\/index.php\/wp-json\/wp\/v2\/product_brand?post=1264"},{"taxonomy":"product_cat","embeddable":true,"href":"https:\/\/systisen.com\/index.php\/wp-json\/wp\/v2\/product_cat?post=1264"},{"taxonomy":"product_tag","embeddable":true,"href":"https:\/\/systisen.com\/index.php\/wp-json\/wp\/v2\/product_tag?post=1264"}],"curies":[{"name":"wp","href":"https:\/\/api.w.org\/{rel}","templated":true}]}}