{"id":1266,"date":"2025-08-26T12:43:00","date_gmt":"2025-08-26T17:43:00","guid":{"rendered":"https:\/\/systisen.com\/index.php\/product\/set-de-herramientas-destornilladores-de-precision-13-en-1-sunshine-ss-5102\/"},"modified":"2025-08-26T12:43:02","modified_gmt":"2025-08-26T17:43:02","slug":"set-de-herramientas-destornilladores-de-precision-13-en-1-sunshine-ss-5102","status":"publish","type":"product","link":"https:\/\/systisen.com\/index.php\/product\/set-de-herramientas-destornilladores-de-precision-13-en-1-sunshine-ss-5102\/","title":{"rendered":"Set de herramientas destornilladores de precisi\u00f3n 13 en 1 SUNSHINE SS-5102"},"content":{"rendered":"<p>La punta del tornillo est\u00e1 hecha de material S2 con mayor dureza.<\/p>\n<p>Hecho por CNC, m\u00e1s preciso.<\/p>\n<p>El mango est\u00e1 hecho de aleaci\u00f3n. Dise\u00f1o ergon\u00f3mico para facilitar su uso .<\/p>\n<p>La base se puede girar 360 grados y es muy f\u00e1cil de operar.<\/p>\n<p>Ajusta la longitud seg\u00fan sea necesario mediante la extensi\u00f3n del v\u00e1stago del mango.<\/p>\n<p>Contiene 10 puntas de tornillo y herramientas de apertura adecuadas para todos los tel\u00e9fonos inteligentes.<\/p>\n","protected":false},"excerpt":{"rendered":"<p>La punta del tornillo est\u00e1 hecha de material S2 con mayor dureza. Hecho por CNC, m\u00e1s preciso. El mango est\u00e1 hecho de aleaci\u00f3n. Dise\u00f1o ergon\u00f3mico para facilitar su uso . La base se puede girar 360 grados y es muy f\u00e1cil de operar. Ajusta la longitud seg\u00fan sea necesario mediante la extensi\u00f3n del v\u00e1stago del [&hellip;]<\/p>\n","protected":false},"featured_media":1123,"template":"","meta":{"site-sidebar-layout":"default","site-content-layout":"","ast-site-content-layout":"default","site-content-style":"default","site-sidebar-style":"default","ast-global-header-display":"","ast-banner-title-visibility":"","ast-main-header-display":"","ast-hfb-above-header-display":"","ast-hfb-below-header-display":"","ast-hfb-mobile-header-display":"","site-post-title":"","ast-breadcrumbs-content":"","ast-featured-img":"","footer-sml-layout":"","theme-transparent-header-meta":"","adv-header-id-meta":"","stick-header-meta":"","header-above-stick-meta":"","header-main-stick-meta":"","header-below-stick-meta":"","astra-migrate-meta-layouts":"default","ast-page-background-enabled":"default","ast-page-background-meta":{"desktop":{"background-color":"var(--ast-global-color-4)","background-image":"","background-repeat":"repeat","background-position":"center center","background-size":"auto","background-attachment":"scroll","background-type":"","background-media":"","overlay-type":"","overlay-color":"","overlay-opacity":"","overlay-gradient":""},"tablet":{"background-color":"","background-image":"","background-repeat":"repeat","background-position":"center center","background-size":"auto","background-attachment":"scroll","background-type":"","background-media":"","overlay-type":"","overlay-color":"","overlay-opacity":"","overlay-gradient":""},"mobile":{"background-color":"","background-image":"","background-repeat":"repeat","background-position":"center center","background-size":"auto","background-attachment":"scroll","background-type":"","background-media":"","overlay-type":"","overlay-color":"","overlay-opacity":"","overlay-gradient":""}},"ast-content-background-meta":{"desktop":{"background-color":"var(--ast-global-color-5)","background-image":"","background-repeat":"repeat","background-position":"center center","background-size":"auto","background-attachment":"scroll","background-type":"","background-media":"","overlay-type":"","overlay-color":"","overlay-opacity":"","overlay-gradient":""},"tablet":{"background-color":"var(--ast-global-color-5)","background-image":"","background-repeat":"repeat","background-position":"center center","background-size":"auto","background-attachment":"scroll","background-type":"","background-media":"","overlay-type":"","overlay-color":"","overlay-opacity":"","overlay-gradient":""},"mobile":{"background-color":"var(--ast-global-color-5)","background-image":"","background-repeat":"repeat","background-position":"center center","background-size":"auto","background-attachment":"scroll","background-type":"","background-media":"","overlay-type":"","overlay-color":"","overlay-opacity":"","overlay-gradient":""}},"_joinchat":[]},"product_brand":[],"product_cat":[73],"product_tag":[74],"class_list":{"0":"post-1266","1":"product","2":"type-product","3":"status-publish","4":"has-post-thumbnail","6":"product_cat-herramientas","7":"product_tag-set-de-herramientas-destornilladores-de-precision-13-en-1-sunshine-ss-5102","8":"desktop-align-left","9":"tablet-align-left","10":"mobile-align-left","12":"first","13":"instock","14":"taxable","15":"shipping-taxable","16":"purchasable","17":"product-type-simple"},"yoast_head":"<!-- This site is optimized with the Yoast SEO Premium plugin v21.5 (Yoast SEO v25.7) - https:\/\/yoast.com\/wordpress\/plugins\/seo\/ -->\n<title>Set de herramientas destornilladores de precisi\u00f3n 13 en 1 SUNSHINE SS-5102 - Systisen<\/title>\n<meta name=\"robots\" content=\"index, follow, max-snippet:-1, max-image-preview:large, max-video-preview:-1\" \/>\n<link rel=\"canonical\" href=\"https:\/\/systisen.com\/index.php\/product\/set-de-herramientas-destornilladores-de-precision-13-en-1-sunshine-ss-5102\/\" \/>\n<meta property=\"og:locale\" content=\"es_ES\" \/>\n<meta property=\"og:type\" content=\"article\" \/>\n<meta property=\"og:title\" content=\"Set de herramientas destornilladores de precisi\u00f3n 13 en 1 SUNSHINE SS-5102\" \/>\n<meta property=\"og:description\" content=\"La punta del tornillo est\u00e1 hecha de material S2 con mayor dureza. Hecho por CNC, m\u00e1s preciso. El mango est\u00e1 hecho de aleaci\u00f3n. Dise\u00f1o ergon\u00f3mico para facilitar su uso . La base se puede girar 360 grados y es muy f\u00e1cil de operar. Ajusta la longitud seg\u00fan sea necesario mediante la extensi\u00f3n del v\u00e1stago del [&hellip;]\" \/>\n<meta property=\"og:url\" content=\"https:\/\/systisen.com\/index.php\/product\/set-de-herramientas-destornilladores-de-precision-13-en-1-sunshine-ss-5102\/\" \/>\n<meta property=\"og:site_name\" content=\"Systisen\" \/>\n<meta property=\"article:modified_time\" content=\"2025-08-26T17:43:02+00:00\" \/>\n<meta name=\"twitter:card\" content=\"summary_large_image\" \/>\n<script type=\"application\/ld+json\" class=\"yoast-schema-graph\">{\"@context\":\"https:\/\/schema.org\",\"@graph\":[{\"@type\":\"WebPage\",\"@id\":\"https:\/\/systisen.com\/index.php\/product\/set-de-herramientas-destornilladores-de-precision-13-en-1-sunshine-ss-5102\/\",\"url\":\"https:\/\/systisen.com\/index.php\/product\/set-de-herramientas-destornilladores-de-precision-13-en-1-sunshine-ss-5102\/\",\"name\":\"Set de herramientas destornilladores de precisi\u00f3n 13 en 1 SUNSHINE SS-5102 - Systisen\",\"isPartOf\":{\"@id\":\"https:\/\/systisen.com\/#website\"},\"primaryImageOfPage\":{\"@id\":\"https:\/\/systisen.com\/index.php\/product\/set-de-herramientas-destornilladores-de-precision-13-en-1-sunshine-ss-5102\/#primaryimage\"},\"image\":{\"@id\":\"https:\/\/systisen.com\/index.php\/product\/set-de-herramientas-destornilladores-de-precision-13-en-1-sunshine-ss-5102\/#primaryimage\"},\"thumbnailUrl\":\"https:\/\/systisen.com\/wp-content\/uploads\/2025\/08\/40.-Set-SUNSHINE-SS-5102_F.jpg\",\"datePublished\":\"2025-08-26T17:43:00+00:00\",\"dateModified\":\"2025-08-26T17:43:02+00:00\",\"breadcrumb\":{\"@id\":\"https:\/\/systisen.com\/index.php\/product\/set-de-herramientas-destornilladores-de-precision-13-en-1-sunshine-ss-5102\/#breadcrumb\"},\"inLanguage\":\"es\",\"potentialAction\":[{\"@type\":\"ReadAction\",\"target\":[\"https:\/\/systisen.com\/index.php\/product\/set-de-herramientas-destornilladores-de-precision-13-en-1-sunshine-ss-5102\/\"]}]},{\"@type\":\"ImageObject\",\"inLanguage\":\"es\",\"@id\":\"https:\/\/systisen.com\/index.php\/product\/set-de-herramientas-destornilladores-de-precision-13-en-1-sunshine-ss-5102\/#primaryimage\",\"url\":\"https:\/\/systisen.com\/wp-content\/uploads\/2025\/08\/40.-Set-SUNSHINE-SS-5102_F.jpg\",\"contentUrl\":\"https:\/\/systisen.com\/wp-content\/uploads\/2025\/08\/40.-Set-SUNSHINE-SS-5102_F.jpg\",\"width\":1080,\"height\":1080},{\"@type\":\"BreadcrumbList\",\"@id\":\"https:\/\/systisen.com\/index.php\/product\/set-de-herramientas-destornilladores-de-precision-13-en-1-sunshine-ss-5102\/#breadcrumb\",\"itemListElement\":[{\"@type\":\"ListItem\",\"position\":1,\"name\":\"Portada\",\"item\":\"https:\/\/systisen.com\/\"},{\"@type\":\"ListItem\",\"position\":2,\"name\":\"Tienda en l\u00ednea\",\"item\":\"https:\/\/systisen.com\/index.php\/tienda-en-linea\/\"},{\"@type\":\"ListItem\",\"position\":3,\"name\":\"Set de herramientas destornilladores de precisi\u00f3n 13 en 1 SUNSHINE SS-5102\"}]},{\"@type\":\"WebSite\",\"@id\":\"https:\/\/systisen.com\/#website\",\"url\":\"https:\/\/systisen.com\/\",\"name\":\"Systisen\",\"description\":\"Ingenier\u00eda El\u00e9ctrica y Electr\u00f3nica\",\"publisher\":{\"@id\":\"https:\/\/systisen.com\/#organization\"},\"potentialAction\":[{\"@type\":\"SearchAction\",\"target\":{\"@type\":\"EntryPoint\",\"urlTemplate\":\"https:\/\/systisen.com\/?s={search_term_string}\"},\"query-input\":{\"@type\":\"PropertyValueSpecification\",\"valueRequired\":true,\"valueName\":\"search_term_string\"}}],\"inLanguage\":\"es\"},{\"@type\":\"Organization\",\"@id\":\"https:\/\/systisen.com\/#organization\",\"name\":\"Systisen\",\"url\":\"https:\/\/systisen.com\/\",\"logo\":{\"@type\":\"ImageObject\",\"inLanguage\":\"es\",\"@id\":\"https:\/\/systisen.com\/#\/schema\/logo\/image\/\",\"url\":\"https:\/\/systisen.com\/wp-content\/uploads\/2023\/12\/cropped-logo.png\",\"contentUrl\":\"https:\/\/systisen.com\/wp-content\/uploads\/2023\/12\/cropped-logo.png\",\"width\":371,\"height\":344,\"caption\":\"Systisen\"},\"image\":{\"@id\":\"https:\/\/systisen.com\/#\/schema\/logo\/image\/\"}}]}<\/script>\n<!-- \/ Yoast SEO Premium plugin. -->","yoast_head_json":{"title":"Set de herramientas destornilladores de precisi\u00f3n 13 en 1 SUNSHINE SS-5102 - Systisen","robots":{"index":"index","follow":"follow","max-snippet":"max-snippet:-1","max-image-preview":"max-image-preview:large","max-video-preview":"max-video-preview:-1"},"canonical":"https:\/\/systisen.com\/index.php\/product\/set-de-herramientas-destornilladores-de-precision-13-en-1-sunshine-ss-5102\/","og_locale":"es_ES","og_type":"article","og_title":"Set de herramientas destornilladores de precisi\u00f3n 13 en 1 SUNSHINE SS-5102","og_description":"La punta del tornillo est\u00e1 hecha de material S2 con mayor dureza. Hecho por CNC, m\u00e1s preciso. El mango est\u00e1 hecho de aleaci\u00f3n. Dise\u00f1o ergon\u00f3mico para facilitar su uso . La base se puede girar 360 grados y es muy f\u00e1cil de operar. Ajusta la longitud seg\u00fan sea necesario mediante la extensi\u00f3n del v\u00e1stago del [&hellip;]","og_url":"https:\/\/systisen.com\/index.php\/product\/set-de-herramientas-destornilladores-de-precision-13-en-1-sunshine-ss-5102\/","og_site_name":"Systisen","article_modified_time":"2025-08-26T17:43:02+00:00","twitter_card":"summary_large_image","schema":{"@context":"https:\/\/schema.org","@graph":[{"@type":"WebPage","@id":"https:\/\/systisen.com\/index.php\/product\/set-de-herramientas-destornilladores-de-precision-13-en-1-sunshine-ss-5102\/","url":"https:\/\/systisen.com\/index.php\/product\/set-de-herramientas-destornilladores-de-precision-13-en-1-sunshine-ss-5102\/","name":"Set de herramientas destornilladores de precisi\u00f3n 13 en 1 SUNSHINE SS-5102 - Systisen","isPartOf":{"@id":"https:\/\/systisen.com\/#website"},"primaryImageOfPage":{"@id":"https:\/\/systisen.com\/index.php\/product\/set-de-herramientas-destornilladores-de-precision-13-en-1-sunshine-ss-5102\/#primaryimage"},"image":{"@id":"https:\/\/systisen.com\/index.php\/product\/set-de-herramientas-destornilladores-de-precision-13-en-1-sunshine-ss-5102\/#primaryimage"},"thumbnailUrl":"https:\/\/systisen.com\/wp-content\/uploads\/2025\/08\/40.-Set-SUNSHINE-SS-5102_F.jpg","datePublished":"2025-08-26T17:43:00+00:00","dateModified":"2025-08-26T17:43:02+00:00","breadcrumb":{"@id":"https:\/\/systisen.com\/index.php\/product\/set-de-herramientas-destornilladores-de-precision-13-en-1-sunshine-ss-5102\/#breadcrumb"},"inLanguage":"es","potentialAction":[{"@type":"ReadAction","target":["https:\/\/systisen.com\/index.php\/product\/set-de-herramientas-destornilladores-de-precision-13-en-1-sunshine-ss-5102\/"]}]},{"@type":"ImageObject","inLanguage":"es","@id":"https:\/\/systisen.com\/index.php\/product\/set-de-herramientas-destornilladores-de-precision-13-en-1-sunshine-ss-5102\/#primaryimage","url":"https:\/\/systisen.com\/wp-content\/uploads\/2025\/08\/40.-Set-SUNSHINE-SS-5102_F.jpg","contentUrl":"https:\/\/systisen.com\/wp-content\/uploads\/2025\/08\/40.-Set-SUNSHINE-SS-5102_F.jpg","width":1080,"height":1080},{"@type":"BreadcrumbList","@id":"https:\/\/systisen.com\/index.php\/product\/set-de-herramientas-destornilladores-de-precision-13-en-1-sunshine-ss-5102\/#breadcrumb","itemListElement":[{"@type":"ListItem","position":1,"name":"Portada","item":"https:\/\/systisen.com\/"},{"@type":"ListItem","position":2,"name":"Tienda en l\u00ednea","item":"https:\/\/systisen.com\/index.php\/tienda-en-linea\/"},{"@type":"ListItem","position":3,"name":"Set de herramientas destornilladores de precisi\u00f3n 13 en 1 SUNSHINE SS-5102"}]},{"@type":"WebSite","@id":"https:\/\/systisen.com\/#website","url":"https:\/\/systisen.com\/","name":"Systisen","description":"Ingenier\u00eda El\u00e9ctrica y Electr\u00f3nica","publisher":{"@id":"https:\/\/systisen.com\/#organization"},"potentialAction":[{"@type":"SearchAction","target":{"@type":"EntryPoint","urlTemplate":"https:\/\/systisen.com\/?s={search_term_string}"},"query-input":{"@type":"PropertyValueSpecification","valueRequired":true,"valueName":"search_term_string"}}],"inLanguage":"es"},{"@type":"Organization","@id":"https:\/\/systisen.com\/#organization","name":"Systisen","url":"https:\/\/systisen.com\/","logo":{"@type":"ImageObject","inLanguage":"es","@id":"https:\/\/systisen.com\/#\/schema\/logo\/image\/","url":"https:\/\/systisen.com\/wp-content\/uploads\/2023\/12\/cropped-logo.png","contentUrl":"https:\/\/systisen.com\/wp-content\/uploads\/2023\/12\/cropped-logo.png","width":371,"height":344,"caption":"Systisen"},"image":{"@id":"https:\/\/systisen.com\/#\/schema\/logo\/image\/"}}]}},"_links":{"self":[{"href":"https:\/\/systisen.com\/index.php\/wp-json\/wp\/v2\/product\/1266","targetHints":{"allow":["GET"]}}],"collection":[{"href":"https:\/\/systisen.com\/index.php\/wp-json\/wp\/v2\/product"}],"about":[{"href":"https:\/\/systisen.com\/index.php\/wp-json\/wp\/v2\/types\/product"}],"wp:featuredmedia":[{"embeddable":true,"href":"https:\/\/systisen.com\/index.php\/wp-json\/wp\/v2\/media\/1123"}],"wp:attachment":[{"href":"https:\/\/systisen.com\/index.php\/wp-json\/wp\/v2\/media?parent=1266"}],"wp:term":[{"taxonomy":"product_brand","embeddable":true,"href":"https:\/\/systisen.com\/index.php\/wp-json\/wp\/v2\/product_brand?post=1266"},{"taxonomy":"product_cat","embeddable":true,"href":"https:\/\/systisen.com\/index.php\/wp-json\/wp\/v2\/product_cat?post=1266"},{"taxonomy":"product_tag","embeddable":true,"href":"https:\/\/systisen.com\/index.php\/wp-json\/wp\/v2\/product_tag?post=1266"}],"curies":[{"name":"wp","href":"https:\/\/api.w.org\/{rel}","templated":true}]}}